{"id":5497,"date":"2024-08-01T07:28:34","date_gmt":"2024-08-01T07:28:34","guid":{"rendered":"https:\/\/matilan.at\/?page_id=5497"},"modified":"2024-08-02T12:04:48","modified_gmt":"2024-08-02T12:04:48","slug":"security-training","status":"publish","type":"page","link":"https:\/\/matilan.at\/en\/security-training","title":{"rendered":"Security Training and Courses"},"content":{"rendered":"<div data-elementor-type=\"wp-page\" data-elementor-id=\"5497\" class=\"elementor elementor-5497\" data-elementor-post-type=\"page\">\n\t\t\t\t\t\t<section class=\"elementor-section elementor-top-section elementor-element elementor-element-79cff3cc elementor-section-height-min-height elementor-section-boxed elementor-section-height-default elementor-section-items-middle\" data-id=\"79cff3cc\" data-element_type=\"section\" data-settings=\"{&quot;background_background&quot;:&quot;classic&quot;}\">\n\t\t\t\t\t\t\t<div class=\"elementor-background-overlay\"><\/div>\n\t\t\t\t\t\t\t<div class=\"elementor-container elementor-column-gap-default\">\n\t\t\t\t\t<div class=\"elementor-column elementor-col-100 elementor-top-column elementor-element elementor-element-633ee4a6\" data-id=\"633ee4a6\" data-element_type=\"column\">\n\t\t\t<div class=\"elementor-widget-wrap elementor-element-populated\">\n\t\t\t\t\t\t<div class=\"elementor-element elementor-element-4995754c elementor-widget__width-initial elementor-widget elementor-widget-heading\" data-id=\"4995754c\" data-element_type=\"widget\" data-widget_type=\"heading.default\">\n\t\t\t\t<div class=\"elementor-widget-container\">\n\t\t\t\t\t<h1 class=\"elementor-heading-title elementor-size-default\">Security Training \n<br>and courses <\/h1>\t\t\t\t<\/div>\n\t\t\t\t<\/div>\n\t\t\t\t\t<\/div>\n\t\t<\/div>\n\t\t\t\t\t<\/div>\n\t\t<\/section>\n\t\t<div class=\"elementor-element elementor-element-6d596ba2 e-flex e-con-boxed e-con e-parent\" data-id=\"6d596ba2\" data-element_type=\"container\">\n\t\t\t\t\t<div class=\"e-con-inner\">\n\t\t\t\t<div class=\"elementor-element elementor-element-4aaf6b3b elementor-widget elementor-widget-spacer\" data-id=\"4aaf6b3b\" data-element_type=\"widget\" data-widget_type=\"spacer.default\">\n\t\t\t\t<div class=\"elementor-widget-container\">\n\t\t\t\t\t\t\t<div class=\"elementor-spacer\">\n\t\t\t<div class=\"elementor-spacer-inner\"><\/div>\n\t\t<\/div>\n\t\t\t\t\t\t<\/div>\n\t\t\t\t<\/div>\n\t\t\t\t<div class=\"elementor-element elementor-element-134ec764 elementor-widget__width-initial elementor-widget elementor-widget-text-editor\" data-id=\"134ec764\" data-element_type=\"widget\" data-widget_type=\"text-editor.default\">\n\t\t\t\t<div class=\"elementor-widget-container\">\n\t\t\t\t\t\t\t\t\t<p class=\"p1\">Welcome to MATILAN Security Services GmbH, your trusted partner for comprehensive security training and professional development courses. In an ever-changing world, it is essential that security personnel are well-trained and prepared. Our specialized training programs equip you with the necessary skills and knowledge to act professionally and\nsafely in any situation.<\/p>\t\t\t\t\t\t\t\t<\/div>\n\t\t\t\t<\/div>\n\t\t\t\t\t<\/div>\n\t\t\t\t<\/div>\n\t\t<div class=\"elementor-element elementor-element-59a495c9 e-flex e-con-boxed e-con e-parent\" data-id=\"59a495c9\" data-element_type=\"container\">\n\t\t\t\t\t<div class=\"e-con-inner\">\n\t\t\t\t<div class=\"elementor-element elementor-element-7eeabf13 elementor-widget elementor-widget-heading\" data-id=\"7eeabf13\" data-element_type=\"widget\" data-widget_type=\"heading.default\">\n\t\t\t\t<div class=\"elementor-widget-container\">\n\t\t\t\t\t<h2 class=\"elementor-heading-title elementor-size-default\">Our Courses<\/h2>\t\t\t\t<\/div>\n\t\t\t\t<\/div>\n\t\t\t\t\t<\/div>\n\t\t\t\t<\/div>\n\t\t<div class=\"elementor-element elementor-element-7c1a26fd e-flex e-con-boxed e-con e-child\" data-id=\"7c1a26fd\" data-element_type=\"container\" data-settings=\"{&quot;background_background&quot;:&quot;classic&quot;}\">\n\t\t\t\t\t<div class=\"e-con-inner\">\n\t\t<div class=\"elementor-element elementor-element-60145784 e-con-full e-flex e-con e-child\" data-id=\"60145784\" data-element_type=\"container\" data-settings=\"{&quot;background_background&quot;:&quot;classic&quot;}\">\n\t\t\t\t<div class=\"elementor-element elementor-element-4960f939 elementor-widget__width-initial elementor-widget elementor-widget-icon-box\" data-id=\"4960f939\" data-element_type=\"widget\" data-widget_type=\"icon-box.default\">\n\t\t\t\t<div class=\"elementor-widget-container\">\n\t\t\t\t\t\t\t<div class=\"elementor-icon-box-wrapper\">\n\n\t\t\t\n\t\t\t\t\t\t<div class=\"elementor-icon-box-content\">\n\n\t\t\t\t\t\t\t\t\t<h3 class=\"elementor-icon-box-title\">\n\t\t\t\t\t\t<span  >\n\t\t\t\t\t\t\tFirearms Training\t\t\t\t\t\t<\/span>\n\t\t\t\t\t<\/h3>\n\t\t\t\t\n\t\t\t\t\t\t\t\t\t<p class=\"elementor-icon-box-description\">\n\t\t\t\t\t\tDesigned for both beginners and experienced shooters, our firearms training emphasizes precision, safety, and responsible weapon handling.\nOur seasoned instructors teach techniques to enhance your accuracy and responsiveness across various scenarios. Course content includes:\n\t\t\t\t\t<\/p>\n\t\t\t\t\n\t\t\t<\/div>\n\t\t\t\n\t\t<\/div>\n\t\t\t\t\t\t<\/div>\n\t\t\t\t<\/div>\n\t\t\t\t<div class=\"elementor-element elementor-element-347228b elementor-icon-list--layout-traditional elementor-list-item-link-full_width elementor-widget elementor-widget-icon-list\" data-id=\"347228b\" data-element_type=\"widget\" data-widget_type=\"icon-list.default\">\n\t\t\t\t<div class=\"elementor-widget-container\">\n\t\t\t\t\t\t\t<ul class=\"elementor-icon-list-items\">\n\t\t\t\t\t\t\t<li class=\"elementor-icon-list-item\">\n\t\t\t\t\t\t\t\t\t\t\t<span class=\"elementor-icon-list-icon\">\n\t\t\t\t\t\t\t<i aria-hidden=\"true\" class=\"fas fa-circle\"><\/i>\t\t\t\t\t\t<\/span>\n\t\t\t\t\t\t\t\t\t\t<span class=\"elementor-icon-list-text\">Fundamentals of safe weapon handling<\/span>\n\t\t\t\t\t\t\t\t\t<\/li>\n\t\t\t\t\t\t\t\t<li class=\"elementor-icon-list-item\">\n\t\t\t\t\t\t\t\t\t\t\t<span class=\"elementor-icon-list-icon\">\n\t\t\t\t\t\t\t<i aria-hidden=\"true\" class=\"fas fa-circle\"><\/i>\t\t\t\t\t\t<\/span>\n\t\t\t\t\t\t\t\t\t\t<span class=\"elementor-icon-list-text\">Shooting techniques for handguns and long guns<\/span>\n\t\t\t\t\t\t\t\t\t<\/li>\n\t\t\t\t\t\t\t\t<li class=\"elementor-icon-list-item\">\n\t\t\t\t\t\t\t\t\t\t\t<span class=\"elementor-icon-list-icon\">\n\t\t\t\t\t\t\t<i aria-hidden=\"true\" class=\"fas fa-circle\"><\/i>\t\t\t\t\t\t<\/span>\n\t\t\t\t\t\t\t\t\t\t<span class=\"elementor-icon-list-text\">Tactical shooting and scenario-based training<\/span>\n\t\t\t\t\t\t\t\t\t<\/li>\n\t\t\t\t\t\t\t\t<li class=\"elementor-icon-list-item\">\n\t\t\t\t\t\t\t\t\t\t\t<span class=\"elementor-icon-list-icon\">\n\t\t\t\t\t\t\t<i aria-hidden=\"true\" class=\"fas fa-circle\"><\/i>\t\t\t\t\t\t<\/span>\n\t\t\t\t\t\t\t\t\t\t<span class=\"elementor-icon-list-text\">Stress resilience and decision-making under pressure<\/span>\n\t\t\t\t\t\t\t\t\t<\/li>\n\t\t\t\t\t\t<\/ul>\n\t\t\t\t\t\t<\/div>\n\t\t\t\t<\/div>\n\t\t\t\t<\/div>\n\t\t<div class=\"elementor-element elementor-element-288aa0f5 e-con-full e-flex e-con e-child\" data-id=\"288aa0f5\" data-element_type=\"container\" data-settings=\"{&quot;background_background&quot;:&quot;classic&quot;}\">\n\t\t\t\t<div class=\"elementor-element elementor-element-61f9e055 elementor-widget__width-initial elementor-widget elementor-widget-icon-box\" data-id=\"61f9e055\" data-element_type=\"widget\" data-widget_type=\"icon-box.default\">\n\t\t\t\t<div class=\"elementor-widget-container\">\n\t\t\t\t\t\t\t<div class=\"elementor-icon-box-wrapper\">\n\n\t\t\t\n\t\t\t\t\t\t<div class=\"elementor-icon-box-content\">\n\n\t\t\t\t\t\t\t\t\t<h3 class=\"elementor-icon-box-title\">\n\t\t\t\t\t\t<span  >\n\t\t\t\t\t\t\tCourses for security personnel\t\t\t\t\t\t<\/span>\n\t\t\t\t\t<\/h3>\n\t\t\t\t\n\t\t\t\t\t\t\t\t\t<p class=\"elementor-icon-box-description\">\n\t\t\t\t\t\tIndividuals who carry firearms\nprofessionally bear a significant responsibility. Our specialized courses aim to\nstrengthen professional competence and safety awareness. We o,er tailored\ntraining for various fields, including security services, personal and property\nprotection, and event security. Topics covered include:\t\t\t\t\t<\/p>\n\t\t\t\t\n\t\t\t<\/div>\n\t\t\t\n\t\t<\/div>\n\t\t\t\t\t\t<\/div>\n\t\t\t\t<\/div>\n\t\t\t\t<div class=\"elementor-element elementor-element-4917563 elementor-icon-list--layout-traditional elementor-list-item-link-full_width elementor-widget elementor-widget-icon-list\" data-id=\"4917563\" data-element_type=\"widget\" data-widget_type=\"icon-list.default\">\n\t\t\t\t<div class=\"elementor-widget-container\">\n\t\t\t\t\t\t\t<ul class=\"elementor-icon-list-items\">\n\t\t\t\t\t\t\t<li class=\"elementor-icon-list-item\">\n\t\t\t\t\t\t\t\t\t\t\t<span class=\"elementor-icon-list-icon\">\n\t\t\t\t\t\t\t<i aria-hidden=\"true\" class=\"fas fa-circle\"><\/i>\t\t\t\t\t\t<\/span>\n\t\t\t\t\t\t\t\t\t\t<span class=\"elementor-icon-list-text\">Legal foundations and statutory regulations<\/span>\n\t\t\t\t\t\t\t\t\t<\/li>\n\t\t\t\t\t\t\t\t<li class=\"elementor-icon-list-item\">\n\t\t\t\t\t\t\t\t\t\t\t<span class=\"elementor-icon-list-icon\">\n\t\t\t\t\t\t\t<i aria-hidden=\"true\" class=\"fas fa-circle\"><\/i>\t\t\t\t\t\t<\/span>\n\t\t\t\t\t\t\t\t\t\t<span class=\"elementor-icon-list-text\">De-escalation techniques and conflict management<\/span>\n\t\t\t\t\t\t\t\t\t<\/li>\n\t\t\t\t\t\t\t\t<li class=\"elementor-icon-list-item\">\n\t\t\t\t\t\t\t\t\t\t\t<span class=\"elementor-icon-list-icon\">\n\t\t\t\t\t\t\t<i aria-hidden=\"true\" class=\"fas fa-circle\"><\/i>\t\t\t\t\t\t<\/span>\n\t\t\t\t\t\t\t\t\t\t<span class=\"elementor-icon-list-text\">Tactical operational procedures<\/span>\n\t\t\t\t\t\t\t\t\t<\/li>\n\t\t\t\t\t\t\t\t<li class=\"elementor-icon-list-item\">\n\t\t\t\t\t\t\t\t\t\t\t<span class=\"elementor-icon-list-icon\">\n\t\t\t\t\t\t\t<i aria-hidden=\"true\" class=\"fas fa-circle\"><\/i>\t\t\t\t\t\t<\/span>\n\t\t\t\t\t\t\t\t\t\t<span class=\"elementor-icon-list-text\">Regular refresher courses and continuing education opportunities<\/span>\n\t\t\t\t\t\t\t\t\t<\/li>\n\t\t\t\t\t\t<\/ul>\n\t\t\t\t\t\t<\/div>\n\t\t\t\t<\/div>\n\t\t\t\t<\/div>\n\t\t<div class=\"elementor-element elementor-element-7dadfec9 e-con-full e-flex e-con e-child\" data-id=\"7dadfec9\" data-element_type=\"container\" data-settings=\"{&quot;background_background&quot;:&quot;classic&quot;}\">\n\t\t\t\t<div class=\"elementor-element elementor-element-3afe226f elementor-widget__width-initial elementor-widget elementor-widget-icon-box\" data-id=\"3afe226f\" data-element_type=\"widget\" data-widget_type=\"icon-box.default\">\n\t\t\t\t<div class=\"elementor-widget-container\">\n\t\t\t\t\t\t\t<div class=\"elementor-icon-box-wrapper\">\n\n\t\t\t\n\t\t\t\t\t\t<div class=\"elementor-icon-box-content\">\n\n\t\t\t\t\t\t\t\t\t<h3 class=\"elementor-icon-box-title\">\n\t\t\t\t\t\t<span  >\n\t\t\t\t\t\t\tAdditional Security Courses\t\t\t\t\t\t<\/span>\n\t\t\t\t\t<\/h3>\n\t\t\t\t\n\t\t\t\t\t\t\t\t\t<p class=\"elementor-icon-box-description\">\n\t\t\t\t\t\tBeyond firearms training and courses for security personnel, we offer a variety of other training programs to ensure your safety\nand that of your employees:\n\t\t\t\t\t<\/p>\n\t\t\t\t\n\t\t\t<\/div>\n\t\t\t\n\t\t<\/div>\n\t\t\t\t\t\t<\/div>\n\t\t\t\t<\/div>\n\t\t\t\t<div class=\"elementor-element elementor-element-051ae79 elementor-icon-list--layout-traditional elementor-list-item-link-full_width elementor-widget elementor-widget-icon-list\" data-id=\"051ae79\" data-element_type=\"widget\" data-widget_type=\"icon-list.default\">\n\t\t\t\t<div class=\"elementor-widget-container\">\n\t\t\t\t\t\t\t<ul class=\"elementor-icon-list-items\">\n\t\t\t\t\t\t\t<li class=\"elementor-icon-list-item\">\n\t\t\t\t\t\t\t\t\t\t\t<span class=\"elementor-icon-list-icon\">\n\t\t\t\t\t\t\t<i aria-hidden=\"true\" class=\"fas fa-circle\"><\/i>\t\t\t\t\t\t<\/span>\n\t\t\t\t\t\t\t\t\t\t<span class=\"elementor-icon-list-text\">Self-defense and close combat techniques<\/span>\n\t\t\t\t\t\t\t\t\t<\/li>\n\t\t\t\t\t\t\t\t<li class=\"elementor-icon-list-item\">\n\t\t\t\t\t\t\t\t\t\t\t<span class=\"elementor-icon-list-icon\">\n\t\t\t\t\t\t\t<i aria-hidden=\"true\" class=\"fas fa-circle\"><\/i>\t\t\t\t\t\t<\/span>\n\t\t\t\t\t\t\t\t\t\t<span class=\"elementor-icon-list-text\">First aid and emergency response measures<\/span>\n\t\t\t\t\t\t\t\t\t<\/li>\n\t\t\t\t\t\t\t\t<li class=\"elementor-icon-list-item\">\n\t\t\t\t\t\t\t\t\t\t\t<span class=\"elementor-icon-list-icon\">\n\t\t\t\t\t\t\t<i aria-hidden=\"true\" class=\"fas fa-circle\"><\/i>\t\t\t\t\t\t<\/span>\n\t\t\t\t\t\t\t\t\t\t<span class=\"elementor-icon-list-text\">Handling dangerous situations and threats<\/span>\n\t\t\t\t\t\t\t\t\t<\/li>\n\t\t\t\t\t\t\t\t<li class=\"elementor-icon-list-item\">\n\t\t\t\t\t\t\t\t\t\t\t<span class=\"elementor-icon-list-icon\">\n\t\t\t\t\t\t\t<i aria-hidden=\"true\" class=\"fas fa-circle\"><\/i>\t\t\t\t\t\t<\/span>\n\t\t\t\t\t\t\t\t\t\t<span class=\"elementor-icon-list-text\">Security management and risk assessment<\/span>\n\t\t\t\t\t\t\t\t\t<\/li>\n\t\t\t\t\t\t<\/ul>\n\t\t\t\t\t\t<\/div>\n\t\t\t\t<\/div>\n\t\t\t\t<\/div>\n\t\t\t\t\t<\/div>\n\t\t\t\t<\/div>\n\t\t<div class=\"elementor-element elementor-element-707bef0f e-flex e-con-boxed e-con e-parent\" data-id=\"707bef0f\" data-element_type=\"container\">\n\t\t\t\t\t<div class=\"e-con-inner\">\n\t\t\t\t<div class=\"elementor-element elementor-element-289c8941 elementor-widget elementor-widget-heading\" data-id=\"289c8941\" data-element_type=\"widget\" data-widget_type=\"heading.default\">\n\t\t\t\t<div class=\"elementor-widget-container\">\n\t\t\t\t\t<h2 class=\"elementor-heading-title elementor-size-default\">Our Trainers and Methods<\/h2>\t\t\t\t<\/div>\n\t\t\t\t<\/div>\n\t\t\t\t\t<\/div>\n\t\t\t\t<\/div>\n\t\t<div class=\"elementor-element elementor-element-528cdd44 e-flex e-con-boxed e-con e-parent\" data-id=\"528cdd44\" data-element_type=\"container\">\n\t\t\t\t\t<div class=\"e-con-inner\">\n\t\t\t\t<div class=\"elementor-element elementor-element-372bb33e elementor-widget__width-initial elementor-widget-mobile__width-initial elementor-widget elementor-widget-text-editor\" data-id=\"372bb33e\" data-element_type=\"widget\" data-widget_type=\"text-editor.default\">\n\t\t\t\t<div class=\"elementor-widget-container\">\n\t\t\t\t\t\t\t\t\t<p>Our trainers are experienced security experts and professionals with extensive practical\nexperience. They employ the latest training methods and simulate realistic scenarios to provide practical and effective instruction. Each training session is customized to meet the specific needs of the participants, ensuring optimal learning outcomes.<\/p>\t\t\t\t\t\t\t\t<\/div>\n\t\t\t\t<\/div>\n\t\t\t\t\t<\/div>\n\t\t\t\t<\/div>\n\t\t<div class=\"elementor-element elementor-element-6a5ebff3 e-flex e-con-boxed e-con e-parent\" data-id=\"6a5ebff3\" data-element_type=\"container\">\n\t\t\t\t\t<div class=\"e-con-inner\">\n\t\t\t\t<div class=\"elementor-element elementor-element-52f0004b elementor-widget elementor-widget-heading\" data-id=\"52f0004b\" data-element_type=\"widget\" data-widget_type=\"heading.default\">\n\t\t\t\t<div class=\"elementor-widget-container\">\n\t\t\t\t\t<h2 class=\"elementor-heading-title elementor-size-default\">Why Choose MATILAN Security Services GmbH?<\/h2>\t\t\t\t<\/div>\n\t\t\t\t<\/div>\n\t\t\t\t<div class=\"elementor-element elementor-element-5ede26f elementor-widget__width-initial elementor-widget-mobile__width-initial elementor-widget elementor-widget-text-editor\" data-id=\"5ede26f\" data-element_type=\"widget\" data-widget_type=\"text-editor.default\">\n\t\t\t\t<div class=\"elementor-widget-container\">\n\t\t\t\t\t\t\t\t\t<ul><li class=\"p1\">Experience and Expertise: Years of experience in the security industry.<\/li><li class=\"p1\">Individualized Attention: Tailored training programs to meet your specific requirements.<\/li><li class=\"p1\">Modern Equipment: Utilization of the latest technology and equipment.<\/li><\/ul><p>\u00a0<\/p><p><strong>Invest in your safety and that of your employees. Contact us today to learn more about our security training and courses. Together, we ensure your safety\u2014professionally, reliably, and\neffectively.<\/strong><\/p>\t\t\t\t\t\t\t\t<\/div>\n\t\t\t\t<\/div>\n\t\t\t\t\t<\/div>\n\t\t\t\t<\/div>\n\t\t<div class=\"elementor-element elementor-element-57954837 e-flex e-con-boxed e-con e-parent\" data-id=\"57954837\" data-element_type=\"container\">\n\t\t\t\t\t<div class=\"e-con-inner\">\n\t\t\t\t<div class=\"elementor-element elementor-element-561af73 elementor-blockquote--skin-clean elementor-blockquote--align-center elementor-widget elementor-widget-blockquote\" data-id=\"561af73\" data-element_type=\"widget\" data-widget_type=\"blockquote.default\">\n\t\t\t\t<div class=\"elementor-widget-container\">\n\t\t\t\t\t\t\t<blockquote class=\"elementor-blockquote\">\n\t\t\t<p class=\"elementor-blockquote__content\">\n\t\t\t\tFor your safety and professionalism\t\t\t<\/p>\n\t\t\t\t\t<\/blockquote>\n\t\t\t\t\t\t<\/div>\n\t\t\t\t<\/div>\n\t\t\t\t\t<\/div>\n\t\t\t\t<\/div>\n\t\t\t\t<\/div>","protected":false},"excerpt":{"rendered":"<p>Sicherheitstraining und Kurse Willkommen bei MATILAN Security Services GmbH, Ihrem vertrauensw\u00fcrdigen Partner f\u00fcr umfassende Sicherheitstrainings und Weiterbildungskurse. In einer sich st\u00e4ndig ver\u00e4ndernden Welt ist es unerl\u00e4sslich, dass Sicherheitspersonal stets bestens ausgebildet und vorbereitet sind. Unsere spezialisierten Schulungsprogramme bieten Ihnen die notwendigen F\u00e4higkeiten und Kenntnisse, um in jeder Situation professionell und sicher zu handeln. Unsere Kursangebote [&hellip;]<\/p>\n","protected":false},"author":2,"featured_media":0,"parent":0,"menu_order":0,"comment_status":"closed","ping_status":"closed","template":"","meta":{"footnotes":""},"class_list":["post-5497","page","type-page","status-publish","hentry"],"yoast_head":"<!-- This site is optimized with the Yoast SEO plugin v26.7 - https:\/\/yoast.com\/wordpress\/plugins\/seo\/ -->\n<title>Sicherheitstraining und Kurse - Ihr Sicherheitsexperte<\/title>\n<meta name=\"description\" content=\"MATILAN bietet umfassende Sicherheitstrainings und Kurse f\u00fcr Sicherheitskr\u00e4fte. Unsere spezialisierten Schulungsprogramme decken Schie\u00dfausbildung, Kurse f\u00fcr Berufswaffentr\u00e4ger, Selbstverteidigung, Erste-Hilfe und mehr ab. Unsere erfahrenen Trainer nutzen moderne Methoden, um realistische Szenarien zu simulieren und praxisnahe F\u00e4higkeiten zu vermitteln. Investieren Sie in Ihre Sicherheit mit unseren ma\u00dfgeschneiderten Trainingsl\u00f6sungen. Kontaktieren Sie uns f\u00fcr eine individuelle Beratung.\" \/>\n<meta name=\"robots\" content=\"index, follow, max-snippet:-1, max-image-preview:large, max-video-preview:-1\" \/>\n<link rel=\"canonical\" href=\"https:\/\/matilan.at\/en\/security-training\" \/>\n<meta property=\"og:locale\" content=\"en_GB\" \/>\n<meta property=\"og:type\" content=\"article\" \/>\n<meta property=\"og:title\" content=\"Sicherheitstraining und Kurse - Ihr Sicherheitsexperte\" \/>\n<meta property=\"og:description\" content=\"MATILAN bietet umfassende Sicherheitstrainings und Kurse f\u00fcr Sicherheitskr\u00e4fte. Unsere spezialisierten Schulungsprogramme decken Schie\u00dfausbildung, Kurse f\u00fcr Berufswaffentr\u00e4ger, Selbstverteidigung, Erste-Hilfe und mehr ab. Unsere erfahrenen Trainer nutzen moderne Methoden, um realistische Szenarien zu simulieren und praxisnahe F\u00e4higkeiten zu vermitteln. Investieren Sie in Ihre Sicherheit mit unseren ma\u00dfgeschneiderten Trainingsl\u00f6sungen. Kontaktieren Sie uns f\u00fcr eine individuelle Beratung.\" \/>\n<meta property=\"og:url\" content=\"https:\/\/matilan.at\/en\/security-training\" \/>\n<meta property=\"og:site_name\" content=\"Ihr Sicherheitsexperte\" \/>\n<meta property=\"article:modified_time\" content=\"2024-08-02T12:04:48+00:00\" \/>\n<meta name=\"twitter:card\" content=\"summary_large_image\" \/>\n<meta name=\"twitter:label1\" content=\"Estimated reading time\" \/>\n\t<meta name=\"twitter:data1\" content=\"2 minutes\" \/>\n<script type=\"application\/ld+json\" class=\"yoast-schema-graph\">{\"@context\":\"https:\/\/schema.org\",\"@graph\":[{\"@type\":\"WebPage\",\"@id\":\"https:\/\/matilan.at\/sicherheitstraining-und-kurse\",\"url\":\"https:\/\/matilan.at\/sicherheitstraining-und-kurse\",\"name\":\"Sicherheitstraining und Kurse - Ihr Sicherheitsexperte\",\"isPartOf\":{\"@id\":\"https:\/\/matilan.at\/#website\"},\"datePublished\":\"2024-08-01T07:28:34+00:00\",\"dateModified\":\"2024-08-02T12:04:48+00:00\",\"description\":\"MATILAN bietet umfassende Sicherheitstrainings und Kurse f\u00fcr Sicherheitskr\u00e4fte. Unsere spezialisierten Schulungsprogramme decken Schie\u00dfausbildung, Kurse f\u00fcr Berufswaffentr\u00e4ger, Selbstverteidigung, Erste-Hilfe und mehr ab. Unsere erfahrenen Trainer nutzen moderne Methoden, um realistische Szenarien zu simulieren und praxisnahe F\u00e4higkeiten zu vermitteln. Investieren Sie in Ihre Sicherheit mit unseren ma\u00dfgeschneiderten Trainingsl\u00f6sungen. Kontaktieren Sie uns f\u00fcr eine individuelle Beratung.\",\"breadcrumb\":{\"@id\":\"https:\/\/matilan.at\/sicherheitstraining-und-kurse#breadcrumb\"},\"inLanguage\":\"en-GB\",\"potentialAction\":[{\"@type\":\"ReadAction\",\"target\":[\"https:\/\/matilan.at\/sicherheitstraining-und-kurse\"]}]},{\"@type\":\"BreadcrumbList\",\"@id\":\"https:\/\/matilan.at\/sicherheitstraining-und-kurse#breadcrumb\",\"itemListElement\":[{\"@type\":\"ListItem\",\"position\":1,\"name\":\"Startseite\",\"item\":\"https:\/\/matilan.at\/\"},{\"@type\":\"ListItem\",\"position\":2,\"name\":\"Sicherheitstraining und Kurse\"}]},{\"@type\":\"WebSite\",\"@id\":\"https:\/\/matilan.at\/#website\",\"url\":\"https:\/\/matilan.at\/\",\"name\":\"Ihr Sicherheitsexperte\",\"description\":\"\",\"potentialAction\":[{\"@type\":\"SearchAction\",\"target\":{\"@type\":\"EntryPoint\",\"urlTemplate\":\"https:\/\/matilan.at\/?s={search_term_string}\"},\"query-input\":{\"@type\":\"PropertyValueSpecification\",\"valueRequired\":true,\"valueName\":\"search_term_string\"}}],\"inLanguage\":\"en-GB\"}]}<\/script>\n<!-- \/ Yoast SEO plugin. -->","yoast_head_json":{"title":"Sicherheitstraining und Kurse - Ihr Sicherheitsexperte","description":"MATILAN bietet umfassende Sicherheitstrainings und Kurse f\u00fcr Sicherheitskr\u00e4fte. Unsere spezialisierten Schulungsprogramme decken Schie\u00dfausbildung, Kurse f\u00fcr Berufswaffentr\u00e4ger, Selbstverteidigung, Erste-Hilfe und mehr ab. Unsere erfahrenen Trainer nutzen moderne Methoden, um realistische Szenarien zu simulieren und praxisnahe F\u00e4higkeiten zu vermitteln. Investieren Sie in Ihre Sicherheit mit unseren ma\u00dfgeschneiderten Trainingsl\u00f6sungen. Kontaktieren Sie uns f\u00fcr eine individuelle Beratung.","robots":{"index":"index","follow":"follow","max-snippet":"max-snippet:-1","max-image-preview":"max-image-preview:large","max-video-preview":"max-video-preview:-1"},"canonical":"https:\/\/matilan.at\/en\/security-training","og_locale":"en_GB","og_type":"article","og_title":"Sicherheitstraining und Kurse - Ihr Sicherheitsexperte","og_description":"MATILAN bietet umfassende Sicherheitstrainings und Kurse f\u00fcr Sicherheitskr\u00e4fte. Unsere spezialisierten Schulungsprogramme decken Schie\u00dfausbildung, Kurse f\u00fcr Berufswaffentr\u00e4ger, Selbstverteidigung, Erste-Hilfe und mehr ab. Unsere erfahrenen Trainer nutzen moderne Methoden, um realistische Szenarien zu simulieren und praxisnahe F\u00e4higkeiten zu vermitteln. Investieren Sie in Ihre Sicherheit mit unseren ma\u00dfgeschneiderten Trainingsl\u00f6sungen. Kontaktieren Sie uns f\u00fcr eine individuelle Beratung.","og_url":"https:\/\/matilan.at\/en\/security-training","og_site_name":"Ihr Sicherheitsexperte","article_modified_time":"2024-08-02T12:04:48+00:00","twitter_card":"summary_large_image","twitter_misc":{"Estimated reading time":"2 minutes"},"schema":{"@context":"https:\/\/schema.org","@graph":[{"@type":"WebPage","@id":"https:\/\/matilan.at\/sicherheitstraining-und-kurse","url":"https:\/\/matilan.at\/sicherheitstraining-und-kurse","name":"Sicherheitstraining und Kurse - Ihr Sicherheitsexperte","isPartOf":{"@id":"https:\/\/matilan.at\/#website"},"datePublished":"2024-08-01T07:28:34+00:00","dateModified":"2024-08-02T12:04:48+00:00","description":"MATILAN bietet umfassende Sicherheitstrainings und Kurse f\u00fcr Sicherheitskr\u00e4fte. Unsere spezialisierten Schulungsprogramme decken Schie\u00dfausbildung, Kurse f\u00fcr Berufswaffentr\u00e4ger, Selbstverteidigung, Erste-Hilfe und mehr ab. Unsere erfahrenen Trainer nutzen moderne Methoden, um realistische Szenarien zu simulieren und praxisnahe F\u00e4higkeiten zu vermitteln. Investieren Sie in Ihre Sicherheit mit unseren ma\u00dfgeschneiderten Trainingsl\u00f6sungen. Kontaktieren Sie uns f\u00fcr eine individuelle Beratung.","breadcrumb":{"@id":"https:\/\/matilan.at\/sicherheitstraining-und-kurse#breadcrumb"},"inLanguage":"en-GB","potentialAction":[{"@type":"ReadAction","target":["https:\/\/matilan.at\/sicherheitstraining-und-kurse"]}]},{"@type":"BreadcrumbList","@id":"https:\/\/matilan.at\/sicherheitstraining-und-kurse#breadcrumb","itemListElement":[{"@type":"ListItem","position":1,"name":"Startseite","item":"https:\/\/matilan.at\/"},{"@type":"ListItem","position":2,"name":"Sicherheitstraining und Kurse"}]},{"@type":"WebSite","@id":"https:\/\/matilan.at\/#website","url":"https:\/\/matilan.at\/","name":"Ihr Sicherheitsexperte","description":"","potentialAction":[{"@type":"SearchAction","target":{"@type":"EntryPoint","urlTemplate":"https:\/\/matilan.at\/?s={search_term_string}"},"query-input":{"@type":"PropertyValueSpecification","valueRequired":true,"valueName":"search_term_string"}}],"inLanguage":"en-GB"}]}},"_links":{"self":[{"href":"https:\/\/matilan.at\/en\/wp-json\/wp\/v2\/pages\/5497","targetHints":{"allow":["GET"]}}],"collection":[{"href":"https:\/\/matilan.at\/en\/wp-json\/wp\/v2\/pages"}],"about":[{"href":"https:\/\/matilan.at\/en\/wp-json\/wp\/v2\/types\/page"}],"author":[{"embeddable":true,"href":"https:\/\/matilan.at\/en\/wp-json\/wp\/v2\/users\/2"}],"replies":[{"embeddable":true,"href":"https:\/\/matilan.at\/en\/wp-json\/wp\/v2\/comments?post=5497"}],"version-history":[{"count":25,"href":"https:\/\/matilan.at\/en\/wp-json\/wp\/v2\/pages\/5497\/revisions"}],"predecessor-version":[{"id":5596,"href":"https:\/\/matilan.at\/en\/wp-json\/wp\/v2\/pages\/5497\/revisions\/5596"}],"wp:attachment":[{"href":"https:\/\/matilan.at\/en\/wp-json\/wp\/v2\/media?parent=5497"}],"curies":[{"name":"wp","href":"https:\/\/api.w.org\/{rel}","templated":true}]}}