{"id":5348,"date":"2024-07-19T13:16:03","date_gmt":"2024-07-19T13:16:03","guid":{"rendered":"https:\/\/matilan.at\/?page_id=5348"},"modified":"2024-12-11T12:09:47","modified_gmt":"2024-12-11T12:09:47","slug":"cultural-property-protection","status":"publish","type":"page","link":"https:\/\/matilan.at\/en\/cultural-property-protection","title":{"rendered":"Cultural Property Protection (CPP)"},"content":{"rendered":"<div data-elementor-type=\"wp-page\" data-elementor-id=\"5348\" class=\"elementor elementor-5348\" data-elementor-post-type=\"page\">\n\t\t\t\t\t\t<section class=\"elementor-section elementor-top-section elementor-element elementor-element-a0213c4 elementor-section-height-min-height elementor-section-boxed elementor-section-height-default elementor-section-items-middle\" data-id=\"a0213c4\" data-element_type=\"section\" data-settings=\"{&quot;background_background&quot;:&quot;classic&quot;}\">\n\t\t\t\t\t\t\t<div class=\"elementor-background-overlay\"><\/div>\n\t\t\t\t\t\t\t<div class=\"elementor-container elementor-column-gap-default\">\n\t\t\t\t\t<div class=\"elementor-column elementor-col-100 elementor-top-column elementor-element elementor-element-d65814c\" data-id=\"d65814c\" data-element_type=\"column\">\n\t\t\t<div class=\"elementor-widget-wrap elementor-element-populated\">\n\t\t\t\t\t\t<div class=\"elementor-element elementor-element-3d19849 elementor-widget__width-initial elementor-widget elementor-widget-heading\" data-id=\"3d19849\" data-element_type=\"widget\" data-widget_type=\"heading.default\">\n\t\t\t\t<div class=\"elementor-widget-container\">\n\t\t\t\t\t<h1 class=\"elementor-heading-title elementor-size-default\">Cultural Property Protection (CPP)<\/h1>\t\t\t\t<\/div>\n\t\t\t\t<\/div>\n\t\t\t\t\t<\/div>\n\t\t<\/div>\n\t\t\t\t\t<\/div>\n\t\t<\/section>\n\t\t<div class=\"elementor-element elementor-element-b25865c e-flex e-con-boxed e-con e-parent\" data-id=\"b25865c\" data-element_type=\"container\">\n\t\t\t\t\t<div class=\"e-con-inner\">\n\t\t\t\t<div class=\"elementor-element elementor-element-af10ff4 elementor-widget elementor-widget-spacer\" data-id=\"af10ff4\" data-element_type=\"widget\" data-widget_type=\"spacer.default\">\n\t\t\t\t<div class=\"elementor-widget-container\">\n\t\t\t\t\t\t\t<div class=\"elementor-spacer\">\n\t\t\t<div class=\"elementor-spacer-inner\"><\/div>\n\t\t<\/div>\n\t\t\t\t\t\t<\/div>\n\t\t\t\t<\/div>\n\t\t\t\t<div class=\"elementor-element elementor-element-d2d4a4b elementor-widget__width-initial elementor-widget elementor-widget-text-editor\" data-id=\"d2d4a4b\" data-element_type=\"widget\" data-widget_type=\"text-editor.default\">\n\t\t\t\t<div class=\"elementor-widget-container\">\n\t\t\t\t\t\t\t\t\t<p class=\"p1\">Cultural properties are invaluable testimonies of our history and culture that must be preserved. At MATILAN Security Services GmbH, we specialize in protecting these unique treasures. Our tailored security solutions ensure the best possible protection for museums, galleries, archives, and historical sites.<\/p>\t\t\t\t\t\t\t\t<\/div>\n\t\t\t\t<\/div>\n\t\t\t\t\t<\/div>\n\t\t\t\t<\/div>\n\t\t<div class=\"elementor-element elementor-element-2a11bc4 e-flex e-con-boxed e-con e-parent\" data-id=\"2a11bc4\" data-element_type=\"container\">\n\t\t\t\t\t<div class=\"e-con-inner\">\n\t\t\t\t<div class=\"elementor-element elementor-element-b3494a1 elementor-widget elementor-widget-heading\" data-id=\"b3494a1\" data-element_type=\"widget\" data-widget_type=\"heading.default\">\n\t\t\t\t<div class=\"elementor-widget-container\">\n\t\t\t\t\t<h2 class=\"elementor-heading-title elementor-size-default\">Our services<\/h2>\t\t\t\t<\/div>\n\t\t\t\t<\/div>\n\t\t\t\t\t<\/div>\n\t\t\t\t<\/div>\n\t\t<div class=\"elementor-element elementor-element-c0ba673 e-flex e-con-boxed e-con e-child\" data-id=\"c0ba673\" data-element_type=\"container\" data-settings=\"{&quot;background_background&quot;:&quot;classic&quot;}\">\n\t\t\t\t\t<div class=\"e-con-inner\">\n\t\t<div class=\"elementor-element elementor-element-e0d75d9 e-con-full e-flex e-con e-child\" data-id=\"e0d75d9\" data-element_type=\"container\" data-settings=\"{&quot;background_background&quot;:&quot;classic&quot;}\">\n\t\t\t\t<div class=\"elementor-element elementor-element-3517222 elementor-widget__width-initial elementor-widget elementor-widget-icon-box\" data-id=\"3517222\" data-element_type=\"widget\" data-widget_type=\"icon-box.default\">\n\t\t\t\t<div class=\"elementor-widget-container\">\n\t\t\t\t\t\t\t<div class=\"elementor-icon-box-wrapper\">\n\n\t\t\t\n\t\t\t\t\t\t<div class=\"elementor-icon-box-content\">\n\n\t\t\t\t\t\t\t\t\t<h3 class=\"elementor-icon-box-title\">\n\t\t\t\t\t\t<span  >\n\t\t\t\t\t\t\tProperty Protection\t\t\t\t\t\t<\/span>\n\t\t\t\t\t<\/h3>\n\t\t\t\t\n\t\t\t\t\t\t\t\t\t<p class=\"elementor-icon-box-description\">\n\t\t\t\t\t\tWe support permanent staff, in all areas of museum operations, offering comprehensive security concepts, visitor and crowd management,\nexhibition setup and dismantling (pathway and accreditation controls), and patrolling in exhibition spaces for museums, galleries, and showrooms. Our\nexperienced security personnel and state-of-the-art technology ensure that your valuable exhibits are protected around the clock.\n\t\t\t\t\t<\/p>\n\t\t\t\t\n\t\t\t<\/div>\n\t\t\t\n\t\t<\/div>\n\t\t\t\t\t\t<\/div>\n\t\t\t\t<\/div>\n\t\t\t\t<\/div>\n\t\t<div class=\"elementor-element elementor-element-8c65e4b e-con-full e-flex e-con e-child\" data-id=\"8c65e4b\" data-element_type=\"container\" data-settings=\"{&quot;background_background&quot;:&quot;classic&quot;}\">\n\t\t\t\t<div class=\"elementor-element elementor-element-3f6c9f0 elementor-widget__width-initial elementor-widget elementor-widget-icon-box\" data-id=\"3f6c9f0\" data-element_type=\"widget\" data-widget_type=\"icon-box.default\">\n\t\t\t\t<div class=\"elementor-widget-container\">\n\t\t\t\t\t\t\t<div class=\"elementor-icon-box-wrapper\">\n\n\t\t\t\n\t\t\t\t\t\t<div class=\"elementor-icon-box-content\">\n\n\t\t\t\t\t\t\t\t\t<h3 class=\"elementor-icon-box-title\">\n\t\t\t\t\t\t<span  >\n\t\t\t\t\t\t\tTransport of Cultural Properties\t\t\t\t\t\t<\/span>\n\t\t\t\t\t<\/h3>\n\t\t\t\t\n\t\t\t\t\t\t\t\t\t<p class=\"elementor-icon-box-description\">\n\t\t\t\t\t\tThe safe transport of artworks and cultural\nproperties requires special care and expertise. We handle the planning and execution of national and international transports to ensure that your treasures\nreach their destination intact.\t\t\t\t\t<\/p>\n\t\t\t\t\n\t\t\t<\/div>\n\t\t\t\n\t\t<\/div>\n\t\t\t\t\t\t<\/div>\n\t\t\t\t<\/div>\n\t\t\t\t<\/div>\n\t\t<div class=\"elementor-element elementor-element-ad5c883 e-con-full e-flex e-con e-child\" data-id=\"ad5c883\" data-element_type=\"container\" data-settings=\"{&quot;background_background&quot;:&quot;classic&quot;}\">\n\t\t\t\t<div class=\"elementor-element elementor-element-ee4260f elementor-widget__width-initial elementor-widget elementor-widget-icon-box\" data-id=\"ee4260f\" data-element_type=\"widget\" data-widget_type=\"icon-box.default\">\n\t\t\t\t<div class=\"elementor-widget-container\">\n\t\t\t\t\t\t\t<div class=\"elementor-icon-box-wrapper\">\n\n\t\t\t\n\t\t\t\t\t\t<div class=\"elementor-icon-box-content\">\n\n\t\t\t\t\t\t\t\t\t<h3 class=\"elementor-icon-box-title\">\n\t\t\t\t\t\t<span  >\n\t\t\t\t\t\t\tBurglary and Theft Protection\t\t\t\t\t\t<\/span>\n\t\t\t\t\t<\/h3>\n\t\t\t\t\n\t\t\t\t\t\t\t\t\t<p class=\"elementor-icon-box-description\">\n\t\t\t\t\t\tWith our expertise in burglary and theft protection,\nwe safeguard your cultural properties from unauthorized access. Our security solutions include alarm systems, video surveillance, and access controls, all tailored to your specific needs.\n\t\t\t\t\t<\/p>\n\t\t\t\t\n\t\t\t<\/div>\n\t\t\t\n\t\t<\/div>\n\t\t\t\t\t\t<\/div>\n\t\t\t\t<\/div>\n\t\t\t\t<\/div>\n\t\t<div class=\"elementor-element elementor-element-9a62cdb e-con-full e-flex e-con e-child\" data-id=\"9a62cdb\" data-element_type=\"container\" data-settings=\"{&quot;background_background&quot;:&quot;classic&quot;}\">\n\t\t\t\t<div class=\"elementor-element elementor-element-9423abc elementor-widget__width-initial elementor-widget elementor-widget-icon-box\" data-id=\"9423abc\" data-element_type=\"widget\" data-widget_type=\"icon-box.default\">\n\t\t\t\t<div class=\"elementor-widget-container\">\n\t\t\t\t\t\t\t<div class=\"elementor-icon-box-wrapper\">\n\n\t\t\t\n\t\t\t\t\t\t<div class=\"elementor-icon-box-content\">\n\n\t\t\t\t\t\t\t\t\t<h3 class=\"elementor-icon-box-title\">\n\t\t\t\t\t\t<span  >\n\t\t\t\t\t\t\tRisk Management and Consulting\t\t\t\t\t\t<\/span>\n\t\t\t\t\t<\/h3>\n\t\t\t\t\n\t\t\t\t\t\t\t\t\t<p class=\"elementor-icon-box-description\">\n\t\t\t\t\t\tOur experts analyze potential risks and develop\ncustomized security strategies. We provide comprehensive advice to ensure that your cultural properties are optimally protected.\n\t\t\t\t\t<\/p>\n\t\t\t\t\n\t\t\t<\/div>\n\t\t\t\n\t\t<\/div>\n\t\t\t\t\t\t<\/div>\n\t\t\t\t<\/div>\n\t\t\t\t<\/div>\n\t\t\t\t\t<\/div>\n\t\t\t\t<\/div>\n\t\t<div class=\"elementor-element elementor-element-e992c82 e-flex e-con-boxed e-con e-parent\" data-id=\"e992c82\" data-element_type=\"container\">\n\t\t\t\t\t<div class=\"e-con-inner\">\n\t\t\t\t<div class=\"elementor-element elementor-element-165e58d elementor-widget elementor-widget-heading\" data-id=\"165e58d\" data-element_type=\"widget\" data-widget_type=\"heading.default\">\n\t\t\t\t<div class=\"elementor-widget-container\">\n\t\t\t\t\t<h2 class=\"elementor-heading-title elementor-size-default\">Why Choose MATILAN Security Services GmbH?<\/h2>\t\t\t\t<\/div>\n\t\t\t\t<\/div>\n\t\t\t\t\t<\/div>\n\t\t\t\t<\/div>\n\t\t<div class=\"elementor-element elementor-element-ffd83fe e-flex e-con-boxed e-con e-parent\" data-id=\"ffd83fe\" data-element_type=\"container\">\n\t\t\t\t\t<div class=\"e-con-inner\">\n\t\t\t\t<div class=\"elementor-element elementor-element-654b819 elementor-widget__width-initial elementor-widget-mobile__width-initial elementor-widget elementor-widget-text-editor\" data-id=\"654b819\" data-element_type=\"widget\" data-widget_type=\"text-editor.default\">\n\t\t\t\t<div class=\"elementor-widget-container\">\n\t\t\t\t\t\t\t\t\t<p><strong>Experience and Expertise<\/strong>: With our extensive experience in cultural property\nprotection and a team of highly qualified security experts, we offer well-founded and\nprofessional security solutions.<\/p><p><strong>Customized Security Concepts<\/strong>: Every cultural property is unique. We develop\ntailored security concepts precisely aligned with your specific requirements.<\/p><p class=\"p1 translation-block\"><strong>State-of-the-Art Technology: <\/strong> We utilize the latest security technology to ensure the\nprotection of your cultural properties. From surveillance systems to alarm devices,\nwe provide you with the best solutions.<\/p><p class=\"p1\"><strong>Discretion and Trust<\/strong>: Your cultural properties are in safe hands with us. We handle\nall information with the utmost confidentiality, ensuring discreet and reliable\nservice.<\/p><p class=\"p1\"><strong>Commitment and Passion<\/strong>: Protecting cultural properties is not just a profession for\nus but a passion. We are fully committed to ensuring that your treasures remain safe\nand intact.<\/p>\t\t\t\t\t\t\t\t<\/div>\n\t\t\t\t<\/div>\n\t\t\t\t<div class=\"elementor-element elementor-element-32ff8f6 elementor-widget elementor-widget-spacer\" data-id=\"32ff8f6\" data-element_type=\"widget\" data-widget_type=\"spacer.default\">\n\t\t\t\t<div class=\"elementor-widget-container\">\n\t\t\t\t\t\t\t<div class=\"elementor-spacer\">\n\t\t\t<div class=\"elementor-spacer-inner\"><\/div>\n\t\t<\/div>\n\t\t\t\t\t\t<\/div>\n\t\t\t\t<\/div>\n\t\t\t\t\t<\/div>\n\t\t\t\t<\/div>\n\t\t<div class=\"elementor-element elementor-element-3dfc7fe e-flex e-con-boxed e-con e-parent\" data-id=\"3dfc7fe\" data-element_type=\"container\">\n\t\t\t\t\t<div class=\"e-con-inner\">\n\t\t\t\t<div class=\"elementor-element elementor-element-03343ef elementor-widget elementor-widget-heading\" data-id=\"03343ef\" data-element_type=\"widget\" data-widget_type=\"heading.default\">\n\t\t\t\t<div class=\"elementor-widget-container\">\n\t\t\t\t\t<h2 class=\"elementor-heading-title elementor-size-default\">Unsere Kooperationspartner<\/h2>\t\t\t\t<\/div>\n\t\t\t\t<\/div>\n\t\t\t\t<div class=\"elementor-element elementor-element-4234723 elementor-widget elementor-widget-image\" data-id=\"4234723\" data-element_type=\"widget\" data-widget_type=\"image.default\">\n\t\t\t\t<div class=\"elementor-widget-container\">\n\t\t\t\t\t\t\t\t\t\t\t\t\t\t\t<img decoding=\"async\" width=\"150\" height=\"91\" src=\"https:\/\/matilan.at\/wp-content\/uploads\/2024\/12\/oetztaler_museen_logo.svg\" class=\"attachment-thumbnail size-thumbnail wp-image-5651\" alt=\"\" \/>\t\t\t\t\t\t\t\t\t\t\t\t\t\t\t<\/div>\n\t\t\t\t<\/div>\n\t\t\t\t<div class=\"elementor-element elementor-element-348b2e5 elementor-widget elementor-widget-spacer\" data-id=\"348b2e5\" data-element_type=\"widget\" data-widget_type=\"spacer.default\">\n\t\t\t\t<div class=\"elementor-widget-container\">\n\t\t\t\t\t\t\t<div class=\"elementor-spacer\">\n\t\t\t<div class=\"elementor-spacer-inner\"><\/div>\n\t\t<\/div>\n\t\t\t\t\t\t<\/div>\n\t\t\t\t<\/div>\n\t\t\t\t\t<\/div>\n\t\t\t\t<\/div>\n\t\t<div class=\"elementor-element elementor-element-63a680f e-flex e-con-boxed e-con e-parent\" data-id=\"63a680f\" data-element_type=\"container\">\n\t\t\t\t\t<div class=\"e-con-inner\">\n\t\t\t\t<div class=\"elementor-element elementor-element-09353ff elementor-widget elementor-widget-heading\" data-id=\"09353ff\" data-element_type=\"widget\" data-widget_type=\"heading.default\">\n\t\t\t\t<div class=\"elementor-widget-container\">\n\t\t\t\t\t<h2 class=\"elementor-heading-title elementor-size-default\">Contact Us<\/h2>\t\t\t\t<\/div>\n\t\t\t\t<\/div>\n\t\t\t\t<div class=\"elementor-element elementor-element-9f2e87e elementor-widget__width-initial elementor-widget-mobile__width-initial elementor-widget elementor-widget-text-editor\" data-id=\"9f2e87e\" data-element_type=\"widget\" data-widget_type=\"text-editor.default\">\n\t\t\t\t<div class=\"elementor-widget-container\">\n\t\t\t\t\t\t\t\t\t<p class=\"p1\">Secure your cultural properties with the experts at MATILAN Security Services GmbH.\nContact us today for a non-binding consultation to learn how we can help protect your\nvaluable treasures.<\/p>\t\t\t\t\t\t\t\t<\/div>\n\t\t\t\t<\/div>\n\t\t\t\t<div class=\"elementor-element elementor-element-b524f44 elementor-widget elementor-widget-spacer\" data-id=\"b524f44\" data-element_type=\"widget\" data-widget_type=\"spacer.default\">\n\t\t\t\t<div class=\"elementor-widget-container\">\n\t\t\t\t\t\t\t<div class=\"elementor-spacer\">\n\t\t\t<div class=\"elementor-spacer-inner\"><\/div>\n\t\t<\/div>\n\t\t\t\t\t\t<\/div>\n\t\t\t\t<\/div>\n\t\t\t\t\t<\/div>\n\t\t\t\t<\/div>\n\t\t<div class=\"elementor-element elementor-element-1a58f7c e-flex e-con-boxed e-con e-parent\" data-id=\"1a58f7c\" data-element_type=\"container\">\n\t\t\t\t\t<div class=\"e-con-inner\">\n\t\t\t\t<div class=\"elementor-element elementor-element-60179a5 elementor-blockquote--skin-clean elementor-blockquote--align-center elementor-widget elementor-widget-blockquote\" data-id=\"60179a5\" data-element_type=\"widget\" data-widget_type=\"blockquote.default\">\n\t\t\t\t<div class=\"elementor-widget-container\">\n\t\t\t\t\t\t\t<blockquote class=\"elementor-blockquote\">\n\t\t\t<p class=\"elementor-blockquote__content\">\n\t\t\t\tYour reliable partner in cultural property protection.\t\t\t<\/p>\n\t\t\t\t\t<\/blockquote>\n\t\t\t\t\t\t<\/div>\n\t\t\t\t<\/div>\n\t\t\t\t<div class=\"elementor-element elementor-element-396b36e elementor-widget elementor-widget-spacer\" data-id=\"396b36e\" data-element_type=\"widget\" data-widget_type=\"spacer.default\">\n\t\t\t\t<div class=\"elementor-widget-container\">\n\t\t\t\t\t\t\t<div class=\"elementor-spacer\">\n\t\t\t<div class=\"elementor-spacer-inner\"><\/div>\n\t\t<\/div>\n\t\t\t\t\t\t<\/div>\n\t\t\t\t<\/div>\n\t\t\t\t\t<\/div>\n\t\t\t\t<\/div>\n\t\t\t\t<\/div>","protected":false},"excerpt":{"rendered":"<p>Kulturg\u00fcterschutz Kulturg\u00fcter sind wertvolle Zeugnisse unserer Geschichte und Kultur, die es zu bewahren gilt. Bei MATILAN Security Services GmbH haben wir uns auf den Schutz dieser einzigartigen Sch\u00e4tze spezialisiert. Unsere ma\u00dfgeschneiderten Sicherheitsl\u00f6sungen gew\u00e4hrleisten den bestm\u00f6glichen Schutz f\u00fcr Museen, Galerien, Archive und historische St\u00e4tten. Unsere Dienstleistungen Objektschutz Wir unterst\u00fctzen das Stammpersonal in allen Bereichen des Museumsbetriebs. [&hellip;]<\/p>\n","protected":false},"author":2,"featured_media":0,"parent":0,"menu_order":0,"comment_status":"closed","ping_status":"closed","template":"","meta":{"footnotes":""},"class_list":["post-5348","page","type-page","status-publish","hentry"],"yoast_head":"<!-- This site is optimized with the Yoast SEO plugin v26.7 - https:\/\/yoast.com\/wordpress\/plugins\/seo\/ -->\n<title>Kulturg\u00fcterschutz - Ihr Sicherheitsexperte<\/title>\n<meta name=\"description\" content=\"MATILAN bietet spezialisierten Kulturg\u00fcterschutz durch ma\u00dfgeschneiderte Sicherheitsl\u00f6sungen. Unsere erfahrenen Fachkr\u00e4fte sch\u00fctzen Museen, Galerien und historische St\u00e4tten mit modernster Technik und umfassender Expertise. Wir bieten Sicherheitskonzepte, Transportl\u00f6sungen und Einbruchschutz f\u00fcr wertvolle Kulturg\u00fcter. Vertrauen Sie auf unsere langj\u00e4hrige Erfahrung und unser Engagement f\u00fcr den Schutz Ihres Kulturerbes. Kontaktieren Sie uns f\u00fcr eine individuelle Beratung.\" \/>\n<meta name=\"robots\" content=\"index, follow, max-snippet:-1, max-image-preview:large, max-video-preview:-1\" \/>\n<link rel=\"canonical\" href=\"https:\/\/matilan.at\/en\/cultural-property-protection\" \/>\n<meta property=\"og:locale\" content=\"en_GB\" \/>\n<meta property=\"og:type\" content=\"article\" \/>\n<meta property=\"og:title\" content=\"Kulturg\u00fcterschutz - Ihr Sicherheitsexperte\" \/>\n<meta property=\"og:description\" content=\"MATILAN bietet spezialisierten Kulturg\u00fcterschutz durch ma\u00dfgeschneiderte Sicherheitsl\u00f6sungen. Unsere erfahrenen Fachkr\u00e4fte sch\u00fctzen Museen, Galerien und historische St\u00e4tten mit modernster Technik und umfassender Expertise. Wir bieten Sicherheitskonzepte, Transportl\u00f6sungen und Einbruchschutz f\u00fcr wertvolle Kulturg\u00fcter. Vertrauen Sie auf unsere langj\u00e4hrige Erfahrung und unser Engagement f\u00fcr den Schutz Ihres Kulturerbes. Kontaktieren Sie uns f\u00fcr eine individuelle Beratung.\" \/>\n<meta property=\"og:url\" content=\"https:\/\/matilan.at\/en\/cultural-property-protection\" \/>\n<meta property=\"og:site_name\" content=\"Ihr Sicherheitsexperte\" \/>\n<meta property=\"article:modified_time\" content=\"2024-12-11T12:09:47+00:00\" \/>\n<meta property=\"og:image\" content=\"https:\/\/matilan.at\/wp-content\/uploads\/2024\/12\/oetztaler_museen_logo.svg\" \/>\n<meta name=\"twitter:card\" content=\"summary_large_image\" \/>\n<meta name=\"twitter:label1\" content=\"Estimated reading time\" \/>\n\t<meta name=\"twitter:data1\" content=\"2 minutes\" \/>\n<script type=\"application\/ld+json\" class=\"yoast-schema-graph\">{\"@context\":\"https:\/\/schema.org\",\"@graph\":[{\"@type\":\"WebPage\",\"@id\":\"https:\/\/matilan.at\/kulturgueterschutz\",\"url\":\"https:\/\/matilan.at\/kulturgueterschutz\",\"name\":\"Kulturg\u00fcterschutz - Ihr Sicherheitsexperte\",\"isPartOf\":{\"@id\":\"https:\/\/matilan.at\/#website\"},\"primaryImageOfPage\":{\"@id\":\"https:\/\/matilan.at\/kulturgueterschutz#primaryimage\"},\"image\":{\"@id\":\"https:\/\/matilan.at\/kulturgueterschutz#primaryimage\"},\"thumbnailUrl\":\"https:\/\/matilan.at\/wp-content\/uploads\/2024\/12\/oetztaler_museen_logo.svg\",\"datePublished\":\"2024-07-19T13:16:03+00:00\",\"dateModified\":\"2024-12-11T12:09:47+00:00\",\"description\":\"MATILAN bietet spezialisierten Kulturg\u00fcterschutz durch ma\u00dfgeschneiderte Sicherheitsl\u00f6sungen. Unsere erfahrenen Fachkr\u00e4fte sch\u00fctzen Museen, Galerien und historische St\u00e4tten mit modernster Technik und umfassender Expertise. Wir bieten Sicherheitskonzepte, Transportl\u00f6sungen und Einbruchschutz f\u00fcr wertvolle Kulturg\u00fcter. Vertrauen Sie auf unsere langj\u00e4hrige Erfahrung und unser Engagement f\u00fcr den Schutz Ihres Kulturerbes. Kontaktieren Sie uns f\u00fcr eine individuelle Beratung.\",\"breadcrumb\":{\"@id\":\"https:\/\/matilan.at\/kulturgueterschutz#breadcrumb\"},\"inLanguage\":\"en-GB\",\"potentialAction\":[{\"@type\":\"ReadAction\",\"target\":[\"https:\/\/matilan.at\/kulturgueterschutz\"]}]},{\"@type\":\"ImageObject\",\"inLanguage\":\"en-GB\",\"@id\":\"https:\/\/matilan.at\/kulturgueterschutz#primaryimage\",\"url\":\"https:\/\/matilan.at\/wp-content\/uploads\/2024\/12\/oetztaler_museen_logo.svg\",\"contentUrl\":\"https:\/\/matilan.at\/wp-content\/uploads\/2024\/12\/oetztaler_museen_logo.svg\"},{\"@type\":\"BreadcrumbList\",\"@id\":\"https:\/\/matilan.at\/kulturgueterschutz#breadcrumb\",\"itemListElement\":[{\"@type\":\"ListItem\",\"position\":1,\"name\":\"Startseite\",\"item\":\"https:\/\/matilan.at\/\"},{\"@type\":\"ListItem\",\"position\":2,\"name\":\"Kulturg\u00fcterschutz\"}]},{\"@type\":\"WebSite\",\"@id\":\"https:\/\/matilan.at\/#website\",\"url\":\"https:\/\/matilan.at\/\",\"name\":\"Ihr Sicherheitsexperte\",\"description\":\"\",\"potentialAction\":[{\"@type\":\"SearchAction\",\"target\":{\"@type\":\"EntryPoint\",\"urlTemplate\":\"https:\/\/matilan.at\/?s={search_term_string}\"},\"query-input\":{\"@type\":\"PropertyValueSpecification\",\"valueRequired\":true,\"valueName\":\"search_term_string\"}}],\"inLanguage\":\"en-GB\"}]}<\/script>\n<!-- \/ Yoast SEO plugin. -->","yoast_head_json":{"title":"Kulturg\u00fcterschutz - Ihr Sicherheitsexperte","description":"MATILAN bietet spezialisierten Kulturg\u00fcterschutz durch ma\u00dfgeschneiderte Sicherheitsl\u00f6sungen. Unsere erfahrenen Fachkr\u00e4fte sch\u00fctzen Museen, Galerien und historische St\u00e4tten mit modernster Technik und umfassender Expertise. Wir bieten Sicherheitskonzepte, Transportl\u00f6sungen und Einbruchschutz f\u00fcr wertvolle Kulturg\u00fcter. Vertrauen Sie auf unsere langj\u00e4hrige Erfahrung und unser Engagement f\u00fcr den Schutz Ihres Kulturerbes. Kontaktieren Sie uns f\u00fcr eine individuelle Beratung.","robots":{"index":"index","follow":"follow","max-snippet":"max-snippet:-1","max-image-preview":"max-image-preview:large","max-video-preview":"max-video-preview:-1"},"canonical":"https:\/\/matilan.at\/en\/cultural-property-protection","og_locale":"en_GB","og_type":"article","og_title":"Kulturg\u00fcterschutz - Ihr Sicherheitsexperte","og_description":"MATILAN bietet spezialisierten Kulturg\u00fcterschutz durch ma\u00dfgeschneiderte Sicherheitsl\u00f6sungen. Unsere erfahrenen Fachkr\u00e4fte sch\u00fctzen Museen, Galerien und historische St\u00e4tten mit modernster Technik und umfassender Expertise. Wir bieten Sicherheitskonzepte, Transportl\u00f6sungen und Einbruchschutz f\u00fcr wertvolle Kulturg\u00fcter. Vertrauen Sie auf unsere langj\u00e4hrige Erfahrung und unser Engagement f\u00fcr den Schutz Ihres Kulturerbes. Kontaktieren Sie uns f\u00fcr eine individuelle Beratung.","og_url":"https:\/\/matilan.at\/en\/cultural-property-protection","og_site_name":"Ihr Sicherheitsexperte","article_modified_time":"2024-12-11T12:09:47+00:00","og_image":[{"url":"https:\/\/matilan.at\/wp-content\/uploads\/2024\/12\/oetztaler_museen_logo.svg","type":"","width":"","height":""}],"twitter_card":"summary_large_image","twitter_misc":{"Estimated reading time":"2 minutes"},"schema":{"@context":"https:\/\/schema.org","@graph":[{"@type":"WebPage","@id":"https:\/\/matilan.at\/kulturgueterschutz","url":"https:\/\/matilan.at\/kulturgueterschutz","name":"Kulturg\u00fcterschutz - Ihr Sicherheitsexperte","isPartOf":{"@id":"https:\/\/matilan.at\/#website"},"primaryImageOfPage":{"@id":"https:\/\/matilan.at\/kulturgueterschutz#primaryimage"},"image":{"@id":"https:\/\/matilan.at\/kulturgueterschutz#primaryimage"},"thumbnailUrl":"https:\/\/matilan.at\/wp-content\/uploads\/2024\/12\/oetztaler_museen_logo.svg","datePublished":"2024-07-19T13:16:03+00:00","dateModified":"2024-12-11T12:09:47+00:00","description":"MATILAN bietet spezialisierten Kulturg\u00fcterschutz durch ma\u00dfgeschneiderte Sicherheitsl\u00f6sungen. Unsere erfahrenen Fachkr\u00e4fte sch\u00fctzen Museen, Galerien und historische St\u00e4tten mit modernster Technik und umfassender Expertise. Wir bieten Sicherheitskonzepte, Transportl\u00f6sungen und Einbruchschutz f\u00fcr wertvolle Kulturg\u00fcter. Vertrauen Sie auf unsere langj\u00e4hrige Erfahrung und unser Engagement f\u00fcr den Schutz Ihres Kulturerbes. Kontaktieren Sie uns f\u00fcr eine individuelle Beratung.","breadcrumb":{"@id":"https:\/\/matilan.at\/kulturgueterschutz#breadcrumb"},"inLanguage":"en-GB","potentialAction":[{"@type":"ReadAction","target":["https:\/\/matilan.at\/kulturgueterschutz"]}]},{"@type":"ImageObject","inLanguage":"en-GB","@id":"https:\/\/matilan.at\/kulturgueterschutz#primaryimage","url":"https:\/\/matilan.at\/wp-content\/uploads\/2024\/12\/oetztaler_museen_logo.svg","contentUrl":"https:\/\/matilan.at\/wp-content\/uploads\/2024\/12\/oetztaler_museen_logo.svg"},{"@type":"BreadcrumbList","@id":"https:\/\/matilan.at\/kulturgueterschutz#breadcrumb","itemListElement":[{"@type":"ListItem","position":1,"name":"Startseite","item":"https:\/\/matilan.at\/"},{"@type":"ListItem","position":2,"name":"Kulturg\u00fcterschutz"}]},{"@type":"WebSite","@id":"https:\/\/matilan.at\/#website","url":"https:\/\/matilan.at\/","name":"Ihr Sicherheitsexperte","description":"","potentialAction":[{"@type":"SearchAction","target":{"@type":"EntryPoint","urlTemplate":"https:\/\/matilan.at\/?s={search_term_string}"},"query-input":{"@type":"PropertyValueSpecification","valueRequired":true,"valueName":"search_term_string"}}],"inLanguage":"en-GB"}]}},"_links":{"self":[{"href":"https:\/\/matilan.at\/en\/wp-json\/wp\/v2\/pages\/5348","targetHints":{"allow":["GET"]}}],"collection":[{"href":"https:\/\/matilan.at\/en\/wp-json\/wp\/v2\/pages"}],"about":[{"href":"https:\/\/matilan.at\/en\/wp-json\/wp\/v2\/types\/page"}],"author":[{"embeddable":true,"href":"https:\/\/matilan.at\/en\/wp-json\/wp\/v2\/users\/2"}],"replies":[{"embeddable":true,"href":"https:\/\/matilan.at\/en\/wp-json\/wp\/v2\/comments?post=5348"}],"version-history":[{"count":39,"href":"https:\/\/matilan.at\/en\/wp-json\/wp\/v2\/pages\/5348\/revisions"}],"predecessor-version":[{"id":5657,"href":"https:\/\/matilan.at\/en\/wp-json\/wp\/v2\/pages\/5348\/revisions\/5657"}],"wp:attachment":[{"href":"https:\/\/matilan.at\/en\/wp-json\/wp\/v2\/media?parent=5348"}],"curies":[{"name":"wp","href":"https:\/\/api.w.org\/{rel}","templated":true}]}}