{"id":25,"date":"2018-08-09T11:29:13","date_gmt":"2018-08-09T11:29:13","guid":{"rendered":"https:\/\/matilan.at\/?page_id=25"},"modified":"2024-08-02T12:06:04","modified_gmt":"2024-08-02T12:06:04","slug":"about-us","status":"publish","type":"page","link":"https:\/\/matilan.at\/en\/about-us","title":{"rendered":"About us"},"content":{"rendered":"<div data-elementor-type=\"wp-post\" data-elementor-id=\"25\" class=\"elementor elementor-25\" data-elementor-post-type=\"page\">\n\t\t\t\t\t\t<section class=\"elementor-section elementor-top-section elementor-element elementor-element-a94b1d7 elementor-section-height-min-height elementor-section-boxed elementor-section-height-default elementor-section-items-middle\" data-id=\"a94b1d7\" data-element_type=\"section\" data-settings=\"{&quot;background_background&quot;:&quot;classic&quot;}\">\n\t\t\t\t\t\t\t<div class=\"elementor-background-overlay\"><\/div>\n\t\t\t\t\t\t\t<div class=\"elementor-container elementor-column-gap-default\">\n\t\t\t\t\t<div class=\"elementor-column elementor-col-100 elementor-top-column elementor-element elementor-element-af8dd79\" data-id=\"af8dd79\" data-element_type=\"column\">\n\t\t\t<div class=\"elementor-widget-wrap elementor-element-populated\">\n\t\t\t\t\t\t<div class=\"elementor-element elementor-element-65f2d0c elementor-widget__width-initial elementor-widget elementor-widget-heading\" data-id=\"65f2d0c\" data-element_type=\"widget\" data-widget_type=\"heading.default\">\n\t\t\t\t<div class=\"elementor-widget-container\">\n\t\t\t\t\t<h1 class=\"elementor-heading-title elementor-size-default\">About us<\/h1>\t\t\t\t<\/div>\n\t\t\t\t<\/div>\n\t\t\t\t\t<\/div>\n\t\t<\/div>\n\t\t\t\t\t<\/div>\n\t\t<\/section>\n\t\t\t\t<section class=\"elementor-section elementor-top-section elementor-element elementor-element-1b7759f elementor-section-boxed elementor-section-height-default elementor-section-height-default\" data-id=\"1b7759f\" data-element_type=\"section\">\n\t\t\t\t\t\t<div class=\"elementor-container elementor-column-gap-default\">\n\t\t\t\t\t<div class=\"elementor-column elementor-col-50 elementor-top-column elementor-element elementor-element-2a2981a\" data-id=\"2a2981a\" data-element_type=\"column\">\n\t\t\t<div class=\"elementor-widget-wrap elementor-element-populated\">\n\t\t\t\t\t\t<div class=\"elementor-element elementor-element-f6cc078 elementor-widget elementor-widget-text-editor\" data-id=\"f6cc078\" data-element_type=\"widget\" data-widget_type=\"text-editor.default\">\n\t\t\t\t<div class=\"elementor-widget-container\">\n\t\t\t\t\t\t\t\t\t<p class=\"p1\">Security is a fundamental human need. Public security agencies, such as the police,\ncannot always meet this need in the desired manner and at the right moment. Our goal is to\nensure your security precisely when and where it is needed.<\/p>\t\t\t\t\t\t\t\t<\/div>\n\t\t\t\t<\/div>\n\t\t\t\t<section class=\"elementor-section elementor-inner-section elementor-element elementor-element-fe0083a elementor-section-boxed elementor-section-height-default elementor-section-height-default\" data-id=\"fe0083a\" data-element_type=\"section\">\n\t\t\t\t\t\t<div class=\"elementor-container elementor-column-gap-no\">\n\t\t\t\t\t<div class=\"elementor-column elementor-col-100 elementor-inner-column elementor-element elementor-element-35439a4\" data-id=\"35439a4\" data-element_type=\"column\">\n\t\t\t<div class=\"elementor-widget-wrap elementor-element-populated\">\n\t\t\t\t\t\t<div class=\"elementor-element elementor-element-90542db elementor-widget elementor-widget-text-editor\" data-id=\"90542db\" data-element_type=\"widget\" data-widget_type=\"text-editor.default\">\n\t\t\t\t<div class=\"elementor-widget-container\">\n\t\t\t\t\t\t\t\t\t<p class=\"p1\">MATILAN is a modern, internationally active security company offering comprehensive\nservices that consider all threat scenarios. After a thorough analysis, we develop a\ncustomized security concept for our clients.<\/p><p class=\"p1\">This concept encompasses both defensive and offensive strategies. We bring the necessary\nexperience and expertise to not only protect our clients from risks but also proactively\ncombat them. Our team members possess valuable, verifiable, and extensive experience in\npolice, military, and security services both domestically and abroad.<\/p><p class=\"p1\">Thanks to our international operations in Europe, Ukraine, the Middle East, and other\nregions worldwide, we offer you strategic solutions as well as practical and physical\nprotection.<\/p>\t\t\t\t\t\t\t\t<\/div>\n\t\t\t\t<\/div>\n\t\t\t\t\t<\/div>\n\t\t<\/div>\n\t\t\t\t\t<\/div>\n\t\t<\/section>\n\t\t\t\t\t<\/div>\n\t\t<\/div>\n\t\t\t\t<div class=\"elementor-column elementor-col-50 elementor-top-column elementor-element elementor-element-9216bf1\" data-id=\"9216bf1\" data-element_type=\"column\">\n\t\t\t<div class=\"elementor-widget-wrap\">\n\t\t\t\t\t\t\t<\/div>\n\t\t<\/div>\n\t\t\t\t\t<\/div>\n\t\t<\/section>\n\t\t\t\t<section class=\"elementor-section elementor-top-section elementor-element elementor-element-d67df18 elementor-section-boxed elementor-section-height-default elementor-section-height-default\" data-id=\"d67df18\" data-element_type=\"section\">\n\t\t\t\t\t\t<div class=\"elementor-container elementor-column-gap-default\">\n\t\t\t\t\t<div class=\"elementor-column elementor-col-100 elementor-top-column elementor-element elementor-element-0581079\" data-id=\"0581079\" data-element_type=\"column\">\n\t\t\t<div class=\"elementor-widget-wrap elementor-element-populated\">\n\t\t\t\t\t\t<div class=\"elementor-element elementor-element-b5a536c elementor-widget elementor-widget-heading\" data-id=\"b5a536c\" data-element_type=\"widget\" data-widget_type=\"heading.default\">\n\t\t\t\t<div class=\"elementor-widget-container\">\n\t\t\t\t\t<h2 class=\"elementor-heading-title elementor-size-default\">Our Clients<\/h2>\t\t\t\t<\/div>\n\t\t\t\t<\/div>\n\t\t\t\t<div class=\"elementor-element elementor-element-0a72837 elementor-widget elementor-widget-text-editor\" data-id=\"0a72837\" data-element_type=\"widget\" data-widget_type=\"text-editor.default\">\n\t\t\t\t<div class=\"elementor-widget-container\">\n\t\t\t\t\t\t\t\t\t<p class=\"p1\">Our clientele includes organizations, politicians, businesspeople from various sectors and\nindustries, large corporations, as well as small and medium-sized enterprises, embassies,\ndelegations, museums, and private individuals.<\/p><p class=\"p1\">Our company is a member of the Austrian Economic Chamber (WKO) and holds a state\nlicense as a security company.<\/p>\t\t\t\t\t\t\t\t<\/div>\n\t\t\t\t<\/div>\n\t\t\t\t\t<\/div>\n\t\t<\/div>\n\t\t\t\t\t<\/div>\n\t\t<\/section>\n\t\t\t\t<\/div>","protected":false},"excerpt":{"rendered":"<p>Sicherheit ist ein menschliches Grundbed\u00fcrfnis. Die Organe der \u00f6ffentlichen Sicherheit, wie z.B. die Polizei, k\u00f6nnen diesem Bed\u00fcrfnis nicht immer in gew\u00fcnschter Form und vor allem im richtigen Moment nachkommen. Unser Ziel ist es, Ihre Sicherheit zu gew\u00e4hrleisten und zwar dann und dort, wo sie tats\u00e4chlich ben\u00f6tigt wird. MATILAN ist ein modernes international t\u00e4tiges Sicherheitsunternehmen, das [&hellip;]<\/p>\n","protected":false},"author":1,"featured_media":0,"parent":0,"menu_order":0,"comment_status":"closed","ping_status":"closed","template":"","meta":{"footnotes":""},"class_list":["post-25","page","type-page","status-publish","hentry"],"yoast_head":"<!-- This site is optimized with the Yoast SEO plugin v26.7 - https:\/\/yoast.com\/wordpress\/plugins\/seo\/ -->\n<title>\u00dcber uns - Ihr Sicherheitsexperte<\/title>\n<meta name=\"description\" content=\"MATILAN ist ein internationales Sicherheitsunternehmen, das ma\u00dfgeschneiderte Sicherheitskonzepte bietet. Unsere Experten sch\u00fctzen Sie mit defensiven und offensiven Strategien, basierend auf langj\u00e4hriger Erfahrung in Polizei, Milit\u00e4r und Sicherheitsdiensten.\" \/>\n<meta name=\"robots\" content=\"index, follow, max-snippet:-1, max-image-preview:large, max-video-preview:-1\" \/>\n<link rel=\"canonical\" href=\"https:\/\/matilan.at\/en\/about-us\" \/>\n<meta property=\"og:locale\" content=\"en_GB\" \/>\n<meta property=\"og:type\" content=\"article\" \/>\n<meta property=\"og:title\" content=\"\u00dcber uns - Ihr Sicherheitsexperte\" \/>\n<meta property=\"og:description\" content=\"MATILAN ist ein internationales Sicherheitsunternehmen, das ma\u00dfgeschneiderte Sicherheitskonzepte bietet. Unsere Experten sch\u00fctzen Sie mit defensiven und offensiven Strategien, basierend auf langj\u00e4hriger Erfahrung in Polizei, Milit\u00e4r und Sicherheitsdiensten.\" \/>\n<meta property=\"og:url\" content=\"https:\/\/matilan.at\/en\/about-us\" \/>\n<meta property=\"og:site_name\" content=\"Ihr Sicherheitsexperte\" \/>\n<meta property=\"article:modified_time\" content=\"2024-08-02T12:06:04+00:00\" \/>\n<meta name=\"twitter:card\" content=\"summary_large_image\" \/>\n<meta name=\"twitter:label1\" content=\"Estimated reading time\" \/>\n\t<meta name=\"twitter:data1\" content=\"2 minutes\" \/>\n<script type=\"application\/ld+json\" class=\"yoast-schema-graph\">{\"@context\":\"https:\/\/schema.org\",\"@graph\":[{\"@type\":\"WebPage\",\"@id\":\"https:\/\/matilan.at\/ueber-uns\",\"url\":\"https:\/\/matilan.at\/ueber-uns\",\"name\":\"\u00dcber uns - Ihr Sicherheitsexperte\",\"isPartOf\":{\"@id\":\"https:\/\/matilan.at\/#website\"},\"datePublished\":\"2018-08-09T11:29:13+00:00\",\"dateModified\":\"2024-08-02T12:06:04+00:00\",\"description\":\"MATILAN ist ein internationales Sicherheitsunternehmen, das ma\u00dfgeschneiderte Sicherheitskonzepte bietet. Unsere Experten sch\u00fctzen Sie mit defensiven und offensiven Strategien, basierend auf langj\u00e4hriger Erfahrung in Polizei, Milit\u00e4r und Sicherheitsdiensten.\",\"breadcrumb\":{\"@id\":\"https:\/\/matilan.at\/ueber-uns#breadcrumb\"},\"inLanguage\":\"en-GB\",\"potentialAction\":[{\"@type\":\"ReadAction\",\"target\":[\"https:\/\/matilan.at\/ueber-uns\"]}]},{\"@type\":\"BreadcrumbList\",\"@id\":\"https:\/\/matilan.at\/ueber-uns#breadcrumb\",\"itemListElement\":[{\"@type\":\"ListItem\",\"position\":1,\"name\":\"Startseite\",\"item\":\"https:\/\/matilan.at\/\"},{\"@type\":\"ListItem\",\"position\":2,\"name\":\"\u00dcber uns\"}]},{\"@type\":\"WebSite\",\"@id\":\"https:\/\/matilan.at\/#website\",\"url\":\"https:\/\/matilan.at\/\",\"name\":\"Ihr Sicherheitsexperte\",\"description\":\"\",\"potentialAction\":[{\"@type\":\"SearchAction\",\"target\":{\"@type\":\"EntryPoint\",\"urlTemplate\":\"https:\/\/matilan.at\/?s={search_term_string}\"},\"query-input\":{\"@type\":\"PropertyValueSpecification\",\"valueRequired\":true,\"valueName\":\"search_term_string\"}}],\"inLanguage\":\"en-GB\"}]}<\/script>\n<!-- \/ Yoast SEO plugin. -->","yoast_head_json":{"title":"\u00dcber uns - Ihr Sicherheitsexperte","description":"MATILAN ist ein internationales Sicherheitsunternehmen, das ma\u00dfgeschneiderte Sicherheitskonzepte bietet. Unsere Experten sch\u00fctzen Sie mit defensiven und offensiven Strategien, basierend auf langj\u00e4hriger Erfahrung in Polizei, Milit\u00e4r und Sicherheitsdiensten.","robots":{"index":"index","follow":"follow","max-snippet":"max-snippet:-1","max-image-preview":"max-image-preview:large","max-video-preview":"max-video-preview:-1"},"canonical":"https:\/\/matilan.at\/en\/about-us","og_locale":"en_GB","og_type":"article","og_title":"\u00dcber uns - Ihr Sicherheitsexperte","og_description":"MATILAN ist ein internationales Sicherheitsunternehmen, das ma\u00dfgeschneiderte Sicherheitskonzepte bietet. Unsere Experten sch\u00fctzen Sie mit defensiven und offensiven Strategien, basierend auf langj\u00e4hriger Erfahrung in Polizei, Milit\u00e4r und Sicherheitsdiensten.","og_url":"https:\/\/matilan.at\/en\/about-us","og_site_name":"Ihr Sicherheitsexperte","article_modified_time":"2024-08-02T12:06:04+00:00","twitter_card":"summary_large_image","twitter_misc":{"Estimated reading time":"2 minutes"},"schema":{"@context":"https:\/\/schema.org","@graph":[{"@type":"WebPage","@id":"https:\/\/matilan.at\/ueber-uns","url":"https:\/\/matilan.at\/ueber-uns","name":"\u00dcber uns - Ihr Sicherheitsexperte","isPartOf":{"@id":"https:\/\/matilan.at\/#website"},"datePublished":"2018-08-09T11:29:13+00:00","dateModified":"2024-08-02T12:06:04+00:00","description":"MATILAN ist ein internationales Sicherheitsunternehmen, das ma\u00dfgeschneiderte Sicherheitskonzepte bietet. Unsere Experten sch\u00fctzen Sie mit defensiven und offensiven Strategien, basierend auf langj\u00e4hriger Erfahrung in Polizei, Milit\u00e4r und Sicherheitsdiensten.","breadcrumb":{"@id":"https:\/\/matilan.at\/ueber-uns#breadcrumb"},"inLanguage":"en-GB","potentialAction":[{"@type":"ReadAction","target":["https:\/\/matilan.at\/ueber-uns"]}]},{"@type":"BreadcrumbList","@id":"https:\/\/matilan.at\/ueber-uns#breadcrumb","itemListElement":[{"@type":"ListItem","position":1,"name":"Startseite","item":"https:\/\/matilan.at\/"},{"@type":"ListItem","position":2,"name":"\u00dcber uns"}]},{"@type":"WebSite","@id":"https:\/\/matilan.at\/#website","url":"https:\/\/matilan.at\/","name":"Ihr Sicherheitsexperte","description":"","potentialAction":[{"@type":"SearchAction","target":{"@type":"EntryPoint","urlTemplate":"https:\/\/matilan.at\/?s={search_term_string}"},"query-input":{"@type":"PropertyValueSpecification","valueRequired":true,"valueName":"search_term_string"}}],"inLanguage":"en-GB"}]}},"_links":{"self":[{"href":"https:\/\/matilan.at\/en\/wp-json\/wp\/v2\/pages\/25","targetHints":{"allow":["GET"]}}],"collection":[{"href":"https:\/\/matilan.at\/en\/wp-json\/wp\/v2\/pages"}],"about":[{"href":"https:\/\/matilan.at\/en\/wp-json\/wp\/v2\/types\/page"}],"author":[{"embeddable":true,"href":"https:\/\/matilan.at\/en\/wp-json\/wp\/v2\/users\/1"}],"replies":[{"embeddable":true,"href":"https:\/\/matilan.at\/en\/wp-json\/wp\/v2\/comments?post=25"}],"version-history":[{"count":68,"href":"https:\/\/matilan.at\/en\/wp-json\/wp\/v2\/pages\/25\/revisions"}],"predecessor-version":[{"id":5597,"href":"https:\/\/matilan.at\/en\/wp-json\/wp\/v2\/pages\/25\/revisions\/5597"}],"wp:attachment":[{"href":"https:\/\/matilan.at\/en\/wp-json\/wp\/v2\/media?parent=25"}],"curies":[{"name":"wp","href":"https:\/\/api.w.org\/{rel}","templated":true}]}}