{"id":2385,"date":"2019-07-19T09:04:39","date_gmt":"2019-07-19T09:04:39","guid":{"rendered":"https:\/\/matilan.at\/?page_id=2385"},"modified":"2024-08-02T12:03:26","modified_gmt":"2024-08-02T12:03:26","slug":"investigations","status":"publish","type":"page","link":"https:\/\/matilan.at\/en\/investigations","title":{"rendered":"Investigations"},"content":{"rendered":"<div data-elementor-type=\"wp-post\" data-elementor-id=\"2385\" class=\"elementor elementor-2385\" data-elementor-post-type=\"page\">\n\t\t\t\t\t\t<section class=\"elementor-section elementor-top-section elementor-element elementor-element-2511773b elementor-section-height-min-height elementor-section-boxed elementor-section-height-default elementor-section-items-middle\" data-id=\"2511773b\" data-element_type=\"section\" data-settings=\"{&quot;background_background&quot;:&quot;classic&quot;}\">\n\t\t\t\t\t\t\t<div class=\"elementor-background-overlay\"><\/div>\n\t\t\t\t\t\t\t<div class=\"elementor-container elementor-column-gap-default\">\n\t\t\t\t\t<div class=\"elementor-column elementor-col-100 elementor-top-column elementor-element elementor-element-2e545377\" data-id=\"2e545377\" data-element_type=\"column\">\n\t\t\t<div class=\"elementor-widget-wrap elementor-element-populated\">\n\t\t\t\t\t\t<div class=\"elementor-element elementor-element-10a14697 elementor-widget__width-initial elementor-widget elementor-widget-heading\" data-id=\"10a14697\" data-element_type=\"widget\" data-widget_type=\"heading.default\">\n\t\t\t\t<div class=\"elementor-widget-container\">\n\t\t\t\t\t<h1 class=\"elementor-heading-title elementor-size-default\">Investigations<\/h1>\t\t\t\t<\/div>\n\t\t\t\t<\/div>\n\t\t\t\t\t<\/div>\n\t\t<\/div>\n\t\t\t\t\t<\/div>\n\t\t<\/section>\n\t\t<div class=\"elementor-element elementor-element-4ff2267 e-flex e-con-boxed e-con e-parent\" data-id=\"4ff2267\" data-element_type=\"container\">\n\t\t\t\t\t<div class=\"e-con-inner\">\n\t\t\t\t<div class=\"elementor-element elementor-element-e27da7e elementor-widget elementor-widget-spacer\" data-id=\"e27da7e\" data-element_type=\"widget\" data-widget_type=\"spacer.default\">\n\t\t\t\t<div class=\"elementor-widget-container\">\n\t\t\t\t\t\t\t<div class=\"elementor-spacer\">\n\t\t\t<div class=\"elementor-spacer-inner\"><\/div>\n\t\t<\/div>\n\t\t\t\t\t\t<\/div>\n\t\t\t\t<\/div>\n\t\t\t\t\t<\/div>\n\t\t\t\t<\/div>\n\t\t<div class=\"elementor-element elementor-element-b45cdac e-flex e-con-boxed e-con e-parent\" data-id=\"b45cdac\" data-element_type=\"container\">\n\t\t\t\t\t<div class=\"e-con-inner\">\n\t\t<div class=\"elementor-element elementor-element-70a53ef e-con-full e-flex e-con e-child\" data-id=\"70a53ef\" data-element_type=\"container\">\n\t\t\t\t<div class=\"elementor-element elementor-element-3a5c433 elementor-widget__width-initial elementor-widget elementor-widget-text-editor\" data-id=\"3a5c433\" data-element_type=\"widget\" data-widget_type=\"text-editor.default\">\n\t\t\t\t<div class=\"elementor-widget-container\">\n\t\t\t\t\t\t\t\t\t<p class=\"p1\">In an increasingly complex and unpredictable world, having a trusted partner by your side is\nmore important than ever. At MATILAN Security Services GmbH, we offer top-tier detective\nservices grounded in experience, discretion, and cutting-edge technology.<\/p>\t\t\t\t\t\t\t\t<\/div>\n\t\t\t\t<\/div>\n\t\t\t\t<\/div>\n\t\t\t\t\t<\/div>\n\t\t\t\t<\/div>\n\t\t<div class=\"elementor-element elementor-element-72dcf60 e-flex e-con-boxed e-con e-parent\" data-id=\"72dcf60\" data-element_type=\"container\">\n\t\t\t\t\t<div class=\"e-con-inner\">\n\t\t\t\t<div class=\"elementor-element elementor-element-9ead77f elementor-widget elementor-widget-heading\" data-id=\"9ead77f\" data-element_type=\"widget\" data-widget_type=\"heading.default\">\n\t\t\t\t<div class=\"elementor-widget-container\">\n\t\t\t\t\t<h2 class=\"elementor-heading-title elementor-size-default\">Our services<\/h2>\t\t\t\t<\/div>\n\t\t\t\t<\/div>\n\t\t\t\t\t<\/div>\n\t\t\t\t<\/div>\n\t\t<div class=\"elementor-element elementor-element-e0e084b e-flex e-con-boxed e-con e-child\" data-id=\"e0e084b\" data-element_type=\"container\" data-settings=\"{&quot;background_background&quot;:&quot;classic&quot;}\">\n\t\t\t\t\t<div class=\"e-con-inner\">\n\t\t<div class=\"elementor-element elementor-element-6f88e44 e-con-full e-flex e-con e-child\" data-id=\"6f88e44\" data-element_type=\"container\" data-settings=\"{&quot;background_background&quot;:&quot;classic&quot;}\">\n\t\t\t\t<div class=\"elementor-element elementor-element-fc89aae elementor-widget__width-initial elementor-widget elementor-widget-icon-box\" data-id=\"fc89aae\" data-element_type=\"widget\" data-widget_type=\"icon-box.default\">\n\t\t\t\t<div class=\"elementor-widget-container\">\n\t\t\t\t\t\t\t<div class=\"elementor-icon-box-wrapper\">\n\n\t\t\t\n\t\t\t\t\t\t<div class=\"elementor-icon-box-content\">\n\n\t\t\t\t\t\t\t\t\t<h3 class=\"elementor-icon-box-title\">\n\t\t\t\t\t\t<span  >\n\t\t\t\t\t\t\tCorporate Investigations\t\t\t\t\t\t<\/span>\n\t\t\t\t\t<\/h3>\n\t\t\t\t\n\t\t\t\t\t\t\t\t\t<p class=\"elementor-icon-box-description\">\n\t\t\t\t\t\tWe assist businesses in uncovering economic crimes\nsuch as fraud, theft, embezzlement, and industrial espionage. Our seasoned detectives employ modern investigative methods to provide you with reliable and\ncourt-admissible evidence.\n\t\t\t\t\t<\/p>\n\t\t\t\t\n\t\t\t<\/div>\n\t\t\t\n\t\t<\/div>\n\t\t\t\t\t\t<\/div>\n\t\t\t\t<\/div>\n\t\t\t\t<\/div>\n\t\t<div class=\"elementor-element elementor-element-67bda1c e-con-full e-flex e-con e-child\" data-id=\"67bda1c\" data-element_type=\"container\" data-settings=\"{&quot;background_background&quot;:&quot;classic&quot;}\">\n\t\t\t\t<div class=\"elementor-element elementor-element-97c6731 elementor-widget__width-initial elementor-widget elementor-widget-icon-box\" data-id=\"97c6731\" data-element_type=\"widget\" data-widget_type=\"icon-box.default\">\n\t\t\t\t<div class=\"elementor-widget-container\">\n\t\t\t\t\t\t\t<div class=\"elementor-icon-box-wrapper\">\n\n\t\t\t\n\t\t\t\t\t\t<div class=\"elementor-icon-box-content\">\n\n\t\t\t\t\t\t\t\t\t<h3 class=\"elementor-icon-box-title\">\n\t\t\t\t\t\t<span  >\n\t\t\t\t\t\t\tPrivate Investigations\t\t\t\t\t\t<\/span>\n\t\t\t\t\t<\/h3>\n\t\t\t\t\n\t\t\t\t\t\t\t\t\t<p class=\"elementor-icon-box-description\">\n\t\t\t\t\t\t  Whether dealing with suspicions of infidelity, custody\ndisputes, or stalking, we help you gain clarity in personal matters. Our discreet and sensitive investigations provide the assurance you need.\t\t\t\t\t<\/p>\n\t\t\t\t\n\t\t\t<\/div>\n\t\t\t\n\t\t<\/div>\n\t\t\t\t\t\t<\/div>\n\t\t\t\t<\/div>\n\t\t\t\t<\/div>\n\t\t<div class=\"elementor-element elementor-element-92a4308 e-con-full e-flex e-con e-child\" data-id=\"92a4308\" data-element_type=\"container\" data-settings=\"{&quot;background_background&quot;:&quot;classic&quot;}\">\n\t\t\t\t<div class=\"elementor-element elementor-element-07c62da elementor-widget__width-initial elementor-widget elementor-widget-icon-box\" data-id=\"07c62da\" data-element_type=\"widget\" data-widget_type=\"icon-box.default\">\n\t\t\t\t<div class=\"elementor-widget-container\">\n\t\t\t\t\t\t\t<div class=\"elementor-icon-box-wrapper\">\n\n\t\t\t\n\t\t\t\t\t\t<div class=\"elementor-icon-box-content\">\n\n\t\t\t\t\t\t\t\t\t<h3 class=\"elementor-icon-box-title\">\n\t\t\t\t\t\t<span  >\n\t\t\t\t\t\t\tSurveillance and Monitoring\t\t\t\t\t\t<\/span>\n\t\t\t\t\t<\/h3>\n\t\t\t\t\n\t\t\t\t\t\t\t\t\t<p class=\"elementor-icon-box-description\">\n\t\t\t\t\t\tWe offer professional surveillance services to\nunobtrusively monitor and document suspicious activities. Our specially trained investigators operate discreetly, delivering comprehensive reports and evidence.\t\t\t\t\t<\/p>\n\t\t\t\t\n\t\t\t<\/div>\n\t\t\t\n\t\t<\/div>\n\t\t\t\t\t\t<\/div>\n\t\t\t\t<\/div>\n\t\t\t\t<\/div>\n\t\t<div class=\"elementor-element elementor-element-d3c702c e-con-full e-flex e-con e-child\" data-id=\"d3c702c\" data-element_type=\"container\" data-settings=\"{&quot;background_background&quot;:&quot;classic&quot;}\">\n\t\t\t\t<div class=\"elementor-element elementor-element-c7978ef elementor-widget__width-initial elementor-widget elementor-widget-icon-box\" data-id=\"c7978ef\" data-element_type=\"widget\" data-widget_type=\"icon-box.default\">\n\t\t\t\t<div class=\"elementor-widget-container\">\n\t\t\t\t\t\t\t<div class=\"elementor-icon-box-wrapper\">\n\n\t\t\t\n\t\t\t\t\t\t<div class=\"elementor-icon-box-content\">\n\n\t\t\t\t\t\t\t\t\t<h3 class=\"elementor-icon-box-title\">\n\t\t\t\t\t\t<span  >\n\t\t\t\t\t\t\tBackground Checks\t\t\t\t\t\t<\/span>\n\t\t\t\t\t<\/h3>\n\t\t\t\t\n\t\t\t\t\t\t\t\t\t<p class=\"elementor-icon-box-description\">\n\t\t\t\t\t\tFor hiring new employees, vetting business partners, or securing personal relationships, we conduct thorough background checks to minimize risks and inform your decisions.\t\t\t\t\t<\/p>\n\t\t\t\t\n\t\t\t<\/div>\n\t\t\t\n\t\t<\/div>\n\t\t\t\t\t\t<\/div>\n\t\t\t\t<\/div>\n\t\t\t\t<\/div>\n\t\t\t\t\t<\/div>\n\t\t\t\t<\/div>\n\t\t<div class=\"elementor-element elementor-element-65fbcb2 e-flex e-con-boxed e-con e-parent\" data-id=\"65fbcb2\" data-element_type=\"container\">\n\t\t\t\t\t<div class=\"e-con-inner\">\n\t\t\t\t<div class=\"elementor-element elementor-element-0b49836 elementor-widget elementor-widget-spacer\" data-id=\"0b49836\" data-element_type=\"widget\" data-widget_type=\"spacer.default\">\n\t\t\t\t<div class=\"elementor-widget-container\">\n\t\t\t\t\t\t\t<div class=\"elementor-spacer\">\n\t\t\t<div class=\"elementor-spacer-inner\"><\/div>\n\t\t<\/div>\n\t\t\t\t\t\t<\/div>\n\t\t\t\t<\/div>\n\t\t\t\t<div class=\"elementor-element elementor-element-cc529c3 elementor-widget__width-initial elementor-widget-mobile__width-initial elementor-widget elementor-widget-heading\" data-id=\"cc529c3\" data-element_type=\"widget\" data-widget_type=\"heading.default\">\n\t\t\t\t<div class=\"elementor-widget-container\">\n\t\t\t\t\t<h2 class=\"elementor-heading-title elementor-size-default\">Why Choose MATILAN Security Services GmbH?<\/h2>\t\t\t\t<\/div>\n\t\t\t\t<\/div>\n\t\t\t\t<div class=\"elementor-element elementor-element-761c408 elementor-widget__width-initial elementor-widget-mobile__width-initial elementor-widget elementor-widget-text-editor\" data-id=\"761c408\" data-element_type=\"widget\" data-widget_type=\"text-editor.default\">\n\t\t\t\t<div class=\"elementor-widget-container\">\n\t\t\t\t\t\t\t\t\t<p class=\"p1\"><strong>Experience and Expertise<\/strong>: With many years in the detective industry and a team of highly qualified investigators, we provide you with well-founded and professional\nservices.<\/p><p class=\"p1\"><strong>Discretion and Confidentiality<\/strong> We handle your concerns with the utmost\ndiscretion and absolute confidentiality. You can trust that your information is secure with us.<\/p><p class=\"p1\"><strong>Modern Investigative Methods<\/strong>: We utilize the latest technology and innovative\ntechniques to deliver precise and reliable results.<\/p><p class=\"p1\"><strong>Transparency and Communication<\/strong>: We keep you informed throughout the\ninvestigative process, providing regular updates on our progress.<\/p><p class=\"p1\"><strong>Customized Solutions<\/strong>: Every case is unique. We tailor our services precisely to your needs, developing bespoke investigative strategies.<\/p>\t\t\t\t\t\t\t\t<\/div>\n\t\t\t\t<\/div>\n\t\t\t\t\t<\/div>\n\t\t\t\t<\/div>\n\t\t<div class=\"elementor-element elementor-element-d4ba7f4 e-flex e-con-boxed e-con e-parent\" data-id=\"d4ba7f4\" data-element_type=\"container\">\n\t\t\t\t\t<div class=\"e-con-inner\">\n\t\t\t\t<div class=\"elementor-element elementor-element-301457a elementor-widget__width-initial elementor-widget elementor-widget-heading\" data-id=\"301457a\" data-element_type=\"widget\" data-widget_type=\"heading.default\">\n\t\t\t\t<div class=\"elementor-widget-container\">\n\t\t\t\t\t<h2 class=\"elementor-heading-title elementor-size-default\">Contact Us<\/h2>\t\t\t\t<\/div>\n\t\t\t\t<\/div>\n\t\t\t\t<div class=\"elementor-element elementor-element-1060f8b elementor-widget__width-initial elementor-widget-mobile__width-initial elementor-widget elementor-widget-text-editor\" data-id=\"1060f8b\" data-element_type=\"widget\" data-widget_type=\"text-editor.default\">\n\t\t\t\t<div class=\"elementor-widget-container\">\n\t\t\t\t\t\t\t\t\t<p class=\"p1\">Let's uncover the truth together. Contact us today for a non-binding consultation to learn how we can assist you.<\/p>\t\t\t\t\t\t\t\t<\/div>\n\t\t\t\t<\/div>\n\t\t\t\t\t<\/div>\n\t\t\t\t<\/div>\n\t\t<div class=\"elementor-element elementor-element-5434b18 e-flex e-con-boxed e-con e-parent\" data-id=\"5434b18\" data-element_type=\"container\" data-settings=\"{&quot;background_background&quot;:&quot;classic&quot;}\">\n\t\t\t\t\t<div class=\"e-con-inner\">\n\t\t\t\t<div class=\"elementor-element elementor-element-44f8a22 elementor-blockquote--skin-clean elementor-blockquote--align-center elementor-widget elementor-widget-blockquote\" data-id=\"44f8a22\" data-element_type=\"widget\" data-widget_type=\"blockquote.default\">\n\t\t\t\t<div class=\"elementor-widget-container\">\n\t\t\t\t\t\t\t<blockquote class=\"elementor-blockquote\">\n\t\t\t<p class=\"elementor-blockquote__content\">\n\t\t\t\tTrust MATILAN Security Services GmbH\u2014your experts in detective services\t\t\t<\/p>\n\t\t\t\t\t<\/blockquote>\n\t\t\t\t\t\t<\/div>\n\t\t\t\t<\/div>\n\t\t\t\t\t<\/div>\n\t\t\t\t<\/div>\n\t\t\t\t<\/div>","protected":false},"excerpt":{"rendered":"<p>Detektei In einer Welt, die immer komplexer und unvorhersehbarer wird, ist es wichtiger denn je, einen Partner an Ihrer Seite zu haben, dem Sie vertrauen k\u00f6nnen. Bei MATILAN Security Services GmbH bieten wir Ihnen erstklassige Detekteidienstleistungen, die auf Erfahrung, Diskretion und modernster Technik basieren. Unsere Dienstleistungen Wirtschaftsdetektei Wir unterst\u00fctzen Unternehmen bei der Aufkl\u00e4rung von wirtschaftskriminellen [&hellip;]<\/p>\n","protected":false},"author":2,"featured_media":0,"parent":0,"menu_order":0,"comment_status":"closed","ping_status":"closed","template":"","meta":{"footnotes":""},"class_list":["post-2385","page","type-page","status-publish","hentry"],"yoast_head":"<!-- This site is optimized with the Yoast SEO plugin v26.7 - https:\/\/yoast.com\/wordpress\/plugins\/seo\/ -->\n<title>Detektei - Ihr Sicherheitsexperte<\/title>\n<meta name=\"description\" content=\"MATILAN bietet professionelle Detekteidienstleistungen f\u00fcr Unternehmen und Privatpersonen. Unsere erfahrenen Ermittler nutzen moderne Techniken f\u00fcr Wirtschaftsdetektei, Privatdetektei, Observation und Hintergrund\u00fcberpr\u00fcfungen. Wir arbeiten diskret, zuverl\u00e4ssig und liefern gerichtsverwertbare Beweise. Vertrauen Sie auf unsere Expertise f\u00fcr Klarheit und Sicherheit. Kontaktieren Sie uns f\u00fcr eine individuelle Beratung.\" \/>\n<meta name=\"robots\" content=\"index, follow, max-snippet:-1, max-image-preview:large, max-video-preview:-1\" \/>\n<link rel=\"canonical\" href=\"https:\/\/matilan.at\/en\/investigations\" \/>\n<meta property=\"og:locale\" content=\"en_GB\" \/>\n<meta property=\"og:type\" content=\"article\" \/>\n<meta property=\"og:title\" content=\"Detektei - Ihr Sicherheitsexperte\" \/>\n<meta property=\"og:description\" content=\"MATILAN bietet professionelle Detekteidienstleistungen f\u00fcr Unternehmen und Privatpersonen. Unsere erfahrenen Ermittler nutzen moderne Techniken f\u00fcr Wirtschaftsdetektei, Privatdetektei, Observation und Hintergrund\u00fcberpr\u00fcfungen. Wir arbeiten diskret, zuverl\u00e4ssig und liefern gerichtsverwertbare Beweise. Vertrauen Sie auf unsere Expertise f\u00fcr Klarheit und Sicherheit. Kontaktieren Sie uns f\u00fcr eine individuelle Beratung.\" \/>\n<meta property=\"og:url\" content=\"https:\/\/matilan.at\/en\/investigations\" \/>\n<meta property=\"og:site_name\" content=\"Ihr Sicherheitsexperte\" \/>\n<meta property=\"article:modified_time\" content=\"2024-08-02T12:03:26+00:00\" \/>\n<meta name=\"twitter:card\" content=\"summary_large_image\" \/>\n<meta name=\"twitter:label1\" content=\"Estimated reading time\" \/>\n\t<meta name=\"twitter:data1\" content=\"2 minutes\" \/>\n<script type=\"application\/ld+json\" class=\"yoast-schema-graph\">{\"@context\":\"https:\/\/schema.org\",\"@graph\":[{\"@type\":\"WebPage\",\"@id\":\"https:\/\/matilan.at\/detektei\",\"url\":\"https:\/\/matilan.at\/detektei\",\"name\":\"Detektei - Ihr Sicherheitsexperte\",\"isPartOf\":{\"@id\":\"https:\/\/matilan.at\/#website\"},\"datePublished\":\"2019-07-19T09:04:39+00:00\",\"dateModified\":\"2024-08-02T12:03:26+00:00\",\"description\":\"MATILAN bietet professionelle Detekteidienstleistungen f\u00fcr Unternehmen und Privatpersonen. Unsere erfahrenen Ermittler nutzen moderne Techniken f\u00fcr Wirtschaftsdetektei, Privatdetektei, Observation und Hintergrund\u00fcberpr\u00fcfungen. Wir arbeiten diskret, zuverl\u00e4ssig und liefern gerichtsverwertbare Beweise. Vertrauen Sie auf unsere Expertise f\u00fcr Klarheit und Sicherheit. Kontaktieren Sie uns f\u00fcr eine individuelle Beratung.\",\"breadcrumb\":{\"@id\":\"https:\/\/matilan.at\/detektei#breadcrumb\"},\"inLanguage\":\"en-GB\",\"potentialAction\":[{\"@type\":\"ReadAction\",\"target\":[\"https:\/\/matilan.at\/detektei\"]}]},{\"@type\":\"BreadcrumbList\",\"@id\":\"https:\/\/matilan.at\/detektei#breadcrumb\",\"itemListElement\":[{\"@type\":\"ListItem\",\"position\":1,\"name\":\"Startseite\",\"item\":\"https:\/\/matilan.at\/\"},{\"@type\":\"ListItem\",\"position\":2,\"name\":\"Detektei\"}]},{\"@type\":\"WebSite\",\"@id\":\"https:\/\/matilan.at\/#website\",\"url\":\"https:\/\/matilan.at\/\",\"name\":\"Ihr Sicherheitsexperte\",\"description\":\"\",\"potentialAction\":[{\"@type\":\"SearchAction\",\"target\":{\"@type\":\"EntryPoint\",\"urlTemplate\":\"https:\/\/matilan.at\/?s={search_term_string}\"},\"query-input\":{\"@type\":\"PropertyValueSpecification\",\"valueRequired\":true,\"valueName\":\"search_term_string\"}}],\"inLanguage\":\"en-GB\"}]}<\/script>\n<!-- \/ Yoast SEO plugin. -->","yoast_head_json":{"title":"Detektei - Ihr Sicherheitsexperte","description":"MATILAN bietet professionelle Detekteidienstleistungen f\u00fcr Unternehmen und Privatpersonen. Unsere erfahrenen Ermittler nutzen moderne Techniken f\u00fcr Wirtschaftsdetektei, Privatdetektei, Observation und Hintergrund\u00fcberpr\u00fcfungen. Wir arbeiten diskret, zuverl\u00e4ssig und liefern gerichtsverwertbare Beweise. Vertrauen Sie auf unsere Expertise f\u00fcr Klarheit und Sicherheit. Kontaktieren Sie uns f\u00fcr eine individuelle Beratung.","robots":{"index":"index","follow":"follow","max-snippet":"max-snippet:-1","max-image-preview":"max-image-preview:large","max-video-preview":"max-video-preview:-1"},"canonical":"https:\/\/matilan.at\/en\/investigations","og_locale":"en_GB","og_type":"article","og_title":"Detektei - Ihr Sicherheitsexperte","og_description":"MATILAN bietet professionelle Detekteidienstleistungen f\u00fcr Unternehmen und Privatpersonen. Unsere erfahrenen Ermittler nutzen moderne Techniken f\u00fcr Wirtschaftsdetektei, Privatdetektei, Observation und Hintergrund\u00fcberpr\u00fcfungen. Wir arbeiten diskret, zuverl\u00e4ssig und liefern gerichtsverwertbare Beweise. Vertrauen Sie auf unsere Expertise f\u00fcr Klarheit und Sicherheit. Kontaktieren Sie uns f\u00fcr eine individuelle Beratung.","og_url":"https:\/\/matilan.at\/en\/investigations","og_site_name":"Ihr Sicherheitsexperte","article_modified_time":"2024-08-02T12:03:26+00:00","twitter_card":"summary_large_image","twitter_misc":{"Estimated reading time":"2 minutes"},"schema":{"@context":"https:\/\/schema.org","@graph":[{"@type":"WebPage","@id":"https:\/\/matilan.at\/detektei","url":"https:\/\/matilan.at\/detektei","name":"Detektei - Ihr Sicherheitsexperte","isPartOf":{"@id":"https:\/\/matilan.at\/#website"},"datePublished":"2019-07-19T09:04:39+00:00","dateModified":"2024-08-02T12:03:26+00:00","description":"MATILAN bietet professionelle Detekteidienstleistungen f\u00fcr Unternehmen und Privatpersonen. Unsere erfahrenen Ermittler nutzen moderne Techniken f\u00fcr Wirtschaftsdetektei, Privatdetektei, Observation und Hintergrund\u00fcberpr\u00fcfungen. Wir arbeiten diskret, zuverl\u00e4ssig und liefern gerichtsverwertbare Beweise. Vertrauen Sie auf unsere Expertise f\u00fcr Klarheit und Sicherheit. Kontaktieren Sie uns f\u00fcr eine individuelle Beratung.","breadcrumb":{"@id":"https:\/\/matilan.at\/detektei#breadcrumb"},"inLanguage":"en-GB","potentialAction":[{"@type":"ReadAction","target":["https:\/\/matilan.at\/detektei"]}]},{"@type":"BreadcrumbList","@id":"https:\/\/matilan.at\/detektei#breadcrumb","itemListElement":[{"@type":"ListItem","position":1,"name":"Startseite","item":"https:\/\/matilan.at\/"},{"@type":"ListItem","position":2,"name":"Detektei"}]},{"@type":"WebSite","@id":"https:\/\/matilan.at\/#website","url":"https:\/\/matilan.at\/","name":"Ihr Sicherheitsexperte","description":"","potentialAction":[{"@type":"SearchAction","target":{"@type":"EntryPoint","urlTemplate":"https:\/\/matilan.at\/?s={search_term_string}"},"query-input":{"@type":"PropertyValueSpecification","valueRequired":true,"valueName":"search_term_string"}}],"inLanguage":"en-GB"}]}},"_links":{"self":[{"href":"https:\/\/matilan.at\/en\/wp-json\/wp\/v2\/pages\/2385","targetHints":{"allow":["GET"]}}],"collection":[{"href":"https:\/\/matilan.at\/en\/wp-json\/wp\/v2\/pages"}],"about":[{"href":"https:\/\/matilan.at\/en\/wp-json\/wp\/v2\/types\/page"}],"author":[{"embeddable":true,"href":"https:\/\/matilan.at\/en\/wp-json\/wp\/v2\/users\/2"}],"replies":[{"embeddable":true,"href":"https:\/\/matilan.at\/en\/wp-json\/wp\/v2\/comments?post=2385"}],"version-history":[{"count":70,"href":"https:\/\/matilan.at\/en\/wp-json\/wp\/v2\/pages\/2385\/revisions"}],"predecessor-version":[{"id":5594,"href":"https:\/\/matilan.at\/en\/wp-json\/wp\/v2\/pages\/2385\/revisions\/5594"}],"wp:attachment":[{"href":"https:\/\/matilan.at\/en\/wp-json\/wp\/v2\/media?parent=2385"}],"curies":[{"name":"wp","href":"https:\/\/api.w.org\/{rel}","templated":true}]}}