{"id":2378,"date":"2019-07-19T08:56:07","date_gmt":"2019-07-19T08:56:07","guid":{"rendered":"https:\/\/matilan.at\/?page_id=2378"},"modified":"2024-08-05T08:26:13","modified_gmt":"2024-08-05T08:26:13","slug":"legal-notice","status":"publish","type":"page","link":"https:\/\/matilan.at\/en\/legal-notice","title":{"rendered":"Legal Notice"},"content":{"rendered":"<div data-elementor-type=\"wp-post\" data-elementor-id=\"2378\" class=\"elementor elementor-2378\" data-elementor-post-type=\"page\">\n\t\t\t\t\t\t<section class=\"elementor-section elementor-top-section elementor-element elementor-element-a02feee elementor-section-height-min-height elementor-section-boxed elementor-section-height-default elementor-section-items-middle\" data-id=\"a02feee\" data-element_type=\"section\" data-settings=\"{&quot;background_background&quot;:&quot;classic&quot;}\">\n\t\t\t\t\t\t\t<div class=\"elementor-background-overlay\"><\/div>\n\t\t\t\t\t\t\t<div class=\"elementor-container elementor-column-gap-default\">\n\t\t\t\t\t<div class=\"elementor-column elementor-col-100 elementor-top-column elementor-element elementor-element-cb241aa\" data-id=\"cb241aa\" data-element_type=\"column\">\n\t\t\t<div class=\"elementor-widget-wrap elementor-element-populated\">\n\t\t\t\t\t\t<div class=\"elementor-element elementor-element-ebc7650 elementor-widget__width-initial elementor-widget elementor-widget-heading\" data-id=\"ebc7650\" data-element_type=\"widget\" data-widget_type=\"heading.default\">\n\t\t\t\t<div class=\"elementor-widget-container\">\n\t\t\t\t\t<h1 class=\"elementor-heading-title elementor-size-default\">Legal Notice<\/h1>\t\t\t\t<\/div>\n\t\t\t\t<\/div>\n\t\t\t\t\t<\/div>\n\t\t<\/div>\n\t\t\t\t\t<\/div>\n\t\t<\/section>\n\t\t\t\t<section class=\"elementor-section elementor-top-section elementor-element elementor-element-5ab52cb elementor-section-boxed elementor-section-height-default elementor-section-height-default\" data-id=\"5ab52cb\" data-element_type=\"section\">\n\t\t\t\t\t\t<div class=\"elementor-container elementor-column-gap-default\">\n\t\t\t\t\t<div class=\"elementor-column elementor-col-100 elementor-top-column elementor-element elementor-element-52c057e\" data-id=\"52c057e\" data-element_type=\"column\">\n\t\t\t<div class=\"elementor-widget-wrap elementor-element-populated\">\n\t\t\t\t\t\t<div class=\"elementor-element elementor-element-74c442f elementor-widget elementor-widget-text-editor\" data-id=\"74c442f\" data-element_type=\"widget\" data-widget_type=\"text-editor.default\">\n\t\t\t\t<div class=\"elementor-widget-container\">\n\t\t\t\t\t\t\t\t\t<p><b>MATILAN Security Services GmbH<\/b><br>Wollzeile 18\/16<br>1010 Vienna<br>Austria<br><strong>Business Purpose:<\/strong><br>Security Services<br><strong>VAT Number:<\/strong>&nbsp;ATU77768417<br><strong>Company Registration Number:<\/strong>&nbsp;570625f<br><strong>Company Register Court:<\/strong>&nbsp;Commercial Court Vienna<br><strong>Registered Office:<\/strong>&nbsp;1010 Vienna<br><strong>Phone<\/strong>:&nbsp;+43 (0) 676 511 21 76<\/p>\n<p><strong>E-Mail:<\/strong>&nbsp;office@matilan.at<br><strong>Mitglied bei:<\/strong>&nbsp;WKO Wien, KSV 1870.<br>Member of: Vienna Chamber of Commerce and KSV 1870\nProfessional law: Trade regulations: \u00a7 129 GewO 1994 Security industry (professional detectives, security industry) <a href=\"http:\/\/www.ris.bka.gv.at\">www.ris.bka.gv.at<\/a><\/p>\n<p class=\"translation-block\"><strong> Liability for Website Content <\/strong><br>We continuously develop the content of this website and strive to provide accurate and upto-\ndate information. However, we cannot assume liability for the correctness of all content\non this website, especially for those provided by third parties. If you notice problematic or\nillegal content, please contact us immediately; our contact details are provided in the legal\nnotice.<\/p>\n<p><strong>Copyright Notice<\/strong><br>All content on this website (images, photos, texts, videos) is subject to copyright. If necessary, we will legally pursue the unauthorized use of parts of the content of our site.<\/p>\n<p><strong>Image Credits<\/strong><br>The images, photos, and graphics on this website are protected by copyright.<br>The image rights are held by the following photographers and companies:<br>Photographers, Unsplash: Collins Lesulie, Ed Robertson, Helloquence, Jeshoots-com,\nMichael Niessl, Craig Whitehead, Scott Webb.<\/p>\n<p>Photos from Adobe Stock.<\/p>\n<p><strong>Automatic Data Storage<\/strong><br>When you visit websites today, certain information is automatically created and stored,\nincluding on this website.<br>When you visit our website, our web server (the computer on which this website is stored) automatically saves data such as:<br>- The address (URL) of the accessed webpage<br>- Browser and browser version<br>- The operating system used<br>- The address (URL) of the previously visited page (referrer URL)<br>- The hostname and IP address of the device from which access is made<br>Date and time<br>in files (web server log files).<br>Web server log files are generally stored for two weeks and then automatically deleted. We\ndo not share this data but cannot exclude that this data may be viewed in the event of\nunlawful behavior.<br>The legal basis, according to Article 6 Paragraph 1 f DSGVO (Lawfulness of Processing), is\nthat there is a legitimate interest in enabling the error-free operation of this website by\nrecording web server log files.<\/p>\n<p><strong>Storage of Personal Data<\/strong><br>Personal data that you transmit to us electronically on this website, such as name, email\naddress, address, or other personal information as part of submitting a form or comments\nin the blog, are used by us together with the time and IP address only for the specified\npurpose, kept securely, and not disclosed to third parties.<br>We use your personal data only for communication with visitors who expressly wish to be\ncontacted and for the processing of the services and products o,ered on this website. We\ndo not share your personal data without consent but cannot exclude that this data may be\nviewed in the event of unlawful behavior.<br>If you send us personal data by email\u2014thus outside of this website\u2014we cannot guarantee\nsecure transmission and protection of your data. We recommend never transmitting\nconfidential data unencrypted by email.<br>The legal basis, according to Article 6 Paragraph 1 a DSGVO (Lawfulness of Processing), is\nthat you give us consent to process the data you have entered. You can revoke this consent\nat any time\u2014an informal email is su,icient; you will find our contact details in the legal\nnotice.<\/p>\t\t\t\t\t\t\t\t<\/div>\n\t\t\t\t<\/div>\n\t\t\t\t\t<\/div>\n\t\t<\/div>\n\t\t\t\t\t<\/div>\n\t\t<\/section>\n\t\t\t\t<\/div>","protected":false},"excerpt":{"rendered":"<p>MATILAN Security Services GmbHWollzeile 18\/161010 Wien\u00d6sterreichUnternehmensgegenstand:SicherheitsdienstleistungenUID-Nummer:&nbsp;ATU77768417Firmenbuchnummer:&nbsp;570625fFirmenbuchgericht:&nbsp;Handelsgericht WienFirmensitz:&nbsp;1010 WienTel.:&nbsp;+43 (0) 676 511 21 76 E-Mail:&nbsp;office@matilan.atMitglied bei:&nbsp;WKO Wien, KSV 1870.Berufsrecht:&nbsp;Gewerbeordnung: \u00a7 129 GewO 1994 Sicherheitsgewerbe (Berufsdetektive, Bewachungsgewerbe) www.ris.bka.gv.at Haftung f\u00fcr Inhalte dieser WebseiteWir entwickeln die Inhalte dieser Webseite st\u00e4ndig weiter und bem\u00fchen uns korrekte und aktuelle Informationen bereitzustellen. Leider k\u00f6nnen wir keine Haftung f\u00fcr die Korrektheit aller [&hellip;]<\/p>\n","protected":false},"author":2,"featured_media":0,"parent":0,"menu_order":0,"comment_status":"closed","ping_status":"closed","template":"","meta":{"footnotes":""},"class_list":["post-2378","page","type-page","status-publish","hentry"],"yoast_head":"<!-- This site is optimized with the Yoast SEO plugin v26.7 - https:\/\/yoast.com\/wordpress\/plugins\/seo\/ -->\n<title>Impressum - Ihr Sicherheitsexperte<\/title>\n<meta name=\"robots\" content=\"index, follow, max-snippet:-1, max-image-preview:large, max-video-preview:-1\" \/>\n<link rel=\"canonical\" href=\"https:\/\/matilan.at\/en\/legal-notice\" \/>\n<meta property=\"og:locale\" content=\"en_GB\" \/>\n<meta property=\"og:type\" content=\"article\" \/>\n<meta property=\"og:title\" content=\"Impressum - Ihr Sicherheitsexperte\" \/>\n<meta property=\"og:description\" content=\"MATILAN Security Services GmbHWollzeile 18\/161010 Wien\u00d6sterreichUnternehmensgegenstand:SicherheitsdienstleistungenUID-Nummer:&nbsp;ATU77768417Firmenbuchnummer:&nbsp;570625fFirmenbuchgericht:&nbsp;Handelsgericht WienFirmensitz:&nbsp;1010 WienTel.:&nbsp;+43 (0) 676 511 21 76 E-Mail:&nbsp;office@matilan.atMitglied bei:&nbsp;WKO Wien, KSV 1870.Berufsrecht:&nbsp;Gewerbeordnung: \u00a7 129 GewO 1994 Sicherheitsgewerbe (Berufsdetektive, Bewachungsgewerbe) www.ris.bka.gv.at Haftung f\u00fcr Inhalte dieser WebseiteWir entwickeln die Inhalte dieser Webseite st\u00e4ndig weiter und bem\u00fchen uns korrekte und aktuelle Informationen bereitzustellen. Leider k\u00f6nnen wir keine Haftung f\u00fcr die Korrektheit aller [&hellip;]\" \/>\n<meta property=\"og:url\" content=\"https:\/\/matilan.at\/en\/legal-notice\" \/>\n<meta property=\"og:site_name\" content=\"Ihr Sicherheitsexperte\" \/>\n<meta property=\"article:modified_time\" content=\"2024-08-05T08:26:13+00:00\" \/>\n<meta name=\"twitter:card\" content=\"summary_large_image\" \/>\n<meta name=\"twitter:label1\" content=\"Estimated reading time\" \/>\n\t<meta name=\"twitter:data1\" content=\"3 minutes\" \/>\n<script type=\"application\/ld+json\" class=\"yoast-schema-graph\">{\"@context\":\"https:\/\/schema.org\",\"@graph\":[{\"@type\":\"WebPage\",\"@id\":\"https:\/\/matilan.at\/impressum-2\",\"url\":\"https:\/\/matilan.at\/impressum-2\",\"name\":\"Impressum - Ihr Sicherheitsexperte\",\"isPartOf\":{\"@id\":\"https:\/\/matilan.at\/#website\"},\"datePublished\":\"2019-07-19T08:56:07+00:00\",\"dateModified\":\"2024-08-05T08:26:13+00:00\",\"breadcrumb\":{\"@id\":\"https:\/\/matilan.at\/impressum-2#breadcrumb\"},\"inLanguage\":\"en-GB\",\"potentialAction\":[{\"@type\":\"ReadAction\",\"target\":[\"https:\/\/matilan.at\/impressum-2\"]}]},{\"@type\":\"BreadcrumbList\",\"@id\":\"https:\/\/matilan.at\/impressum-2#breadcrumb\",\"itemListElement\":[{\"@type\":\"ListItem\",\"position\":1,\"name\":\"Startseite\",\"item\":\"https:\/\/matilan.at\/\"},{\"@type\":\"ListItem\",\"position\":2,\"name\":\"Impressum\"}]},{\"@type\":\"WebSite\",\"@id\":\"https:\/\/matilan.at\/#website\",\"url\":\"https:\/\/matilan.at\/\",\"name\":\"Ihr Sicherheitsexperte\",\"description\":\"\",\"potentialAction\":[{\"@type\":\"SearchAction\",\"target\":{\"@type\":\"EntryPoint\",\"urlTemplate\":\"https:\/\/matilan.at\/?s={search_term_string}\"},\"query-input\":{\"@type\":\"PropertyValueSpecification\",\"valueRequired\":true,\"valueName\":\"search_term_string\"}}],\"inLanguage\":\"en-GB\"}]}<\/script>\n<!-- \/ Yoast SEO plugin. -->","yoast_head_json":{"title":"Impressum - Ihr Sicherheitsexperte","robots":{"index":"index","follow":"follow","max-snippet":"max-snippet:-1","max-image-preview":"max-image-preview:large","max-video-preview":"max-video-preview:-1"},"canonical":"https:\/\/matilan.at\/en\/legal-notice","og_locale":"en_GB","og_type":"article","og_title":"Impressum - Ihr Sicherheitsexperte","og_description":"MATILAN Security Services GmbHWollzeile 18\/161010 Wien\u00d6sterreichUnternehmensgegenstand:SicherheitsdienstleistungenUID-Nummer:&nbsp;ATU77768417Firmenbuchnummer:&nbsp;570625fFirmenbuchgericht:&nbsp;Handelsgericht WienFirmensitz:&nbsp;1010 WienTel.:&nbsp;+43 (0) 676 511 21 76 E-Mail:&nbsp;office@matilan.atMitglied bei:&nbsp;WKO Wien, KSV 1870.Berufsrecht:&nbsp;Gewerbeordnung: \u00a7 129 GewO 1994 Sicherheitsgewerbe (Berufsdetektive, Bewachungsgewerbe) www.ris.bka.gv.at Haftung f\u00fcr Inhalte dieser WebseiteWir entwickeln die Inhalte dieser Webseite st\u00e4ndig weiter und bem\u00fchen uns korrekte und aktuelle Informationen bereitzustellen. Leider k\u00f6nnen wir keine Haftung f\u00fcr die Korrektheit aller [&hellip;]","og_url":"https:\/\/matilan.at\/en\/legal-notice","og_site_name":"Ihr Sicherheitsexperte","article_modified_time":"2024-08-05T08:26:13+00:00","twitter_card":"summary_large_image","twitter_misc":{"Estimated reading time":"3 minutes"},"schema":{"@context":"https:\/\/schema.org","@graph":[{"@type":"WebPage","@id":"https:\/\/matilan.at\/impressum-2","url":"https:\/\/matilan.at\/impressum-2","name":"Impressum - Ihr Sicherheitsexperte","isPartOf":{"@id":"https:\/\/matilan.at\/#website"},"datePublished":"2019-07-19T08:56:07+00:00","dateModified":"2024-08-05T08:26:13+00:00","breadcrumb":{"@id":"https:\/\/matilan.at\/impressum-2#breadcrumb"},"inLanguage":"en-GB","potentialAction":[{"@type":"ReadAction","target":["https:\/\/matilan.at\/impressum-2"]}]},{"@type":"BreadcrumbList","@id":"https:\/\/matilan.at\/impressum-2#breadcrumb","itemListElement":[{"@type":"ListItem","position":1,"name":"Startseite","item":"https:\/\/matilan.at\/"},{"@type":"ListItem","position":2,"name":"Impressum"}]},{"@type":"WebSite","@id":"https:\/\/matilan.at\/#website","url":"https:\/\/matilan.at\/","name":"Ihr Sicherheitsexperte","description":"","potentialAction":[{"@type":"SearchAction","target":{"@type":"EntryPoint","urlTemplate":"https:\/\/matilan.at\/?s={search_term_string}"},"query-input":{"@type":"PropertyValueSpecification","valueRequired":true,"valueName":"search_term_string"}}],"inLanguage":"en-GB"}]}},"_links":{"self":[{"href":"https:\/\/matilan.at\/en\/wp-json\/wp\/v2\/pages\/2378","targetHints":{"allow":["GET"]}}],"collection":[{"href":"https:\/\/matilan.at\/en\/wp-json\/wp\/v2\/pages"}],"about":[{"href":"https:\/\/matilan.at\/en\/wp-json\/wp\/v2\/types\/page"}],"author":[{"embeddable":true,"href":"https:\/\/matilan.at\/en\/wp-json\/wp\/v2\/users\/2"}],"replies":[{"embeddable":true,"href":"https:\/\/matilan.at\/en\/wp-json\/wp\/v2\/comments?post=2378"}],"version-history":[{"count":36,"href":"https:\/\/matilan.at\/en\/wp-json\/wp\/v2\/pages\/2378\/revisions"}],"predecessor-version":[{"id":5480,"href":"https:\/\/matilan.at\/en\/wp-json\/wp\/v2\/pages\/2378\/revisions\/5480"}],"wp:attachment":[{"href":"https:\/\/matilan.at\/en\/wp-json\/wp\/v2\/media?parent=2378"}],"curies":[{"name":"wp","href":"https:\/\/api.w.org\/{rel}","templated":true}]}}