{"id":121,"date":"2018-08-15T01:04:59","date_gmt":"2018-08-15T01:04:59","guid":{"rendered":"https:\/\/matilan.at\/?page_id=121"},"modified":"2024-08-02T12:02:37","modified_gmt":"2024-08-02T12:02:37","slug":"security-consulting","status":"publish","type":"page","link":"https:\/\/matilan.at\/en\/security-consulting","title":{"rendered":"Sicherheitsberatung und Analyze"},"content":{"rendered":"<div data-elementor-type=\"wp-post\" data-elementor-id=\"121\" class=\"elementor elementor-121\" data-elementor-post-type=\"page\">\n\t\t\t\t\t\t<section class=\"elementor-section elementor-top-section elementor-element elementor-element-7128856 elementor-section-height-min-height elementor-section-boxed elementor-section-height-default elementor-section-items-middle\" data-id=\"7128856\" data-element_type=\"section\" data-settings=\"{&quot;background_background&quot;:&quot;classic&quot;}\">\n\t\t\t\t\t\t\t<div class=\"elementor-background-overlay\"><\/div>\n\t\t\t\t\t\t\t<div class=\"elementor-container elementor-column-gap-default\">\n\t\t\t\t\t<div class=\"elementor-column elementor-col-100 elementor-top-column elementor-element elementor-element-324a83bb\" data-id=\"324a83bb\" data-element_type=\"column\">\n\t\t\t<div class=\"elementor-widget-wrap elementor-element-populated\">\n\t\t\t\t\t\t<div class=\"elementor-element elementor-element-eff69b4 elementor-widget__width-initial elementor-widget elementor-widget-heading\" data-id=\"eff69b4\" data-element_type=\"widget\" data-widget_type=\"heading.default\">\n\t\t\t\t<div class=\"elementor-widget-container\">\n\t\t\t\t\t<h1 class=\"elementor-heading-title elementor-size-default\">Security Consulting<\/h1>\t\t\t\t<\/div>\n\t\t\t\t<\/div>\n\t\t\t\t\t<\/div>\n\t\t<\/div>\n\t\t\t\t\t<\/div>\n\t\t<\/section>\n\t\t\t\t<section class=\"elementor-section elementor-top-section elementor-element elementor-element-51c6e292 elementor-section-boxed elementor-section-height-default elementor-section-height-default\" data-id=\"51c6e292\" data-element_type=\"section\">\n\t\t\t\t\t\t<div class=\"elementor-container elementor-column-gap-default\">\n\t\t\t\t\t<div class=\"elementor-column elementor-col-100 elementor-top-column elementor-element elementor-element-29b9696e\" data-id=\"29b9696e\" data-element_type=\"column\">\n\t\t\t<div class=\"elementor-widget-wrap elementor-element-populated\">\n\t\t\t\t\t\t<div class=\"elementor-element elementor-element-77203f8 elementor-widget elementor-widget-spacer\" data-id=\"77203f8\" data-element_type=\"widget\" data-widget_type=\"spacer.default\">\n\t\t\t\t<div class=\"elementor-widget-container\">\n\t\t\t\t\t\t\t<div class=\"elementor-spacer\">\n\t\t\t<div class=\"elementor-spacer-inner\"><\/div>\n\t\t<\/div>\n\t\t\t\t\t\t<\/div>\n\t\t\t\t<\/div>\n\t\t\t\t<div class=\"elementor-element elementor-element-1444117c elementor-widget__width-initial elementor-widget elementor-widget-text-editor\" data-id=\"1444117c\" data-element_type=\"widget\" data-widget_type=\"text-editor.default\">\n\t\t\t\t<div class=\"elementor-widget-container\">\n\t\t\t\t\t\t\t\t\t<p class=\"p1\">With our extensive experience, we are well-equipped to advise businesses, organizations,\nand individuals on security matters. Following a comprehensive analysis of your security\nneeds, we o,er tailored, realistic, and e,ective solutions. In addition to developing new\nconcepts, we evaluate existing measures and assist in optimizing them. Our primary focus\nis on risk reduction and the early identification of vulnerabilities.\u00a0\u00a0<\/p>\t\t\t\t\t\t\t\t<\/div>\n\t\t\t\t<\/div>\n\t\t\t\t<div class=\"elementor-element elementor-element-d4ea955 elementor-widget elementor-widget-heading\" data-id=\"d4ea955\" data-element_type=\"widget\" data-widget_type=\"heading.default\">\n\t\t\t\t<div class=\"elementor-widget-container\">\n\t\t\t\t\t<h2 class=\"elementor-heading-title elementor-size-default\">Our services<\/h2>\t\t\t\t<\/div>\n\t\t\t\t<\/div>\n\t\t\t\t<div class=\"elementor-element elementor-element-53dfe4fd elementor-widget elementor-widget-text-editor\" data-id=\"53dfe4fd\" data-element_type=\"widget\" data-widget_type=\"text-editor.default\">\n\t\t\t\t<div class=\"elementor-widget-container\">\n\t\t\t\t\t\t\t\t\t<p class=\"p1\">Some of our offerings in the field of security consulting include:\u00a0<\/p><ul class=\"ul1\"><li class=\"li2\">Risk and vulnerability analysis\u00a0<\/li><li class=\"li2\">Development of customized security concepts\u00a0<\/li><li class=\"li2\">Review and auditing of existing measures\u00a0<\/li><li class=\"li2\">Creation of crisis management plans\u00a0<\/li><li class=\"li2\">On-site security assessments<\/li><li class=\"li2\">Threat analysis<\/li><\/ul>\t\t\t\t\t\t\t\t<\/div>\n\t\t\t\t<\/div>\n\t\t\t\t<div class=\"elementor-element elementor-element-c9e0736 elementor-widget elementor-widget-spacer\" data-id=\"c9e0736\" data-element_type=\"widget\" data-widget_type=\"spacer.default\">\n\t\t\t\t<div class=\"elementor-widget-container\">\n\t\t\t\t\t\t\t<div class=\"elementor-spacer\">\n\t\t\t<div class=\"elementor-spacer-inner\"><\/div>\n\t\t<\/div>\n\t\t\t\t\t\t<\/div>\n\t\t\t\t<\/div>\n\t\t\t\t\t<\/div>\n\t\t<\/div>\n\t\t\t\t\t<\/div>\n\t\t<\/section>\n\t\t\t\t<\/div>","protected":false},"excerpt":{"rendered":"<p>Sicherheitsberatung und Analyse Dank unserer einschl\u00e4gigen Erfahrung sind wir dazu pr\u00e4destiniert, sowohl Unternehmen als auch Organisationen und Privatleute in Sachen Sicherheit zu beraten. Nach einer grundlegenden Analyse des Sicherheitsbed\u00fcrfnisses bieten wir darauf basierende,\u00a0ma\u00dfgeschneiderte, realistische und effektive L\u00f6sungen an. Neben dem Erstellen von neuen Konzepten evaluieren wir auch bestehende Vorkehrungen und helfen dabei, diese zu optimieren. [&hellip;]<\/p>\n","protected":false},"author":1,"featured_media":0,"parent":0,"menu_order":0,"comment_status":"closed","ping_status":"closed","template":"","meta":{"footnotes":""},"class_list":["post-121","page","type-page","status-publish","hentry"],"yoast_head":"<!-- This site is optimized with the Yoast SEO plugin v26.7 - https:\/\/yoast.com\/wordpress\/plugins\/seo\/ -->\n<title>Sicherheitsberatung und Analyze - Ihr Sicherheitsexperte<\/title>\n<meta name=\"description\" content=\"MATILAN bietet professionelle Sicherheitsberatung und Analyse f\u00fcr Unternehmen, Organisationen und Privatpersonen. Unsere ma\u00dfgeschneiderten L\u00f6sungen basieren auf gr\u00fcndlicher Risiko- und Schwachpunktanalyse, um Ihre Sicherheitsvorkehrungen zu optimieren und Risiken zu minimieren. Vertrauen Sie auf unsere langj\u00e4hrige Erfahrung f\u00fcr effektive Sicherheitskonzepte und Krisenmanagement. Kontaktieren Sie uns f\u00fcr eine individuelle Beratung.\" \/>\n<meta name=\"robots\" content=\"index, follow, max-snippet:-1, max-image-preview:large, max-video-preview:-1\" \/>\n<link rel=\"canonical\" href=\"https:\/\/matilan.at\/en\/security-consulting\" \/>\n<meta property=\"og:locale\" content=\"en_GB\" \/>\n<meta property=\"og:type\" content=\"article\" \/>\n<meta property=\"og:title\" content=\"Sicherheitsberatung und Analyze - Ihr Sicherheitsexperte\" \/>\n<meta property=\"og:description\" content=\"MATILAN bietet professionelle Sicherheitsberatung und Analyse f\u00fcr Unternehmen, Organisationen und Privatpersonen. Unsere ma\u00dfgeschneiderten L\u00f6sungen basieren auf gr\u00fcndlicher Risiko- und Schwachpunktanalyse, um Ihre Sicherheitsvorkehrungen zu optimieren und Risiken zu minimieren. Vertrauen Sie auf unsere langj\u00e4hrige Erfahrung f\u00fcr effektive Sicherheitskonzepte und Krisenmanagement. Kontaktieren Sie uns f\u00fcr eine individuelle Beratung.\" \/>\n<meta property=\"og:url\" content=\"https:\/\/matilan.at\/en\/security-consulting\" \/>\n<meta property=\"og:site_name\" content=\"Ihr Sicherheitsexperte\" \/>\n<meta property=\"article:modified_time\" content=\"2024-08-02T12:02:37+00:00\" \/>\n<meta name=\"twitter:card\" content=\"summary_large_image\" \/>\n<meta name=\"twitter:label1\" content=\"Estimated reading time\" \/>\n\t<meta name=\"twitter:data1\" content=\"1 minute\" \/>\n<script type=\"application\/ld+json\" class=\"yoast-schema-graph\">{\"@context\":\"https:\/\/schema.org\",\"@graph\":[{\"@type\":\"WebPage\",\"@id\":\"https:\/\/matilan.at\/sicherheitsberatung-und-analyze\",\"url\":\"https:\/\/matilan.at\/sicherheitsberatung-und-analyze\",\"name\":\"Sicherheitsberatung und Analyze - Ihr Sicherheitsexperte\",\"isPartOf\":{\"@id\":\"https:\/\/matilan.at\/#website\"},\"datePublished\":\"2018-08-15T01:04:59+00:00\",\"dateModified\":\"2024-08-02T12:02:37+00:00\",\"description\":\"MATILAN bietet professionelle Sicherheitsberatung und Analyse f\u00fcr Unternehmen, Organisationen und Privatpersonen. Unsere ma\u00dfgeschneiderten L\u00f6sungen basieren auf gr\u00fcndlicher Risiko- und Schwachpunktanalyse, um Ihre Sicherheitsvorkehrungen zu optimieren und Risiken zu minimieren. Vertrauen Sie auf unsere langj\u00e4hrige Erfahrung f\u00fcr effektive Sicherheitskonzepte und Krisenmanagement. Kontaktieren Sie uns f\u00fcr eine individuelle Beratung.\",\"breadcrumb\":{\"@id\":\"https:\/\/matilan.at\/sicherheitsberatung-und-analyze#breadcrumb\"},\"inLanguage\":\"en-GB\",\"potentialAction\":[{\"@type\":\"ReadAction\",\"target\":[\"https:\/\/matilan.at\/sicherheitsberatung-und-analyze\"]}]},{\"@type\":\"BreadcrumbList\",\"@id\":\"https:\/\/matilan.at\/sicherheitsberatung-und-analyze#breadcrumb\",\"itemListElement\":[{\"@type\":\"ListItem\",\"position\":1,\"name\":\"Startseite\",\"item\":\"https:\/\/matilan.at\/\"},{\"@type\":\"ListItem\",\"position\":2,\"name\":\"Sicherheitsberatung und Analyze\"}]},{\"@type\":\"WebSite\",\"@id\":\"https:\/\/matilan.at\/#website\",\"url\":\"https:\/\/matilan.at\/\",\"name\":\"Ihr Sicherheitsexperte\",\"description\":\"\",\"potentialAction\":[{\"@type\":\"SearchAction\",\"target\":{\"@type\":\"EntryPoint\",\"urlTemplate\":\"https:\/\/matilan.at\/?s={search_term_string}\"},\"query-input\":{\"@type\":\"PropertyValueSpecification\",\"valueRequired\":true,\"valueName\":\"search_term_string\"}}],\"inLanguage\":\"en-GB\"}]}<\/script>\n<!-- \/ Yoast SEO plugin. -->","yoast_head_json":{"title":"Sicherheitsberatung und Analyze - Ihr Sicherheitsexperte","description":"MATILAN bietet professionelle Sicherheitsberatung und Analyse f\u00fcr Unternehmen, Organisationen und Privatpersonen. Unsere ma\u00dfgeschneiderten L\u00f6sungen basieren auf gr\u00fcndlicher Risiko- und Schwachpunktanalyse, um Ihre Sicherheitsvorkehrungen zu optimieren und Risiken zu minimieren. Vertrauen Sie auf unsere langj\u00e4hrige Erfahrung f\u00fcr effektive Sicherheitskonzepte und Krisenmanagement. Kontaktieren Sie uns f\u00fcr eine individuelle Beratung.","robots":{"index":"index","follow":"follow","max-snippet":"max-snippet:-1","max-image-preview":"max-image-preview:large","max-video-preview":"max-video-preview:-1"},"canonical":"https:\/\/matilan.at\/en\/security-consulting","og_locale":"en_GB","og_type":"article","og_title":"Sicherheitsberatung und Analyze - Ihr Sicherheitsexperte","og_description":"MATILAN bietet professionelle Sicherheitsberatung und Analyse f\u00fcr Unternehmen, Organisationen und Privatpersonen. Unsere ma\u00dfgeschneiderten L\u00f6sungen basieren auf gr\u00fcndlicher Risiko- und Schwachpunktanalyse, um Ihre Sicherheitsvorkehrungen zu optimieren und Risiken zu minimieren. Vertrauen Sie auf unsere langj\u00e4hrige Erfahrung f\u00fcr effektive Sicherheitskonzepte und Krisenmanagement. Kontaktieren Sie uns f\u00fcr eine individuelle Beratung.","og_url":"https:\/\/matilan.at\/en\/security-consulting","og_site_name":"Ihr Sicherheitsexperte","article_modified_time":"2024-08-02T12:02:37+00:00","twitter_card":"summary_large_image","twitter_misc":{"Estimated reading time":"1 minute"},"schema":{"@context":"https:\/\/schema.org","@graph":[{"@type":"WebPage","@id":"https:\/\/matilan.at\/sicherheitsberatung-und-analyze","url":"https:\/\/matilan.at\/sicherheitsberatung-und-analyze","name":"Sicherheitsberatung und Analyze - Ihr Sicherheitsexperte","isPartOf":{"@id":"https:\/\/matilan.at\/#website"},"datePublished":"2018-08-15T01:04:59+00:00","dateModified":"2024-08-02T12:02:37+00:00","description":"MATILAN bietet professionelle Sicherheitsberatung und Analyse f\u00fcr Unternehmen, Organisationen und Privatpersonen. Unsere ma\u00dfgeschneiderten L\u00f6sungen basieren auf gr\u00fcndlicher Risiko- und Schwachpunktanalyse, um Ihre Sicherheitsvorkehrungen zu optimieren und Risiken zu minimieren. Vertrauen Sie auf unsere langj\u00e4hrige Erfahrung f\u00fcr effektive Sicherheitskonzepte und Krisenmanagement. Kontaktieren Sie uns f\u00fcr eine individuelle Beratung.","breadcrumb":{"@id":"https:\/\/matilan.at\/sicherheitsberatung-und-analyze#breadcrumb"},"inLanguage":"en-GB","potentialAction":[{"@type":"ReadAction","target":["https:\/\/matilan.at\/sicherheitsberatung-und-analyze"]}]},{"@type":"BreadcrumbList","@id":"https:\/\/matilan.at\/sicherheitsberatung-und-analyze#breadcrumb","itemListElement":[{"@type":"ListItem","position":1,"name":"Startseite","item":"https:\/\/matilan.at\/"},{"@type":"ListItem","position":2,"name":"Sicherheitsberatung und Analyze"}]},{"@type":"WebSite","@id":"https:\/\/matilan.at\/#website","url":"https:\/\/matilan.at\/","name":"Ihr Sicherheitsexperte","description":"","potentialAction":[{"@type":"SearchAction","target":{"@type":"EntryPoint","urlTemplate":"https:\/\/matilan.at\/?s={search_term_string}"},"query-input":{"@type":"PropertyValueSpecification","valueRequired":true,"valueName":"search_term_string"}}],"inLanguage":"en-GB"}]}},"_links":{"self":[{"href":"https:\/\/matilan.at\/en\/wp-json\/wp\/v2\/pages\/121","targetHints":{"allow":["GET"]}}],"collection":[{"href":"https:\/\/matilan.at\/en\/wp-json\/wp\/v2\/pages"}],"about":[{"href":"https:\/\/matilan.at\/en\/wp-json\/wp\/v2\/types\/page"}],"author":[{"embeddable":true,"href":"https:\/\/matilan.at\/en\/wp-json\/wp\/v2\/users\/1"}],"replies":[{"embeddable":true,"href":"https:\/\/matilan.at\/en\/wp-json\/wp\/v2\/comments?post=121"}],"version-history":[{"count":33,"href":"https:\/\/matilan.at\/en\/wp-json\/wp\/v2\/pages\/121\/revisions"}],"predecessor-version":[{"id":5593,"href":"https:\/\/matilan.at\/en\/wp-json\/wp\/v2\/pages\/121\/revisions\/5593"}],"wp:attachment":[{"href":"https:\/\/matilan.at\/en\/wp-json\/wp\/v2\/media?parent=121"}],"curies":[{"name":"wp","href":"https:\/\/api.w.org\/{rel}","templated":true}]}}