{"id":120,"date":"2018-08-15T01:04:59","date_gmt":"2018-08-15T01:04:59","guid":{"rendered":"https:\/\/matilan.at\/?page_id=120"},"modified":"2024-08-02T12:02:17","modified_gmt":"2024-08-02T12:02:17","slug":"value-transportation","status":"publish","type":"page","link":"https:\/\/matilan.at\/en\/value-transportation","title":{"rendered":"Valuables and Cash Transport"},"content":{"rendered":"<div data-elementor-type=\"wp-post\" data-elementor-id=\"120\" class=\"elementor elementor-120\" data-elementor-post-type=\"page\">\n\t\t\t\t\t\t<section class=\"elementor-section elementor-top-section elementor-element elementor-element-25bb2ed0 elementor-section-height-min-height elementor-section-boxed elementor-section-height-default elementor-section-items-middle\" data-id=\"25bb2ed0\" data-element_type=\"section\" data-settings=\"{&quot;background_background&quot;:&quot;classic&quot;}\">\n\t\t\t\t\t\t\t<div class=\"elementor-background-overlay\"><\/div>\n\t\t\t\t\t\t\t<div class=\"elementor-container elementor-column-gap-default\">\n\t\t\t\t\t<div class=\"elementor-column elementor-col-100 elementor-top-column elementor-element elementor-element-7f0df4d8\" data-id=\"7f0df4d8\" data-element_type=\"column\">\n\t\t\t<div class=\"elementor-widget-wrap elementor-element-populated\">\n\t\t\t\t\t\t<div class=\"elementor-element elementor-element-3048f3cd elementor-widget__width-initial elementor-widget elementor-widget-heading\" data-id=\"3048f3cd\" data-element_type=\"widget\" data-widget_type=\"heading.default\">\n\t\t\t\t<div class=\"elementor-widget-container\">\n\t\t\t\t\t<h1 class=\"elementor-heading-title elementor-size-default\"><span class=\"NormalTextRun SCXW184186565 BCX0\" style=\"background-color: inherit\">Value Transportation<\/span><\/h1>\t\t\t\t<\/div>\n\t\t\t\t<\/div>\n\t\t\t\t\t<\/div>\n\t\t<\/div>\n\t\t\t\t\t<\/div>\n\t\t<\/section>\n\t\t<div class=\"elementor-element elementor-element-68b46e3 e-flex e-con-boxed e-con e-parent\" data-id=\"68b46e3\" data-element_type=\"container\">\n\t\t\t\t\t<div class=\"e-con-inner\">\n\t\t\t\t<div class=\"elementor-element elementor-element-fc12bc5 elementor-widget elementor-widget-spacer\" data-id=\"fc12bc5\" data-element_type=\"widget\" data-widget_type=\"spacer.default\">\n\t\t\t\t<div class=\"elementor-widget-container\">\n\t\t\t\t\t\t\t<div class=\"elementor-spacer\">\n\t\t\t<div class=\"elementor-spacer-inner\"><\/div>\n\t\t<\/div>\n\t\t\t\t\t\t<\/div>\n\t\t\t\t<\/div>\n\t\t\t\t\t<\/div>\n\t\t\t\t<\/div>\n\t\t<div class=\"elementor-element elementor-element-637ffc4 e-flex e-con-boxed e-con e-parent\" data-id=\"637ffc4\" data-element_type=\"container\">\n\t\t\t\t\t<div class=\"e-con-inner\">\n\t\t\t\t<div class=\"elementor-element elementor-element-ac59d07 elementor-widget__width-initial elementor-widget-mobile__width-initial elementor-widget elementor-widget-text-editor\" data-id=\"ac59d07\" data-element_type=\"widget\" data-widget_type=\"text-editor.default\">\n\t\t\t\t<div class=\"elementor-widget-container\">\n\t\t\t\t\t\t\t\t\t<p class=\"p1\">Security and trust are the cornerstones of our company. We specialize in transporting your\nmost valuable assets safely and efficiently. Our comprehensive security concept ensures\nthat your property is always in the best hands.<\/p><p class=\"p3\">We offer tailored transport solutions for jewelers, banks, retailers, and businesses that rely\non the secure transportation of precious metals, jewelry, artwork, and other valuable\ngoods.<\/p><p class=\"p3\">We manage the entire transport process, from logistics to security, allowing you to focus on\nyour core business.\u00a0\u00a0<\/p><p class=\"p3\">Our experts are also available for comprehensive security consultations. We analyze your\nindividual needs and develop customized security solutions tailored to your specific\nrequirements. Our goal is to minimize risks and make your valuable goods transportation as\nsecure as possible.<\/p>\t\t\t\t\t\t\t\t<\/div>\n\t\t\t\t<\/div>\n\t\t\t\t<div class=\"elementor-element elementor-element-d06f49d elementor-widget__width-initial elementor-widget-mobile__width-initial elementor-widget elementor-widget-heading\" data-id=\"d06f49d\" data-element_type=\"widget\" data-widget_type=\"heading.default\">\n\t\t\t\t<div class=\"elementor-widget-container\">\n\t\t\t\t\t<h2 class=\"elementor-heading-title elementor-size-default\">Why Choose MATILAN Security Services GmbH?<\/h2>\t\t\t\t<\/div>\n\t\t\t\t<\/div>\n\t\t\t\t<div class=\"elementor-element elementor-element-b7fa3bc elementor-widget__width-initial elementor-widget-mobile__width-initial elementor-widget elementor-widget-text-editor\" data-id=\"b7fa3bc\" data-element_type=\"widget\" data-widget_type=\"text-editor.default\">\n\t\t\t\t<div class=\"elementor-widget-container\">\n\t\t\t\t\t\t\t\t\t<p class=\"p1\">\u00a0<\/p><ul class=\"ul1\"><li class=\"li2\"><b>Experience and Expertise<\/b>: With years of experience and a team of highly qualified\nsecurity experts, we offer the highest level of security for your valuable goods\ntransportation.<\/li><\/ul><ul class=\"ul1\"><li class=\"li2\"><b>Customized Solutions<\/b>: Every transport is unique. We adapt our services precisely to your needs to provide you with the best service.<\/li><\/ul><ul class=\"ul1\"><li class=\"li2\"><b>Trust and Discretion<\/b>: Your security and satisfaction are our top priorities. We always act discreetly and reliably to earn and maintain your trust.<\/li><\/ul>\t\t\t\t\t\t\t\t<\/div>\n\t\t\t\t<\/div>\n\t\t\t\t<div class=\"elementor-element elementor-element-61e9d15 elementor-widget__width-initial elementor-widget-mobile__width-initial elementor-widget elementor-widget-heading\" data-id=\"61e9d15\" data-element_type=\"widget\" data-widget_type=\"heading.default\">\n\t\t\t\t<div class=\"elementor-widget-container\">\n\t\t\t\t\t<h2 class=\"elementor-heading-title elementor-size-default\">Contact Us<\/h2>\t\t\t\t<\/div>\n\t\t\t\t<\/div>\n\t\t\t\t<div class=\"elementor-element elementor-element-7edb520 elementor-widget__width-initial elementor-widget-mobile__width-initial elementor-widget elementor-widget-text-editor\" data-id=\"7edb520\" data-element_type=\"widget\" data-widget_type=\"text-editor.default\">\n\t\t\t\t<div class=\"elementor-widget-container\">\n\t\t\t\t\t\t\t\t\t<p class=\"p1\">Let's discuss your security needs. Contact us today for a non-binding consultation and learn how we can make your valuable goods transportation more secure.<\/p>\t\t\t\t\t\t\t\t<\/div>\n\t\t\t\t<\/div>\n\t\t\t\t\t<\/div>\n\t\t\t\t<\/div>\n\t\t\t\t<section class=\"elementor-section elementor-top-section elementor-element elementor-element-1bdf7d2e elementor-section-boxed elementor-section-height-default elementor-section-height-default\" data-id=\"1bdf7d2e\" data-element_type=\"section\">\n\t\t\t\t\t\t<div class=\"elementor-container elementor-column-gap-default\">\n\t\t\t\t\t<div class=\"elementor-column elementor-col-100 elementor-top-column elementor-element elementor-element-4b705047\" data-id=\"4b705047\" data-element_type=\"column\">\n\t\t\t<div class=\"elementor-widget-wrap elementor-element-populated\">\n\t\t\t\t\t\t<div class=\"elementor-element elementor-element-992de45 elementor-widget elementor-widget-spacer\" data-id=\"992de45\" data-element_type=\"widget\" data-widget_type=\"spacer.default\">\n\t\t\t\t<div class=\"elementor-widget-container\">\n\t\t\t\t\t\t\t<div class=\"elementor-spacer\">\n\t\t\t<div class=\"elementor-spacer-inner\"><\/div>\n\t\t<\/div>\n\t\t\t\t\t\t<\/div>\n\t\t\t\t<\/div>\n\t\t\t\t\t<\/div>\n\t\t<\/div>\n\t\t\t\t\t<\/div>\n\t\t<\/section>\n\t\t\t\t<\/div>","protected":false},"excerpt":{"rendered":"<p>Werttransport Sicherheit und Vertrauen sind die Grundpfeiler unseres Unternehmens. Wir haben uns darauf spezialisiert, Ihre wertvollsten G\u00fcter sicher und effizient zu transportieren. Unser umfassendes Sicherheitskonzept stellt sicher, dass Ihr Eigentum jederzeit in besten H\u00e4nden ist. Wir bieten ma\u00dfgeschneiderte Transportl\u00f6sungen f\u00fcr Juweliere, Banken, Einzelh\u00e4ndler und Unternehmen, die auf den sicheren Transport von Edelmetallen, Schmuck, Kunstwerken und [&hellip;]<\/p>\n","protected":false},"author":1,"featured_media":0,"parent":0,"menu_order":0,"comment_status":"closed","ping_status":"closed","template":"","meta":{"footnotes":""},"class_list":["post-120","page","type-page","status-publish","hentry"],"yoast_head":"<!-- This site is optimized with the Yoast SEO plugin v26.7 - https:\/\/yoast.com\/wordpress\/plugins\/seo\/ -->\n<title>Wert- und Geldtransport - Ihr Sicherheitsexperte<\/title>\n<meta name=\"description\" content=\"MATILAN bietet sicheren Wert- und Geldtransport durch erfahrene Fachkr\u00e4fte. Unsere ma\u00dfgeschneiderten Transportl\u00f6sungen f\u00fcr Juweliere, Banken und Unternehmen gew\u00e4hrleisten den sicheren Transport von Edelmetallen, Schmuck und Kunstwerken. Vertrauen Sie auf unsere langj\u00e4hrige Erfahrung und Diskretion. Kontaktieren Sie uns f\u00fcr eine individuelle Sicherheitsanalyse.\" \/>\n<meta name=\"robots\" content=\"index, follow, max-snippet:-1, max-image-preview:large, max-video-preview:-1\" \/>\n<link rel=\"canonical\" href=\"https:\/\/matilan.at\/en\/value-transportation\" \/>\n<meta property=\"og:locale\" content=\"en_GB\" \/>\n<meta property=\"og:type\" content=\"article\" \/>\n<meta property=\"og:title\" content=\"Wert- und Geldtransport - Ihr Sicherheitsexperte\" \/>\n<meta property=\"og:description\" content=\"MATILAN bietet sicheren Wert- und Geldtransport durch erfahrene Fachkr\u00e4fte. Unsere ma\u00dfgeschneiderten Transportl\u00f6sungen f\u00fcr Juweliere, Banken und Unternehmen gew\u00e4hrleisten den sicheren Transport von Edelmetallen, Schmuck und Kunstwerken. Vertrauen Sie auf unsere langj\u00e4hrige Erfahrung und Diskretion. Kontaktieren Sie uns f\u00fcr eine individuelle Sicherheitsanalyse.\" \/>\n<meta property=\"og:url\" content=\"https:\/\/matilan.at\/en\/value-transportation\" \/>\n<meta property=\"og:site_name\" content=\"Ihr Sicherheitsexperte\" \/>\n<meta property=\"article:modified_time\" content=\"2024-08-02T12:02:17+00:00\" \/>\n<meta name=\"twitter:card\" content=\"summary_large_image\" \/>\n<meta name=\"twitter:label1\" content=\"Estimated reading time\" \/>\n\t<meta name=\"twitter:data1\" content=\"2 minutes\" \/>\n<script type=\"application\/ld+json\" class=\"yoast-schema-graph\">{\"@context\":\"https:\/\/schema.org\",\"@graph\":[{\"@type\":\"WebPage\",\"@id\":\"https:\/\/matilan.at\/wert-und-geldtransport\",\"url\":\"https:\/\/matilan.at\/wert-und-geldtransport\",\"name\":\"Wert- und Geldtransport - Ihr Sicherheitsexperte\",\"isPartOf\":{\"@id\":\"https:\/\/matilan.at\/#website\"},\"datePublished\":\"2018-08-15T01:04:59+00:00\",\"dateModified\":\"2024-08-02T12:02:17+00:00\",\"description\":\"MATILAN bietet sicheren Wert- und Geldtransport durch erfahrene Fachkr\u00e4fte. Unsere ma\u00dfgeschneiderten Transportl\u00f6sungen f\u00fcr Juweliere, Banken und Unternehmen gew\u00e4hrleisten den sicheren Transport von Edelmetallen, Schmuck und Kunstwerken. Vertrauen Sie auf unsere langj\u00e4hrige Erfahrung und Diskretion. Kontaktieren Sie uns f\u00fcr eine individuelle Sicherheitsanalyse.\",\"breadcrumb\":{\"@id\":\"https:\/\/matilan.at\/wert-und-geldtransport#breadcrumb\"},\"inLanguage\":\"en-GB\",\"potentialAction\":[{\"@type\":\"ReadAction\",\"target\":[\"https:\/\/matilan.at\/wert-und-geldtransport\"]}]},{\"@type\":\"BreadcrumbList\",\"@id\":\"https:\/\/matilan.at\/wert-und-geldtransport#breadcrumb\",\"itemListElement\":[{\"@type\":\"ListItem\",\"position\":1,\"name\":\"Startseite\",\"item\":\"https:\/\/matilan.at\/\"},{\"@type\":\"ListItem\",\"position\":2,\"name\":\"Wert- und Geldtransport\"}]},{\"@type\":\"WebSite\",\"@id\":\"https:\/\/matilan.at\/#website\",\"url\":\"https:\/\/matilan.at\/\",\"name\":\"Ihr Sicherheitsexperte\",\"description\":\"\",\"potentialAction\":[{\"@type\":\"SearchAction\",\"target\":{\"@type\":\"EntryPoint\",\"urlTemplate\":\"https:\/\/matilan.at\/?s={search_term_string}\"},\"query-input\":{\"@type\":\"PropertyValueSpecification\",\"valueRequired\":true,\"valueName\":\"search_term_string\"}}],\"inLanguage\":\"en-GB\"}]}<\/script>\n<!-- \/ Yoast SEO plugin. -->","yoast_head_json":{"title":"Wert- und Geldtransport - Ihr Sicherheitsexperte","description":"MATILAN bietet sicheren Wert- und Geldtransport durch erfahrene Fachkr\u00e4fte. Unsere ma\u00dfgeschneiderten Transportl\u00f6sungen f\u00fcr Juweliere, Banken und Unternehmen gew\u00e4hrleisten den sicheren Transport von Edelmetallen, Schmuck und Kunstwerken. Vertrauen Sie auf unsere langj\u00e4hrige Erfahrung und Diskretion. Kontaktieren Sie uns f\u00fcr eine individuelle Sicherheitsanalyse.","robots":{"index":"index","follow":"follow","max-snippet":"max-snippet:-1","max-image-preview":"max-image-preview:large","max-video-preview":"max-video-preview:-1"},"canonical":"https:\/\/matilan.at\/en\/value-transportation","og_locale":"en_GB","og_type":"article","og_title":"Wert- und Geldtransport - Ihr Sicherheitsexperte","og_description":"MATILAN bietet sicheren Wert- und Geldtransport durch erfahrene Fachkr\u00e4fte. Unsere ma\u00dfgeschneiderten Transportl\u00f6sungen f\u00fcr Juweliere, Banken und Unternehmen gew\u00e4hrleisten den sicheren Transport von Edelmetallen, Schmuck und Kunstwerken. Vertrauen Sie auf unsere langj\u00e4hrige Erfahrung und Diskretion. Kontaktieren Sie uns f\u00fcr eine individuelle Sicherheitsanalyse.","og_url":"https:\/\/matilan.at\/en\/value-transportation","og_site_name":"Ihr Sicherheitsexperte","article_modified_time":"2024-08-02T12:02:17+00:00","twitter_card":"summary_large_image","twitter_misc":{"Estimated reading time":"2 minutes"},"schema":{"@context":"https:\/\/schema.org","@graph":[{"@type":"WebPage","@id":"https:\/\/matilan.at\/wert-und-geldtransport","url":"https:\/\/matilan.at\/wert-und-geldtransport","name":"Wert- und Geldtransport - Ihr Sicherheitsexperte","isPartOf":{"@id":"https:\/\/matilan.at\/#website"},"datePublished":"2018-08-15T01:04:59+00:00","dateModified":"2024-08-02T12:02:17+00:00","description":"MATILAN bietet sicheren Wert- und Geldtransport durch erfahrene Fachkr\u00e4fte. Unsere ma\u00dfgeschneiderten Transportl\u00f6sungen f\u00fcr Juweliere, Banken und Unternehmen gew\u00e4hrleisten den sicheren Transport von Edelmetallen, Schmuck und Kunstwerken. Vertrauen Sie auf unsere langj\u00e4hrige Erfahrung und Diskretion. Kontaktieren Sie uns f\u00fcr eine individuelle Sicherheitsanalyse.","breadcrumb":{"@id":"https:\/\/matilan.at\/wert-und-geldtransport#breadcrumb"},"inLanguage":"en-GB","potentialAction":[{"@type":"ReadAction","target":["https:\/\/matilan.at\/wert-und-geldtransport"]}]},{"@type":"BreadcrumbList","@id":"https:\/\/matilan.at\/wert-und-geldtransport#breadcrumb","itemListElement":[{"@type":"ListItem","position":1,"name":"Startseite","item":"https:\/\/matilan.at\/"},{"@type":"ListItem","position":2,"name":"Wert- und Geldtransport"}]},{"@type":"WebSite","@id":"https:\/\/matilan.at\/#website","url":"https:\/\/matilan.at\/","name":"Ihr Sicherheitsexperte","description":"","potentialAction":[{"@type":"SearchAction","target":{"@type":"EntryPoint","urlTemplate":"https:\/\/matilan.at\/?s={search_term_string}"},"query-input":{"@type":"PropertyValueSpecification","valueRequired":true,"valueName":"search_term_string"}}],"inLanguage":"en-GB"}]}},"_links":{"self":[{"href":"https:\/\/matilan.at\/en\/wp-json\/wp\/v2\/pages\/120","targetHints":{"allow":["GET"]}}],"collection":[{"href":"https:\/\/matilan.at\/en\/wp-json\/wp\/v2\/pages"}],"about":[{"href":"https:\/\/matilan.at\/en\/wp-json\/wp\/v2\/types\/page"}],"author":[{"embeddable":true,"href":"https:\/\/matilan.at\/en\/wp-json\/wp\/v2\/users\/1"}],"replies":[{"embeddable":true,"href":"https:\/\/matilan.at\/en\/wp-json\/wp\/v2\/comments?post=120"}],"version-history":[{"count":36,"href":"https:\/\/matilan.at\/en\/wp-json\/wp\/v2\/pages\/120\/revisions"}],"predecessor-version":[{"id":5592,"href":"https:\/\/matilan.at\/en\/wp-json\/wp\/v2\/pages\/120\/revisions\/5592"}],"wp:attachment":[{"href":"https:\/\/matilan.at\/en\/wp-json\/wp\/v2\/media?parent=120"}],"curies":[{"name":"wp","href":"https:\/\/api.w.org\/{rel}","templated":true}]}}