{"id":119,"date":"2018-08-15T01:04:59","date_gmt":"2018-08-15T01:04:59","guid":{"rendered":"https:\/\/matilan.at\/?page_id=119"},"modified":"2024-08-02T11:59:53","modified_gmt":"2024-08-02T11:59:53","slug":"event-security","status":"publish","type":"page","link":"https:\/\/matilan.at\/en\/event-security","title":{"rendered":"Event Security"},"content":{"rendered":"<div data-elementor-type=\"wp-post\" data-elementor-id=\"119\" class=\"elementor elementor-119\" data-elementor-post-type=\"page\">\n\t\t\t\t\t\t<section class=\"elementor-section elementor-top-section elementor-element elementor-element-5fdcdc09 elementor-section-height-min-height elementor-section-boxed elementor-section-height-default elementor-section-items-middle\" data-id=\"5fdcdc09\" data-element_type=\"section\" data-settings=\"{&quot;background_background&quot;:&quot;classic&quot;}\">\n\t\t\t\t\t\t\t<div class=\"elementor-background-overlay\"><\/div>\n\t\t\t\t\t\t\t<div class=\"elementor-container elementor-column-gap-default\">\n\t\t\t\t\t<div class=\"elementor-column elementor-col-100 elementor-top-column elementor-element elementor-element-2b007f42\" data-id=\"2b007f42\" data-element_type=\"column\">\n\t\t\t<div class=\"elementor-widget-wrap elementor-element-populated\">\n\t\t\t\t\t\t<div class=\"elementor-element elementor-element-5426fc83 elementor-widget__width-initial elementor-widget elementor-widget-heading\" data-id=\"5426fc83\" data-element_type=\"widget\" data-widget_type=\"heading.default\">\n\t\t\t\t<div class=\"elementor-widget-container\">\n\t\t\t\t\t<h1 class=\"elementor-heading-title elementor-size-default\">Event Security<\/h1>\t\t\t\t<\/div>\n\t\t\t\t<\/div>\n\t\t\t\t\t<\/div>\n\t\t<\/div>\n\t\t\t\t\t<\/div>\n\t\t<\/section>\n\t\t<div class=\"elementor-element elementor-element-77e95a4 e-flex e-con-boxed e-con e-parent\" data-id=\"77e95a4\" data-element_type=\"container\">\n\t\t\t\t\t<div class=\"e-con-inner\">\n\t\t\t\t<div class=\"elementor-element elementor-element-22b9e00 elementor-widget elementor-widget-spacer\" data-id=\"22b9e00\" data-element_type=\"widget\" data-widget_type=\"spacer.default\">\n\t\t\t\t<div class=\"elementor-widget-container\">\n\t\t\t\t\t\t\t<div class=\"elementor-spacer\">\n\t\t\t<div class=\"elementor-spacer-inner\"><\/div>\n\t\t<\/div>\n\t\t\t\t\t\t<\/div>\n\t\t\t\t<\/div>\n\t\t\t\t\t<\/div>\n\t\t\t\t<\/div>\n\t\t\t\t<section class=\"elementor-section elementor-top-section elementor-element elementor-element-5021b65b elementor-section-boxed elementor-section-height-default elementor-section-height-default\" data-id=\"5021b65b\" data-element_type=\"section\">\n\t\t\t\t\t\t<div class=\"elementor-container elementor-column-gap-default\">\n\t\t\t\t\t<div class=\"elementor-column elementor-col-100 elementor-top-column elementor-element elementor-element-6420df9\" data-id=\"6420df9\" data-element_type=\"column\">\n\t\t\t<div class=\"elementor-widget-wrap elementor-element-populated\">\n\t\t\t\t\t\t<div class=\"elementor-element elementor-element-1e18c929 elementor-widget elementor-widget-text-editor\" data-id=\"1e18c929\" data-element_type=\"widget\" data-widget_type=\"text-editor.default\">\n\t\t\t\t<div class=\"elementor-widget-container\">\n\t\t\t\t\t\t\t\t\t<p class=\"p1\">So that organisers can concentrate fully on the running of an event and look after their\nguests, they need a strong partner when it comes to event security. As part of our event\nsecurity services, we aim to ensure the safety of all participants and the property present\nwithout compromising the character of the event.<\/p>\t\t\t\t\t\t\t\t<\/div>\n\t\t\t\t<\/div>\n\t\t\t\t<div class=\"elementor-element elementor-element-2d8a004d elementor-widget elementor-widget-heading\" data-id=\"2d8a004d\" data-element_type=\"widget\" data-widget_type=\"heading.default\">\n\t\t\t\t<div class=\"elementor-widget-container\">\n\t\t\t\t\t<h2 class=\"elementor-heading-title elementor-size-default\">The Process<\/h2>\t\t\t\t<\/div>\n\t\t\t\t<\/div>\n\t\t\t\t<div class=\"elementor-element elementor-element-5a886e1f elementor-widget elementor-widget-text-editor\" data-id=\"5a886e1f\" data-element_type=\"widget\" data-widget_type=\"text-editor.default\">\n\t\t\t\t<div class=\"elementor-widget-container\">\n\t\t\t\t\t\t\t\t\t<p class=\"p1\">As with our other security services, the security concept is drawn up following a detailed\nrisk and threat analysis. Personnel and technical aspects are therefore tailored to the event\nin question and implemented in such a way as to ensure optimum protection in dangerous\nsituations, attacks and other possible short-term interruptions to the event.\u00a0\u00a0<\/p>\t\t\t\t\t\t\t\t<\/div>\n\t\t\t\t<\/div>\n\t\t\t\t<div class=\"elementor-element elementor-element-632d0cb9 elementor-widget elementor-widget-heading\" data-id=\"632d0cb9\" data-element_type=\"widget\" data-widget_type=\"heading.default\">\n\t\t\t\t<div class=\"elementor-widget-container\">\n\t\t\t\t\t<h2 class=\"elementor-heading-title elementor-size-default\">Avoid legal and financial consequences<\/h2>\t\t\t\t<\/div>\n\t\t\t\t<\/div>\n\t\t\t\t<div class=\"elementor-element elementor-element-7e4646cb elementor-widget elementor-widget-text-editor\" data-id=\"7e4646cb\" data-element_type=\"widget\" data-widget_type=\"text-editor.default\">\n\t\t\t\t<div class=\"elementor-widget-container\">\n\t\t\t\t\t\t\t\t\t<p class=\"p1\">The security aspect should not be underestimated, especially at events - failure to comply\nwith the duty of care can have a number of unwanted legal and financial consequences, not\nto mention the impact on the organiser's reputation.\u00a0\u00a0<\/p>\t\t\t\t\t\t\t\t<\/div>\n\t\t\t\t<\/div>\n\t\t\t\t<div class=\"elementor-element elementor-element-1870459d elementor-widget elementor-widget-heading\" data-id=\"1870459d\" data-element_type=\"widget\" data-widget_type=\"heading.default\">\n\t\t\t\t<div class=\"elementor-widget-container\">\n\t\t\t\t\t<h2 class=\"elementor-heading-title elementor-size-default\">Our services<\/h2>\t\t\t\t<\/div>\n\t\t\t\t<\/div>\n\t\t\t\t<div class=\"elementor-element elementor-element-7551ee17 elementor-widget elementor-widget-text-editor\" data-id=\"7551ee17\" data-element_type=\"widget\" data-widget_type=\"text-editor.default\">\n\t\t\t\t<div class=\"elementor-widget-container\">\n\t\t\t\t\t\t\t\t\t<p class=\"p1\">Some of our event security services:\u00a0<\/p><ul class=\"ul1\"><li class=\"li2\">Risk, threat and vulnerability analysis\u00a0<\/li><li class=\"li2\">Access control\u00a0<\/li><li class=\"li2\">Surveillance defence measures\u00a0<\/li><li class=\"li2\">Checking the property for potential dangerous items\u00a0<\/li><li class=\"li2\">Surveillance and alarm systems\u00a0<\/li><li class=\"li2\">VIP transport service\u00a0<\/li><li class=\"li2\">VIP events<\/li><li class=\"li2\">Medical security at the event<\/li><li class=\"li2\">Metal Detectors<\/li><\/ul>\t\t\t\t\t\t\t\t<\/div>\n\t\t\t\t<\/div>\n\t\t\t\t<div class=\"elementor-element elementor-element-b1bf128 elementor-widget elementor-widget-spacer\" data-id=\"b1bf128\" data-element_type=\"widget\" data-widget_type=\"spacer.default\">\n\t\t\t\t<div class=\"elementor-widget-container\">\n\t\t\t\t\t\t\t<div class=\"elementor-spacer\">\n\t\t\t<div class=\"elementor-spacer-inner\"><\/div>\n\t\t<\/div>\n\t\t\t\t\t\t<\/div>\n\t\t\t\t<\/div>\n\t\t\t\t\t<\/div>\n\t\t<\/div>\n\t\t\t\t\t<\/div>\n\t\t<\/section>\n\t\t\t\t<\/div>","protected":false},"excerpt":{"rendered":"<p>Veranstaltungsschutz Damit sich Veranstalter voll\u00a0und ganz auf den Ablauf eines Events konzentrieren\u00a0und sich um ihre\u00a0G\u00e4ste k\u00fcmmern\u00a0k\u00f6nnen, ist ein\u00a0starker Partner in Sachen Event-Security notwendig. Im Rahmen des Veranstaltungsschutzes zielen wir darauf ab, die Sicherheit aller Teilnehmer\u00a0und des vorhandenen Sachgutes\u00a0zu gew\u00e4hrleisten,\u00a0ohne dabei den Charakter der Veranstaltung\u00a0zu beeintr\u00e4chtigen. Der Ablauf Wie auch bei unseren anderen Sicherheitsdienstleistungen wird das [&hellip;]<\/p>\n","protected":false},"author":1,"featured_media":0,"parent":0,"menu_order":0,"comment_status":"closed","ping_status":"closed","template":"","meta":{"footnotes":""},"class_list":["post-119","page","type-page","status-publish","hentry"],"yoast_head":"<!-- This site is optimized with the Yoast SEO plugin v26.7 - https:\/\/yoast.com\/wordpress\/plugins\/seo\/ -->\n<title>Veranstaltungsschutz - Ihr Sicherheitsexperte<\/title>\n<meta name=\"description\" content=\"MATILAN bietet umfassenden Veranstaltungsschutz durch erfahrene Fachkr\u00e4fte. Unsere ma\u00dfgeschneiderten Sicherheitskonzepte basieren auf gr\u00fcndlicher Risikoanalyse und garantieren den Schutz aller Teilnehmer und Sachwerte. Von Zugangskontrollen bis hin zu VIP-Diensten und medizinischer Sicherheit \u2013 wir sorgen f\u00fcr ein sicheres Event, ohne den Charakter der Veranstaltung zu beeintr\u00e4chtigen. Kontaktieren Sie uns f\u00fcr eine individuelle Beratung.\" \/>\n<meta name=\"robots\" content=\"index, follow, max-snippet:-1, max-image-preview:large, max-video-preview:-1\" \/>\n<link rel=\"canonical\" href=\"https:\/\/matilan.at\/en\/event-security\" \/>\n<meta property=\"og:locale\" content=\"en_GB\" \/>\n<meta property=\"og:type\" content=\"article\" \/>\n<meta property=\"og:title\" content=\"Veranstaltungsschutz - Ihr Sicherheitsexperte\" \/>\n<meta property=\"og:description\" content=\"MATILAN bietet umfassenden Veranstaltungsschutz durch erfahrene Fachkr\u00e4fte. Unsere ma\u00dfgeschneiderten Sicherheitskonzepte basieren auf gr\u00fcndlicher Risikoanalyse und garantieren den Schutz aller Teilnehmer und Sachwerte. Von Zugangskontrollen bis hin zu VIP-Diensten und medizinischer Sicherheit \u2013 wir sorgen f\u00fcr ein sicheres Event, ohne den Charakter der Veranstaltung zu beeintr\u00e4chtigen. Kontaktieren Sie uns f\u00fcr eine individuelle Beratung.\" \/>\n<meta property=\"og:url\" content=\"https:\/\/matilan.at\/en\/event-security\" \/>\n<meta property=\"og:site_name\" content=\"Ihr Sicherheitsexperte\" \/>\n<meta property=\"article:modified_time\" content=\"2024-08-02T11:59:53+00:00\" \/>\n<meta name=\"twitter:card\" content=\"summary_large_image\" \/>\n<meta name=\"twitter:label1\" content=\"Estimated reading time\" \/>\n\t<meta name=\"twitter:data1\" content=\"1 minute\" \/>\n<script type=\"application\/ld+json\" class=\"yoast-schema-graph\">{\"@context\":\"https:\/\/schema.org\",\"@graph\":[{\"@type\":\"WebPage\",\"@id\":\"https:\/\/matilan.at\/veranstaltungsschutz\",\"url\":\"https:\/\/matilan.at\/veranstaltungsschutz\",\"name\":\"Veranstaltungsschutz - Ihr Sicherheitsexperte\",\"isPartOf\":{\"@id\":\"https:\/\/matilan.at\/#website\"},\"datePublished\":\"2018-08-15T01:04:59+00:00\",\"dateModified\":\"2024-08-02T11:59:53+00:00\",\"description\":\"MATILAN bietet umfassenden Veranstaltungsschutz durch erfahrene Fachkr\u00e4fte. Unsere ma\u00dfgeschneiderten Sicherheitskonzepte basieren auf gr\u00fcndlicher Risikoanalyse und garantieren den Schutz aller Teilnehmer und Sachwerte. Von Zugangskontrollen bis hin zu VIP-Diensten und medizinischer Sicherheit \u2013 wir sorgen f\u00fcr ein sicheres Event, ohne den Charakter der Veranstaltung zu beeintr\u00e4chtigen. Kontaktieren Sie uns f\u00fcr eine individuelle Beratung.\",\"breadcrumb\":{\"@id\":\"https:\/\/matilan.at\/veranstaltungsschutz#breadcrumb\"},\"inLanguage\":\"en-GB\",\"potentialAction\":[{\"@type\":\"ReadAction\",\"target\":[\"https:\/\/matilan.at\/veranstaltungsschutz\"]}]},{\"@type\":\"BreadcrumbList\",\"@id\":\"https:\/\/matilan.at\/veranstaltungsschutz#breadcrumb\",\"itemListElement\":[{\"@type\":\"ListItem\",\"position\":1,\"name\":\"Startseite\",\"item\":\"https:\/\/matilan.at\/\"},{\"@type\":\"ListItem\",\"position\":2,\"name\":\"Veranstaltungsschutz\"}]},{\"@type\":\"WebSite\",\"@id\":\"https:\/\/matilan.at\/#website\",\"url\":\"https:\/\/matilan.at\/\",\"name\":\"Ihr Sicherheitsexperte\",\"description\":\"\",\"potentialAction\":[{\"@type\":\"SearchAction\",\"target\":{\"@type\":\"EntryPoint\",\"urlTemplate\":\"https:\/\/matilan.at\/?s={search_term_string}\"},\"query-input\":{\"@type\":\"PropertyValueSpecification\",\"valueRequired\":true,\"valueName\":\"search_term_string\"}}],\"inLanguage\":\"en-GB\"}]}<\/script>\n<!-- \/ Yoast SEO plugin. -->","yoast_head_json":{"title":"Veranstaltungsschutz - Ihr Sicherheitsexperte","description":"MATILAN bietet umfassenden Veranstaltungsschutz durch erfahrene Fachkr\u00e4fte. Unsere ma\u00dfgeschneiderten Sicherheitskonzepte basieren auf gr\u00fcndlicher Risikoanalyse und garantieren den Schutz aller Teilnehmer und Sachwerte. Von Zugangskontrollen bis hin zu VIP-Diensten und medizinischer Sicherheit \u2013 wir sorgen f\u00fcr ein sicheres Event, ohne den Charakter der Veranstaltung zu beeintr\u00e4chtigen. Kontaktieren Sie uns f\u00fcr eine individuelle Beratung.","robots":{"index":"index","follow":"follow","max-snippet":"max-snippet:-1","max-image-preview":"max-image-preview:large","max-video-preview":"max-video-preview:-1"},"canonical":"https:\/\/matilan.at\/en\/event-security","og_locale":"en_GB","og_type":"article","og_title":"Veranstaltungsschutz - Ihr Sicherheitsexperte","og_description":"MATILAN bietet umfassenden Veranstaltungsschutz durch erfahrene Fachkr\u00e4fte. Unsere ma\u00dfgeschneiderten Sicherheitskonzepte basieren auf gr\u00fcndlicher Risikoanalyse und garantieren den Schutz aller Teilnehmer und Sachwerte. Von Zugangskontrollen bis hin zu VIP-Diensten und medizinischer Sicherheit \u2013 wir sorgen f\u00fcr ein sicheres Event, ohne den Charakter der Veranstaltung zu beeintr\u00e4chtigen. Kontaktieren Sie uns f\u00fcr eine individuelle Beratung.","og_url":"https:\/\/matilan.at\/en\/event-security","og_site_name":"Ihr Sicherheitsexperte","article_modified_time":"2024-08-02T11:59:53+00:00","twitter_card":"summary_large_image","twitter_misc":{"Estimated reading time":"1 minute"},"schema":{"@context":"https:\/\/schema.org","@graph":[{"@type":"WebPage","@id":"https:\/\/matilan.at\/veranstaltungsschutz","url":"https:\/\/matilan.at\/veranstaltungsschutz","name":"Veranstaltungsschutz - Ihr Sicherheitsexperte","isPartOf":{"@id":"https:\/\/matilan.at\/#website"},"datePublished":"2018-08-15T01:04:59+00:00","dateModified":"2024-08-02T11:59:53+00:00","description":"MATILAN bietet umfassenden Veranstaltungsschutz durch erfahrene Fachkr\u00e4fte. Unsere ma\u00dfgeschneiderten Sicherheitskonzepte basieren auf gr\u00fcndlicher Risikoanalyse und garantieren den Schutz aller Teilnehmer und Sachwerte. Von Zugangskontrollen bis hin zu VIP-Diensten und medizinischer Sicherheit \u2013 wir sorgen f\u00fcr ein sicheres Event, ohne den Charakter der Veranstaltung zu beeintr\u00e4chtigen. Kontaktieren Sie uns f\u00fcr eine individuelle Beratung.","breadcrumb":{"@id":"https:\/\/matilan.at\/veranstaltungsschutz#breadcrumb"},"inLanguage":"en-GB","potentialAction":[{"@type":"ReadAction","target":["https:\/\/matilan.at\/veranstaltungsschutz"]}]},{"@type":"BreadcrumbList","@id":"https:\/\/matilan.at\/veranstaltungsschutz#breadcrumb","itemListElement":[{"@type":"ListItem","position":1,"name":"Startseite","item":"https:\/\/matilan.at\/"},{"@type":"ListItem","position":2,"name":"Veranstaltungsschutz"}]},{"@type":"WebSite","@id":"https:\/\/matilan.at\/#website","url":"https:\/\/matilan.at\/","name":"Ihr Sicherheitsexperte","description":"","potentialAction":[{"@type":"SearchAction","target":{"@type":"EntryPoint","urlTemplate":"https:\/\/matilan.at\/?s={search_term_string}"},"query-input":{"@type":"PropertyValueSpecification","valueRequired":true,"valueName":"search_term_string"}}],"inLanguage":"en-GB"}]}},"_links":{"self":[{"href":"https:\/\/matilan.at\/en\/wp-json\/wp\/v2\/pages\/119","targetHints":{"allow":["GET"]}}],"collection":[{"href":"https:\/\/matilan.at\/en\/wp-json\/wp\/v2\/pages"}],"about":[{"href":"https:\/\/matilan.at\/en\/wp-json\/wp\/v2\/types\/page"}],"author":[{"embeddable":true,"href":"https:\/\/matilan.at\/en\/wp-json\/wp\/v2\/users\/1"}],"replies":[{"embeddable":true,"href":"https:\/\/matilan.at\/en\/wp-json\/wp\/v2\/comments?post=119"}],"version-history":[{"count":25,"href":"https:\/\/matilan.at\/en\/wp-json\/wp\/v2\/pages\/119\/revisions"}],"predecessor-version":[{"id":5591,"href":"https:\/\/matilan.at\/en\/wp-json\/wp\/v2\/pages\/119\/revisions\/5591"}],"wp:attachment":[{"href":"https:\/\/matilan.at\/en\/wp-json\/wp\/v2\/media?parent=119"}],"curies":[{"name":"wp","href":"https:\/\/api.w.org\/{rel}","templated":true}]}}