{"id":117,"date":"2018-08-15T01:04:59","date_gmt":"2018-08-15T01:04:59","guid":{"rendered":"https:\/\/matilan.at\/?page_id=117"},"modified":"2024-08-02T11:57:07","modified_gmt":"2024-08-02T11:57:07","slug":"property-protection","status":"publish","type":"page","link":"https:\/\/matilan.at\/en\/property-protection","title":{"rendered":"Property Protection"},"content":{"rendered":"<div data-elementor-type=\"wp-post\" data-elementor-id=\"117\" class=\"elementor elementor-117\" data-elementor-post-type=\"page\">\n\t\t\t\t\t\t<section class=\"elementor-section elementor-top-section elementor-element elementor-element-a26e083 elementor-section-height-min-height elementor-section-boxed elementor-section-height-default elementor-section-items-middle\" data-id=\"a26e083\" data-element_type=\"section\" data-settings=\"{&quot;background_background&quot;:&quot;classic&quot;}\">\n\t\t\t\t\t\t\t<div class=\"elementor-background-overlay\"><\/div>\n\t\t\t\t\t\t\t<div class=\"elementor-container elementor-column-gap-default\">\n\t\t\t\t\t<div class=\"elementor-column elementor-col-100 elementor-top-column elementor-element elementor-element-4764dff\" data-id=\"4764dff\" data-element_type=\"column\">\n\t\t\t<div class=\"elementor-widget-wrap elementor-element-populated\">\n\t\t\t\t\t\t<div class=\"elementor-element elementor-element-e7cce80 elementor-widget__width-initial elementor-widget elementor-widget-heading\" data-id=\"e7cce80\" data-element_type=\"widget\" data-widget_type=\"heading.default\">\n\t\t\t\t<div class=\"elementor-widget-container\">\n\t\t\t\t\t<h1 class=\"elementor-heading-title elementor-size-default\">Property Protection<\/h1>\t\t\t\t<\/div>\n\t\t\t\t<\/div>\n\t\t\t\t\t<\/div>\n\t\t<\/div>\n\t\t\t\t\t<\/div>\n\t\t<\/section>\n\t\t<div class=\"elementor-element elementor-element-3c66360 e-flex e-con-boxed e-con e-parent\" data-id=\"3c66360\" data-element_type=\"container\">\n\t\t\t\t\t<div class=\"e-con-inner\">\n\t\t\t\t<div class=\"elementor-element elementor-element-e1bac69 elementor-widget elementor-widget-spacer\" data-id=\"e1bac69\" data-element_type=\"widget\" data-widget_type=\"spacer.default\">\n\t\t\t\t<div class=\"elementor-widget-container\">\n\t\t\t\t\t\t\t<div class=\"elementor-spacer\">\n\t\t\t<div class=\"elementor-spacer-inner\"><\/div>\n\t\t<\/div>\n\t\t\t\t\t\t<\/div>\n\t\t\t\t<\/div>\n\t\t\t\t\t<\/div>\n\t\t\t\t<\/div>\n\t\t\t\t<section class=\"elementor-section elementor-top-section elementor-element elementor-element-e6ba78f elementor-section-boxed elementor-section-height-default elementor-section-height-default\" data-id=\"e6ba78f\" data-element_type=\"section\">\n\t\t\t\t\t\t<div class=\"elementor-container elementor-column-gap-default\">\n\t\t\t\t\t<div class=\"elementor-column elementor-col-50 elementor-top-column elementor-element elementor-element-a8bd7ae\" data-id=\"a8bd7ae\" data-element_type=\"column\">\n\t\t\t<div class=\"elementor-widget-wrap elementor-element-populated\">\n\t\t\t\t\t\t<div class=\"elementor-element elementor-element-a08cea5 elementor-widget elementor-widget-text-editor\" data-id=\"a08cea5\" data-element_type=\"widget\" data-widget_type=\"text-editor.default\">\n\t\t\t\t<div class=\"elementor-widget-container\">\n\t\t\t\t\t\t\t\t\t<p class=\"p1\">Property protection is one of the central activities of security services and includes the\nsecurity of people in the respective building as well as the security of movable and\nimmovable property.\u00a0\u00a0<\/p>\t\t\t\t\t\t\t\t<\/div>\n\t\t\t\t<\/div>\n\t\t\t\t<div class=\"elementor-element elementor-element-8d09f78 elementor-widget elementor-widget-heading\" data-id=\"8d09f78\" data-element_type=\"widget\" data-widget_type=\"heading.default\">\n\t\t\t\t<div class=\"elementor-widget-container\">\n\t\t\t\t\t<h2 class=\"elementor-heading-title elementor-size-default\">Experienced specialists advise you<\/h2>\t\t\t\t<\/div>\n\t\t\t\t<\/div>\n\t\t\t\t<div class=\"elementor-element elementor-element-91299b6 elementor-widget elementor-widget-text-editor\" data-id=\"91299b6\" data-element_type=\"widget\" data-widget_type=\"text-editor.default\">\n\t\t\t\t<div class=\"elementor-widget-container\">\n\t\t\t\t\t\t\t\t\t<p class=\"p1\">The services we o,er in the area of property protection are of a first-class standard and are\nprovided exclusively by professionals with many years of experience in the upper\nperformance class of the industry. This clearly sets our company apart from many of its\ncompetitors and enables us to handle tasks of any complexity professionally and with\nproven success.\u00a0\u00a0<\/p>\t\t\t\t\t\t\t\t<\/div>\n\t\t\t\t<\/div>\n\t\t\t\t<div class=\"elementor-element elementor-element-89a7712 elementor-widget elementor-widget-heading\" data-id=\"89a7712\" data-element_type=\"widget\" data-widget_type=\"heading.default\">\n\t\t\t\t<div class=\"elementor-widget-container\">\n\t\t\t\t\t<h2 class=\"elementor-heading-title elementor-size-default\">Our property protection services<\/h2>\t\t\t\t<\/div>\n\t\t\t\t<\/div>\n\t\t\t\t<div class=\"elementor-element elementor-element-7e9396c elementor-widget elementor-widget-text-editor\" data-id=\"7e9396c\" data-element_type=\"widget\" data-widget_type=\"text-editor.default\">\n\t\t\t\t<div class=\"elementor-widget-container\">\n\t\t\t\t\t\t\t\t\t<p class=\"p1\">Our property protection services can be divided into the following areas:\u00a0<\/p><ul><li class=\"li1\">Protection of schools and other educational institutions<\/li><li class=\"li1\">Protection of religious facilities.<\/li><li class=\"li1\">Protection of cultural assets.\u00a0<\/li><li class=\"li1\">Protection of non-commercial objects\u00a0<\/li><li class=\"li1\">Protection of production, commercial and industrial facilities\u00a0<\/li><li class=\"li1\">Protection of commercial properties - shops and shopping centres\u00a0<\/li><li class=\"li1\">Protection of entire groups of objects, such as construction sites, warehouses and logistics\ncentres.<\/li><\/ul><p class=\"p1\">Our security services are carried out on the basis of the contract concluded with the client.\nAfter surveying the current situation and analysing the risks, we work with the client to\ndevelop a protection concept tailored to their individual needs.\u00a0\u00a0<\/p><p class=\"p1\">Unrestricted loyalty to our customers and a sense of responsibility with regard to the tasks\nassigned characterise all our employees - this is how we boast an impeccable relationship\nof trust with\u00a0<br \/>our customers.\u00a0<\/p>\t\t\t\t\t\t\t\t<\/div>\n\t\t\t\t<\/div>\n\t\t\t\t<div class=\"elementor-element elementor-element-7cf9151 elementor-widget elementor-widget-heading\" data-id=\"7cf9151\" data-element_type=\"widget\" data-widget_type=\"heading.default\">\n\t\t\t\t<div class=\"elementor-widget-container\">\n\t\t\t\t\t<h2 class=\"elementor-heading-title elementor-size-default\">Necessary factors<\/h2>\t\t\t\t<\/div>\n\t\t\t\t<\/div>\n\t\t\t\t<div class=\"elementor-element elementor-element-df0d25b elementor-widget elementor-widget-text-editor\" data-id=\"df0d25b\" data-element_type=\"widget\" data-widget_type=\"text-editor.default\">\n\t\t\t\t<div class=\"elementor-widget-container\">\n\t\t\t\t\t\t\t\t\t<p class=\"p1\">The following factors are decisive in determining the necessary tasks and selecting the\nappropriate methods for protecting a property:\u00a0<\/p><p class=\"p1\">Tasks and methods for protecting objects di,er depending on several factors, some of\nwhich are:\u00a0\u00a0<\/p><ul class=\"ul1\"><li class=\"li2\">Nature and size of the area to be protected\u00a0<\/li><li class=\"li2\">Number of entrances and warehouses\u00a0<\/li><li class=\"li2\">Specifics of the company in terms of organisation\u00a0<\/li><li class=\"li2\">Number of employees\u00a0\u00a0<\/li><li class=\"li2\">Analysis of the risks<\/li><\/ul><p class=\"p1\">\u00a0<\/p><p class=\"p1\">In order to ensure effective protection, our specialists must inspect the facility in question\nin advance, familiarise themselves with the specifics of the business processes and draw\nup a plan of suitable security measures.\u00a0<br \/>We can then provide you with the exact cost of the\nsecurity services and a quote.\u00a0<\/p>\t\t\t\t\t\t\t\t<\/div>\n\t\t\t\t<\/div>\n\t\t\t\t<div class=\"elementor-element elementor-element-3dd3e53 elementor-widget elementor-widget-spacer\" data-id=\"3dd3e53\" data-element_type=\"widget\" data-widget_type=\"spacer.default\">\n\t\t\t\t<div class=\"elementor-widget-container\">\n\t\t\t\t\t\t\t<div class=\"elementor-spacer\">\n\t\t\t<div class=\"elementor-spacer-inner\"><\/div>\n\t\t<\/div>\n\t\t\t\t\t\t<\/div>\n\t\t\t\t<\/div>\n\t\t\t\t\t<\/div>\n\t\t<\/div>\n\t\t\t\t<div class=\"elementor-column elementor-col-50 elementor-top-column elementor-element elementor-element-18c969c\" data-id=\"18c969c\" data-element_type=\"column\">\n\t\t\t<div class=\"elementor-widget-wrap\">\n\t\t\t\t\t\t\t<\/div>\n\t\t<\/div>\n\t\t\t\t\t<\/div>\n\t\t<\/section>\n\t\t\t\t<\/div>","protected":false},"excerpt":{"rendered":"<p>Objektschutz Der\u00a0Objektschutz\u00a0f\u00e4llt unter die zentralen\u00a0T\u00e4tigkeiten\u00a0von Sicherheitsdiensten\u00a0und umfasst\u00a0die Sicherheit von Personen im\u00a0jeweiligen\u00a0Geb\u00e4ude sowie die Sicherheit von beweglichen und unbeweglichen Gegenst\u00e4nden. Erfahrene Fachleute beraten Sie Die Dienste,\u00a0die wir im Bereich des Objektschutzes anbieten\u00a0sind von erstklassigem Niveau und werden ausschlie\u00dflich von Fachleuten mit langj\u00e4hriger Erfahrung in der oberen Leistungsklasse der Branche durchgef\u00fchrt.\u00a0 Unser Unternehmen hebt sich damit klar [&hellip;]<\/p>\n","protected":false},"author":1,"featured_media":0,"parent":0,"menu_order":0,"comment_status":"closed","ping_status":"closed","template":"","meta":{"footnotes":""},"class_list":["post-117","page","type-page","status-publish","hentry"],"yoast_head":"<!-- This site is optimized with the Yoast SEO plugin v26.7 - https:\/\/yoast.com\/wordpress\/plugins\/seo\/ -->\n<title>Objektschutz - Ihr Sicherheitsexperte<\/title>\n<meta name=\"description\" content=\"MATILAN bietet erstklassigen Objektschutz durch erfahrene Fachleute. Unser ma\u00dfgeschneidertes Sicherheitskonzept sch\u00fctzt Schulen, religi\u00f6se St\u00e4tten, Kulturg\u00fcter, gewerbliche und nichtkommerzielle Objekte. Mit internationaler Expertise gew\u00e4hrleisten wir Ihre Sicherheit zuverl\u00e4ssig und professionell. Kontaktieren Sie uns f\u00fcr eine individuelle Sicherheitsanalyse.\" \/>\n<meta name=\"robots\" content=\"index, follow, max-snippet:-1, max-image-preview:large, max-video-preview:-1\" \/>\n<link rel=\"canonical\" href=\"https:\/\/matilan.at\/en\/property-protection\" \/>\n<meta property=\"og:locale\" content=\"en_GB\" \/>\n<meta property=\"og:type\" content=\"article\" \/>\n<meta property=\"og:title\" content=\"Objektschutz - Ihr Sicherheitsexperte\" \/>\n<meta property=\"og:description\" content=\"MATILAN bietet erstklassigen Objektschutz durch erfahrene Fachleute. Unser ma\u00dfgeschneidertes Sicherheitskonzept sch\u00fctzt Schulen, religi\u00f6se St\u00e4tten, Kulturg\u00fcter, gewerbliche und nichtkommerzielle Objekte. Mit internationaler Expertise gew\u00e4hrleisten wir Ihre Sicherheit zuverl\u00e4ssig und professionell. Kontaktieren Sie uns f\u00fcr eine individuelle Sicherheitsanalyse.\" \/>\n<meta property=\"og:url\" content=\"https:\/\/matilan.at\/en\/property-protection\" \/>\n<meta property=\"og:site_name\" content=\"Ihr Sicherheitsexperte\" \/>\n<meta property=\"article:modified_time\" content=\"2024-08-02T11:57:07+00:00\" \/>\n<meta name=\"twitter:card\" content=\"summary_large_image\" \/>\n<meta name=\"twitter:label1\" content=\"Estimated reading time\" \/>\n\t<meta name=\"twitter:data1\" content=\"2 minutes\" \/>\n<script type=\"application\/ld+json\" class=\"yoast-schema-graph\">{\"@context\":\"https:\/\/schema.org\",\"@graph\":[{\"@type\":\"WebPage\",\"@id\":\"https:\/\/matilan.at\/objektschutz\",\"url\":\"https:\/\/matilan.at\/objektschutz\",\"name\":\"Objektschutz - Ihr Sicherheitsexperte\",\"isPartOf\":{\"@id\":\"https:\/\/matilan.at\/#website\"},\"datePublished\":\"2018-08-15T01:04:59+00:00\",\"dateModified\":\"2024-08-02T11:57:07+00:00\",\"description\":\"MATILAN bietet erstklassigen Objektschutz durch erfahrene Fachleute. Unser ma\u00dfgeschneidertes Sicherheitskonzept sch\u00fctzt Schulen, religi\u00f6se St\u00e4tten, Kulturg\u00fcter, gewerbliche und nichtkommerzielle Objekte. Mit internationaler Expertise gew\u00e4hrleisten wir Ihre Sicherheit zuverl\u00e4ssig und professionell. Kontaktieren Sie uns f\u00fcr eine individuelle Sicherheitsanalyse.\",\"breadcrumb\":{\"@id\":\"https:\/\/matilan.at\/objektschutz#breadcrumb\"},\"inLanguage\":\"en-GB\",\"potentialAction\":[{\"@type\":\"ReadAction\",\"target\":[\"https:\/\/matilan.at\/objektschutz\"]}]},{\"@type\":\"BreadcrumbList\",\"@id\":\"https:\/\/matilan.at\/objektschutz#breadcrumb\",\"itemListElement\":[{\"@type\":\"ListItem\",\"position\":1,\"name\":\"Startseite\",\"item\":\"https:\/\/matilan.at\/\"},{\"@type\":\"ListItem\",\"position\":2,\"name\":\"Objektschutz\"}]},{\"@type\":\"WebSite\",\"@id\":\"https:\/\/matilan.at\/#website\",\"url\":\"https:\/\/matilan.at\/\",\"name\":\"Ihr Sicherheitsexperte\",\"description\":\"\",\"potentialAction\":[{\"@type\":\"SearchAction\",\"target\":{\"@type\":\"EntryPoint\",\"urlTemplate\":\"https:\/\/matilan.at\/?s={search_term_string}\"},\"query-input\":{\"@type\":\"PropertyValueSpecification\",\"valueRequired\":true,\"valueName\":\"search_term_string\"}}],\"inLanguage\":\"en-GB\"}]}<\/script>\n<!-- \/ Yoast SEO plugin. -->","yoast_head_json":{"title":"Objektschutz - Ihr Sicherheitsexperte","description":"MATILAN bietet erstklassigen Objektschutz durch erfahrene Fachleute. Unser ma\u00dfgeschneidertes Sicherheitskonzept sch\u00fctzt Schulen, religi\u00f6se St\u00e4tten, Kulturg\u00fcter, gewerbliche und nichtkommerzielle Objekte. Mit internationaler Expertise gew\u00e4hrleisten wir Ihre Sicherheit zuverl\u00e4ssig und professionell. Kontaktieren Sie uns f\u00fcr eine individuelle Sicherheitsanalyse.","robots":{"index":"index","follow":"follow","max-snippet":"max-snippet:-1","max-image-preview":"max-image-preview:large","max-video-preview":"max-video-preview:-1"},"canonical":"https:\/\/matilan.at\/en\/property-protection","og_locale":"en_GB","og_type":"article","og_title":"Objektschutz - Ihr Sicherheitsexperte","og_description":"MATILAN bietet erstklassigen Objektschutz durch erfahrene Fachleute. Unser ma\u00dfgeschneidertes Sicherheitskonzept sch\u00fctzt Schulen, religi\u00f6se St\u00e4tten, Kulturg\u00fcter, gewerbliche und nichtkommerzielle Objekte. Mit internationaler Expertise gew\u00e4hrleisten wir Ihre Sicherheit zuverl\u00e4ssig und professionell. Kontaktieren Sie uns f\u00fcr eine individuelle Sicherheitsanalyse.","og_url":"https:\/\/matilan.at\/en\/property-protection","og_site_name":"Ihr Sicherheitsexperte","article_modified_time":"2024-08-02T11:57:07+00:00","twitter_card":"summary_large_image","twitter_misc":{"Estimated reading time":"2 minutes"},"schema":{"@context":"https:\/\/schema.org","@graph":[{"@type":"WebPage","@id":"https:\/\/matilan.at\/objektschutz","url":"https:\/\/matilan.at\/objektschutz","name":"Objektschutz - Ihr Sicherheitsexperte","isPartOf":{"@id":"https:\/\/matilan.at\/#website"},"datePublished":"2018-08-15T01:04:59+00:00","dateModified":"2024-08-02T11:57:07+00:00","description":"MATILAN bietet erstklassigen Objektschutz durch erfahrene Fachleute. Unser ma\u00dfgeschneidertes Sicherheitskonzept sch\u00fctzt Schulen, religi\u00f6se St\u00e4tten, Kulturg\u00fcter, gewerbliche und nichtkommerzielle Objekte. Mit internationaler Expertise gew\u00e4hrleisten wir Ihre Sicherheit zuverl\u00e4ssig und professionell. Kontaktieren Sie uns f\u00fcr eine individuelle Sicherheitsanalyse.","breadcrumb":{"@id":"https:\/\/matilan.at\/objektschutz#breadcrumb"},"inLanguage":"en-GB","potentialAction":[{"@type":"ReadAction","target":["https:\/\/matilan.at\/objektschutz"]}]},{"@type":"BreadcrumbList","@id":"https:\/\/matilan.at\/objektschutz#breadcrumb","itemListElement":[{"@type":"ListItem","position":1,"name":"Startseite","item":"https:\/\/matilan.at\/"},{"@type":"ListItem","position":2,"name":"Objektschutz"}]},{"@type":"WebSite","@id":"https:\/\/matilan.at\/#website","url":"https:\/\/matilan.at\/","name":"Ihr Sicherheitsexperte","description":"","potentialAction":[{"@type":"SearchAction","target":{"@type":"EntryPoint","urlTemplate":"https:\/\/matilan.at\/?s={search_term_string}"},"query-input":{"@type":"PropertyValueSpecification","valueRequired":true,"valueName":"search_term_string"}}],"inLanguage":"en-GB"}]}},"_links":{"self":[{"href":"https:\/\/matilan.at\/en\/wp-json\/wp\/v2\/pages\/117","targetHints":{"allow":["GET"]}}],"collection":[{"href":"https:\/\/matilan.at\/en\/wp-json\/wp\/v2\/pages"}],"about":[{"href":"https:\/\/matilan.at\/en\/wp-json\/wp\/v2\/types\/page"}],"author":[{"embeddable":true,"href":"https:\/\/matilan.at\/en\/wp-json\/wp\/v2\/users\/1"}],"replies":[{"embeddable":true,"href":"https:\/\/matilan.at\/en\/wp-json\/wp\/v2\/comments?post=117"}],"version-history":[{"count":32,"href":"https:\/\/matilan.at\/en\/wp-json\/wp\/v2\/pages\/117\/revisions"}],"predecessor-version":[{"id":5589,"href":"https:\/\/matilan.at\/en\/wp-json\/wp\/v2\/pages\/117\/revisions\/5589"}],"wp:attachment":[{"href":"https:\/\/matilan.at\/en\/wp-json\/wp\/v2\/media?parent=117"}],"curies":[{"name":"wp","href":"https:\/\/api.w.org\/{rel}","templated":true}]}}