{"id":116,"date":"2018-08-15T01:04:59","date_gmt":"2018-08-15T01:04:59","guid":{"rendered":"https:\/\/matilan.at\/?page_id=116"},"modified":"2024-08-02T11:58:43","modified_gmt":"2024-08-02T11:58:43","slug":"close-protection","status":"publish","type":"page","link":"https:\/\/matilan.at\/en\/close-protection","title":{"rendered":"Close Protection"},"content":{"rendered":"<div data-elementor-type=\"wp-post\" data-elementor-id=\"116\" class=\"elementor elementor-116\" data-elementor-post-type=\"page\">\n\t\t\t\t\t\t<section class=\"elementor-section elementor-top-section elementor-element elementor-element-45dff8e5 elementor-section-height-min-height elementor-section-boxed elementor-section-height-default elementor-section-items-middle\" data-id=\"45dff8e5\" data-element_type=\"section\" data-settings=\"{&quot;background_background&quot;:&quot;classic&quot;}\">\n\t\t\t\t\t\t\t<div class=\"elementor-background-overlay\"><\/div>\n\t\t\t\t\t\t\t<div class=\"elementor-container elementor-column-gap-default\">\n\t\t\t\t\t<div class=\"elementor-column elementor-col-100 elementor-top-column elementor-element elementor-element-d9159f5\" data-id=\"d9159f5\" data-element_type=\"column\">\n\t\t\t<div class=\"elementor-widget-wrap elementor-element-populated\">\n\t\t\t\t\t\t<div class=\"elementor-element elementor-element-eae2212 elementor-widget__width-initial elementor-widget elementor-widget-heading\" data-id=\"eae2212\" data-element_type=\"widget\" data-widget_type=\"heading.default\">\n\t\t\t\t<div class=\"elementor-widget-container\">\n\t\t\t\t\t<h1 class=\"elementor-heading-title elementor-size-default\">Close Protection<\/h1>\t\t\t\t<\/div>\n\t\t\t\t<\/div>\n\t\t\t\t\t<\/div>\n\t\t<\/div>\n\t\t\t\t\t<\/div>\n\t\t<\/section>\n\t\t\t\t<section class=\"elementor-section elementor-top-section elementor-element elementor-element-97326db elementor-section-boxed elementor-section-height-default elementor-section-height-default\" data-id=\"97326db\" data-element_type=\"section\">\n\t\t\t\t\t\t<div class=\"elementor-container elementor-column-gap-default\">\n\t\t\t\t\t<div class=\"elementor-column elementor-col-50 elementor-top-column elementor-element elementor-element-e8ae074\" data-id=\"e8ae074\" data-element_type=\"column\">\n\t\t\t<div class=\"elementor-widget-wrap elementor-element-populated\">\n\t\t\t\t\t\t<div class=\"elementor-element elementor-element-e62c8f5 elementor-widget elementor-widget-spacer\" data-id=\"e62c8f5\" data-element_type=\"widget\" data-widget_type=\"spacer.default\">\n\t\t\t\t<div class=\"elementor-widget-container\">\n\t\t\t\t\t\t\t<div class=\"elementor-spacer\">\n\t\t\t<div class=\"elementor-spacer-inner\"><\/div>\n\t\t<\/div>\n\t\t\t\t\t\t<\/div>\n\t\t\t\t<\/div>\n\t\t\t\t<div class=\"elementor-element elementor-element-942ba8b elementor-widget elementor-widget-text-editor\" data-id=\"942ba8b\" data-element_type=\"widget\" data-widget_type=\"text-editor.default\">\n\t\t\t\t<div class=\"elementor-widget-container\">\n\t\t\t\t\t\t\t\t\tWhen it comes to effective personal protection, there are many factors to consider. The\nclient's profile, risks, resources, locations and budget are just a few. For example, the\nnumber of security personnel deployed, their precise instructions and the types of vehicles\nassigned are subject to a detailed risk assessment and the individual requirements of each\nclient.\n\t\t\t\t\t\t\t\t<\/div>\n\t\t\t\t<\/div>\n\t\t\t\t<div class=\"elementor-element elementor-element-189c78c elementor-widget elementor-widget-heading\" data-id=\"189c78c\" data-element_type=\"widget\" data-widget_type=\"heading.default\">\n\t\t\t\t<div class=\"elementor-widget-container\">\n\t\t\t\t\t<h2 class=\"elementor-heading-title elementor-size-default\">The Process<\/h2>\t\t\t\t<\/div>\n\t\t\t\t<\/div>\n\t\t\t\t<div class=\"elementor-element elementor-element-6022092 elementor-widget elementor-widget-text-editor\" data-id=\"6022092\" data-element_type=\"widget\" data-widget_type=\"text-editor.default\">\n\t\t\t\t<div class=\"elementor-widget-container\">\n\t\t\t\t\t\t\t\t\t<p>An individual risk analysis is prepared in advance for each client so that a tailor-made\nsolution can be offered that minimises risks on the one hand, but also keeps intrusions into\nthe client's private life to a minimum on the other.<\/p><p>We are your partner for all security issues!\nWhether it's executive protection for a businessman, politician, diplomat or escort for an\ninternational delegation, sports team or business meeting - we do it professionally and at\nthe highest level.<\/p><p>Our focus when creating customised personal protection solutions is to be flexible enough\nto adapt to possible changes in threats in real time. This ensures the right balance between\nprotection and customer profile and the best possible acceptance in the environments in\nwhich we operate. Personal protection concepts are always developed in co-operation with the client.<\/p>\t\t\t\t\t\t\t\t<\/div>\n\t\t\t\t<\/div>\n\t\t\t\t<div class=\"elementor-element elementor-element-a78b05b elementor-widget elementor-widget-heading\" data-id=\"a78b05b\" data-element_type=\"widget\" data-widget_type=\"heading.default\">\n\t\t\t\t<div class=\"elementor-widget-container\">\n\t\t\t\t\t<h2 class=\"elementor-heading-title elementor-size-default\">Invisible personal protection<\/h2>\t\t\t\t<\/div>\n\t\t\t\t<\/div>\n\t\t\t\t<div class=\"elementor-element elementor-element-1c7a91b elementor-widget elementor-widget-text-editor\" data-id=\"1c7a91b\" data-element_type=\"widget\" data-widget_type=\"text-editor.default\">\n\t\t\t\t<div class=\"elementor-widget-container\">\n\t\t\t\t\t\t\t\t\t<p class=\"p1\">In addition to conventional personal protection, we also o,er an innovative service such as\n\"invisible personal protection\".<\/p><p class=\"p1\">Invisible personal protection is a system developed by intelligence services. It does not\nreact to specific threats, but rather searches for potential dangers in the customer's\nenvironment so that these can be prevented before an actual attack occurs. The customer\nis under observation at all times, enjoys the full protection of our employees and is just as\nsafe as with conventional personal protection. This service is primarily aimed at people\nwho need to be protected but also have a particular need for discretion, for example if\nvisible personal protection could damage the client's image. Invisible personal protection is\nalso the better choice if there is a suspicion that you are being shadowed, followed or\nobserved.<\/p>\t\t\t\t\t\t\t\t<\/div>\n\t\t\t\t<\/div>\n\t\t\t\t<div class=\"elementor-element elementor-element-fc98108 elementor-widget elementor-widget-heading\" data-id=\"fc98108\" data-element_type=\"widget\" data-widget_type=\"heading.default\">\n\t\t\t\t<div class=\"elementor-widget-container\">\n\t\t\t\t\t<h2 class=\"elementor-heading-title elementor-size-default\">Many years of experience<\/h2>\t\t\t\t<\/div>\n\t\t\t\t<\/div>\n\t\t\t\t<div class=\"elementor-element elementor-element-60eac90 elementor-widget elementor-widget-text-editor\" data-id=\"60eac90\" data-element_type=\"widget\" data-widget_type=\"text-editor.default\">\n\t\t\t\t<div class=\"elementor-widget-container\">\n\t\t\t\t\t\t\t\t\t<p class=\"p1\">Our employees are characterised by many years of experience in police and military service\nas well as in national and international security services. In addition to a wide range of\nexisting training programmes, they are regularly trained in close combat (Krav Maga),\nfirearms handling, security tactics and first aid.<\/p>\t\t\t\t\t\t\t\t<\/div>\n\t\t\t\t<\/div>\n\t\t\t\t<div class=\"elementor-element elementor-element-0724d53 elementor-widget elementor-widget-spacer\" data-id=\"0724d53\" data-element_type=\"widget\" data-widget_type=\"spacer.default\">\n\t\t\t\t<div class=\"elementor-widget-container\">\n\t\t\t\t\t\t\t<div class=\"elementor-spacer\">\n\t\t\t<div class=\"elementor-spacer-inner\"><\/div>\n\t\t<\/div>\n\t\t\t\t\t\t<\/div>\n\t\t\t\t<\/div>\n\t\t\t\t\t<\/div>\n\t\t<\/div>\n\t\t\t\t<div class=\"elementor-column elementor-col-50 elementor-top-column elementor-element elementor-element-b1c4158\" data-id=\"b1c4158\" data-element_type=\"column\">\n\t\t\t<div class=\"elementor-widget-wrap\">\n\t\t\t\t\t\t\t<\/div>\n\t\t<\/div>\n\t\t\t\t\t<\/div>\n\t\t<\/section>\n\t\t\t\t<\/div>","protected":false},"excerpt":{"rendered":"<p>Personenschutz Beim effektiven Personenschutz gilt es eine Vielzahl von Faktoren zu beachten. Das Profil des Kunden, Risiken, Ressourcen, Standorte und das Budget sind nur einige. So unterliegt etwa die Anzahl der eingesetzten Sicherheitskr\u00e4fte, deren genauen Dienstanweisungen, aber auch die zugewiesenen Fahrzeugtypen einer eingehenden Risikobewertung und den individuellen Anforderungen jedes Kunden. Der Ablauf F\u00fcr jeden Auftraggeber [&hellip;]<\/p>\n","protected":false},"author":1,"featured_media":0,"parent":0,"menu_order":0,"comment_status":"closed","ping_status":"closed","template":"","meta":{"footnotes":""},"class_list":["post-116","page","type-page","status-publish","hentry"],"yoast_head":"<!-- This site is optimized with the Yoast SEO plugin v26.7 - https:\/\/yoast.com\/wordpress\/plugins\/seo\/ -->\n<title>Personenschutz - Ihr Sicherheitsexperte<\/title>\n<meta name=\"description\" content=\"MATILAN bietet professionellen Personenschutz durch erfahrene Experten. Unsere ma\u00dfgeschneiderten L\u00f6sungen minimieren Risiken und gew\u00e4hrleisten Diskretion, einschlie\u00dflich innovativer unsichtbarer Schutzmethoden. Mit internationaler Erfahrung sch\u00fctzen wir Gesch\u00e4ftsleute, Politiker und Delegationen zuverl\u00e4ssig und diskret. Kontaktieren Sie uns f\u00fcr eine individuelle Sicherheitsanalyse.\" \/>\n<meta name=\"robots\" content=\"index, follow, max-snippet:-1, max-image-preview:large, max-video-preview:-1\" \/>\n<link rel=\"canonical\" href=\"https:\/\/matilan.at\/en\/close-protection\" \/>\n<meta property=\"og:locale\" content=\"en_GB\" \/>\n<meta property=\"og:type\" content=\"article\" \/>\n<meta property=\"og:title\" content=\"Personenschutz - Ihr Sicherheitsexperte\" \/>\n<meta property=\"og:description\" content=\"MATILAN bietet professionellen Personenschutz durch erfahrene Experten. Unsere ma\u00dfgeschneiderten L\u00f6sungen minimieren Risiken und gew\u00e4hrleisten Diskretion, einschlie\u00dflich innovativer unsichtbarer Schutzmethoden. Mit internationaler Erfahrung sch\u00fctzen wir Gesch\u00e4ftsleute, Politiker und Delegationen zuverl\u00e4ssig und diskret. Kontaktieren Sie uns f\u00fcr eine individuelle Sicherheitsanalyse.\" \/>\n<meta property=\"og:url\" content=\"https:\/\/matilan.at\/en\/close-protection\" \/>\n<meta property=\"og:site_name\" content=\"Ihr Sicherheitsexperte\" \/>\n<meta property=\"article:modified_time\" content=\"2024-08-02T11:58:43+00:00\" \/>\n<meta name=\"twitter:card\" content=\"summary_large_image\" \/>\n<meta name=\"twitter:label1\" content=\"Estimated reading time\" \/>\n\t<meta name=\"twitter:data1\" content=\"2 minutes\" \/>\n<script type=\"application\/ld+json\" class=\"yoast-schema-graph\">{\"@context\":\"https:\/\/schema.org\",\"@graph\":[{\"@type\":\"WebPage\",\"@id\":\"https:\/\/matilan.at\/personenschutz\",\"url\":\"https:\/\/matilan.at\/personenschutz\",\"name\":\"Personenschutz - Ihr Sicherheitsexperte\",\"isPartOf\":{\"@id\":\"https:\/\/matilan.at\/#website\"},\"datePublished\":\"2018-08-15T01:04:59+00:00\",\"dateModified\":\"2024-08-02T11:58:43+00:00\",\"description\":\"MATILAN bietet professionellen Personenschutz durch erfahrene Experten. Unsere ma\u00dfgeschneiderten L\u00f6sungen minimieren Risiken und gew\u00e4hrleisten Diskretion, einschlie\u00dflich innovativer unsichtbarer Schutzmethoden. Mit internationaler Erfahrung sch\u00fctzen wir Gesch\u00e4ftsleute, Politiker und Delegationen zuverl\u00e4ssig und diskret. Kontaktieren Sie uns f\u00fcr eine individuelle Sicherheitsanalyse.\",\"breadcrumb\":{\"@id\":\"https:\/\/matilan.at\/personenschutz#breadcrumb\"},\"inLanguage\":\"en-GB\",\"potentialAction\":[{\"@type\":\"ReadAction\",\"target\":[\"https:\/\/matilan.at\/personenschutz\"]}]},{\"@type\":\"BreadcrumbList\",\"@id\":\"https:\/\/matilan.at\/personenschutz#breadcrumb\",\"itemListElement\":[{\"@type\":\"ListItem\",\"position\":1,\"name\":\"Startseite\",\"item\":\"https:\/\/matilan.at\/\"},{\"@type\":\"ListItem\",\"position\":2,\"name\":\"Personenschutz\"}]},{\"@type\":\"WebSite\",\"@id\":\"https:\/\/matilan.at\/#website\",\"url\":\"https:\/\/matilan.at\/\",\"name\":\"Ihr Sicherheitsexperte\",\"description\":\"\",\"potentialAction\":[{\"@type\":\"SearchAction\",\"target\":{\"@type\":\"EntryPoint\",\"urlTemplate\":\"https:\/\/matilan.at\/?s={search_term_string}\"},\"query-input\":{\"@type\":\"PropertyValueSpecification\",\"valueRequired\":true,\"valueName\":\"search_term_string\"}}],\"inLanguage\":\"en-GB\"}]}<\/script>\n<!-- \/ Yoast SEO plugin. -->","yoast_head_json":{"title":"Personenschutz - Ihr Sicherheitsexperte","description":"MATILAN bietet professionellen Personenschutz durch erfahrene Experten. Unsere ma\u00dfgeschneiderten L\u00f6sungen minimieren Risiken und gew\u00e4hrleisten Diskretion, einschlie\u00dflich innovativer unsichtbarer Schutzmethoden. Mit internationaler Erfahrung sch\u00fctzen wir Gesch\u00e4ftsleute, Politiker und Delegationen zuverl\u00e4ssig und diskret. Kontaktieren Sie uns f\u00fcr eine individuelle Sicherheitsanalyse.","robots":{"index":"index","follow":"follow","max-snippet":"max-snippet:-1","max-image-preview":"max-image-preview:large","max-video-preview":"max-video-preview:-1"},"canonical":"https:\/\/matilan.at\/en\/close-protection","og_locale":"en_GB","og_type":"article","og_title":"Personenschutz - Ihr Sicherheitsexperte","og_description":"MATILAN bietet professionellen Personenschutz durch erfahrene Experten. Unsere ma\u00dfgeschneiderten L\u00f6sungen minimieren Risiken und gew\u00e4hrleisten Diskretion, einschlie\u00dflich innovativer unsichtbarer Schutzmethoden. Mit internationaler Erfahrung sch\u00fctzen wir Gesch\u00e4ftsleute, Politiker und Delegationen zuverl\u00e4ssig und diskret. Kontaktieren Sie uns f\u00fcr eine individuelle Sicherheitsanalyse.","og_url":"https:\/\/matilan.at\/en\/close-protection","og_site_name":"Ihr Sicherheitsexperte","article_modified_time":"2024-08-02T11:58:43+00:00","twitter_card":"summary_large_image","twitter_misc":{"Estimated reading time":"2 minutes"},"schema":{"@context":"https:\/\/schema.org","@graph":[{"@type":"WebPage","@id":"https:\/\/matilan.at\/personenschutz","url":"https:\/\/matilan.at\/personenschutz","name":"Personenschutz - Ihr Sicherheitsexperte","isPartOf":{"@id":"https:\/\/matilan.at\/#website"},"datePublished":"2018-08-15T01:04:59+00:00","dateModified":"2024-08-02T11:58:43+00:00","description":"MATILAN bietet professionellen Personenschutz durch erfahrene Experten. Unsere ma\u00dfgeschneiderten L\u00f6sungen minimieren Risiken und gew\u00e4hrleisten Diskretion, einschlie\u00dflich innovativer unsichtbarer Schutzmethoden. Mit internationaler Erfahrung sch\u00fctzen wir Gesch\u00e4ftsleute, Politiker und Delegationen zuverl\u00e4ssig und diskret. Kontaktieren Sie uns f\u00fcr eine individuelle Sicherheitsanalyse.","breadcrumb":{"@id":"https:\/\/matilan.at\/personenschutz#breadcrumb"},"inLanguage":"en-GB","potentialAction":[{"@type":"ReadAction","target":["https:\/\/matilan.at\/personenschutz"]}]},{"@type":"BreadcrumbList","@id":"https:\/\/matilan.at\/personenschutz#breadcrumb","itemListElement":[{"@type":"ListItem","position":1,"name":"Startseite","item":"https:\/\/matilan.at\/"},{"@type":"ListItem","position":2,"name":"Personenschutz"}]},{"@type":"WebSite","@id":"https:\/\/matilan.at\/#website","url":"https:\/\/matilan.at\/","name":"Ihr Sicherheitsexperte","description":"","potentialAction":[{"@type":"SearchAction","target":{"@type":"EntryPoint","urlTemplate":"https:\/\/matilan.at\/?s={search_term_string}"},"query-input":{"@type":"PropertyValueSpecification","valueRequired":true,"valueName":"search_term_string"}}],"inLanguage":"en-GB"}]}},"_links":{"self":[{"href":"https:\/\/matilan.at\/en\/wp-json\/wp\/v2\/pages\/116","targetHints":{"allow":["GET"]}}],"collection":[{"href":"https:\/\/matilan.at\/en\/wp-json\/wp\/v2\/pages"}],"about":[{"href":"https:\/\/matilan.at\/en\/wp-json\/wp\/v2\/types\/page"}],"author":[{"embeddable":true,"href":"https:\/\/matilan.at\/en\/wp-json\/wp\/v2\/users\/1"}],"replies":[{"embeddable":true,"href":"https:\/\/matilan.at\/en\/wp-json\/wp\/v2\/comments?post=116"}],"version-history":[{"count":71,"href":"https:\/\/matilan.at\/en\/wp-json\/wp\/v2\/pages\/116\/revisions"}],"predecessor-version":[{"id":5590,"href":"https:\/\/matilan.at\/en\/wp-json\/wp\/v2\/pages\/116\/revisions\/5590"}],"wp:attachment":[{"href":"https:\/\/matilan.at\/en\/wp-json\/wp\/v2\/media?parent=116"}],"curies":[{"name":"wp","href":"https:\/\/api.w.org\/{rel}","templated":true}]}}